{"id":12489,"date":"2017-07-06T22:55:06","date_gmt":"2017-07-06T22:55:06","guid":{"rendered":"http:\/\/www.pari-productions.com\/?page_id=12489"},"modified":"2017-11-30T22:54:35","modified_gmt":"2017-11-30T22:54:35","slug":"bollydance-akademie","status":"publish","type":"page","link":"https:\/\/www.pari-productions.com\/en\/bollydance-akademie\/","title":{"rendered":"BollyDance Academy ..."},"content":{"rendered":"<h2>Bollywood dance training at our Bollywood Academy<\/h2>\n<p>Anyone who wants to dance in Bollywood films should have a good education in this field. That is why there is the Bollywood Academy from Pari Production. Here Tatjana Wegner teaches according to her BollyDance concept and imparts the necessary knowledge to Bollywood dancers or Bollywood trainers. Graduates of this Bollywood dance training can then become permanent members of the BollyDance Company, be cast via Pari Production for Bollywood shows or Bollywood films or teach BollyDance in clubs and fitness clubs.<\/p>\n<h2>Bollywood Academy<\/h2>\n<p>What is behind our Bollywood dance education? The necessary information can be found here.<br \/>\n<a href=\"http:\/\/www.pari-productions.com\/en\/bollydance-akademie\/bollywood-akademie\/\" target=\"_self\">to the Bollywood Academy<\/a><\/p>\n<h2>The company<\/h2>\n<p>Dancing Bollywood shows as a professional is possible with our BollyDance Company.<br \/>\n<a href=\"http:\/\/www.pari-productions.com\/en\/bollydance-akademie\/die-company\/\" target=\"_self\">to the company<\/a><\/p>\n<h2>Bollywood Movies &amp; Music Videos<\/h2>\n<p>The BollyDance Company has worked on several Bollywood films. A selection can be found here.<br \/>\n<a target=\"_self\">to the Bollywood Movies &amp; Music Videos<\/a><\/p>\n<h2>Bollywood dance class<\/h2>\n<p>Have you always wanted to dance like in Bollywood films? Just visit a course with us!<br \/>\n<a href=\"http:\/\/www.pari-productions.com\/en\/bollydance-akademie\/bollywood-tanzkurs-free-download\/\" target=\"_self\">to the Bollywood dance course<\/a><\/p>\n<h2>Bollywood dance coach<\/h2>\n<p>BollyDance is a successful fitness concept. We train you to become a BollyDance trainer.<br \/>\n<a href=\"http:\/\/www.pari-productions.com\/en\/bollydance-akademie\/trainer-fuer-bollywoodtanz\/\" target=\"_self\">to trainer for Bollywood dance<\/a><\/p>\n<h2>Bollywood Dance DVD<\/h2>\n<p>Our BollyDance DVD takes you to Bollywood. Watch and dance, fun is guaranteed!<br \/>\n<a href=\"http:\/\/www.pari-productions.com\/en\/bollydance-akademie\/bollywood-dance-dvd\/\" target=\"_self\">to the Bollywood Dance DVD<\/a><\/p>\n<h2>Bollywood info<\/h2>\n<p>How did the Bollywood phenomenon come about? You can find interesting information here!<br \/>\n<a href=\"http:\/\/www.pari-productions.com\/en\/bollydance-akademie\/bollywood-infos\/\" target=\"_self\">to the Bollywood info<\/a><\/p>\n<h2>Show programs<\/h2>\n<p>If you want to book a Bollywood show, here are some examples of what that might look like.<br \/>\n<a href=\"http:\/\/www.pari-productions.com\/en\/bollydance-akademie\/bollywood-shows\/\" target=\"_self\">to the show programs<\/a><\/p>\n<h2>team<\/h2>\n<p>The heart of Pari Production is Tatjana Wegner, here you can find information about the team that supports her.<br \/>\n<a href=\"http:\/\/www.pari-productions.com\/en\/bollydance-akademie\/team\/\" target=\"_self\">to the team<\/a><\/p>","protected":false},"excerpt":{"rendered":"<p>Bollywood Tanzausbildung bei unserer Bollywood Akademie Alle die in Bollywoodfilmen tanzen m\u00f6chten, sollten \u00fcber eine gute Ausbildung in diesem Bereich verf\u00fcgen. Deshalb gibt es von Pari Production die Bollywood Akademie. Hier unterricchtet Tatjana Wegner nach ihrem BollyDance Konzept und vermittelt das notwendige Wissen an Bollywood T\u00e4nzer oder Bollywood Trainer. Absolventen dieser Bollywood Tanzausbildung k\u00f6nnen dann st\u00e4ndige Mitglieder der BollyDance Company werden, \u00fcber Pari Production f\u00fcr Bollywood Shows oder Bollywood Filme gecastet werden oder BollyDance in Vereinen und Fitness-Clubs unterrichten. Bollywood Akademie Was verbirgt sich hinter unserer Bollywood Tanzausbildung? Die n\u00f6tigen Informationen sind hier zu finden. zur Bollywood Akademie Die Company Bollywood Shows als Profi zu tanzen ist mit unserer BollyDance Company m\u00f6glich. zur Company Bollywood Filme &amp; Musik Videos Die BollyDance Company hat schon bei einigen Bollywoodfilmen mitgewirkt. Hier ist eine Auswahl zu finden. zu den Bollywood Filmen &amp; Musik Videos Bollywood Tanzkurs Wollten Sie schon immer einmal wie in Bollywoodfilmen tanzen. Besuchen Sie einfach einen Kurs bei uns! zum Bollywood Tanzkurs Trainer f\u00fcr Bollywoodtanz BollyDance ist ein erfolgreiches Fitness-Konzept. Wir bilden Sie zu einem BollyDance Trainer aus. zum Trainer f\u00fcr Bollywoodtanz Bollywood Dance DVD Unsere BollyDance-DVD entf\u00fchrt Sie nach Bollywood. Anschauen und nachtanzen, der Spass ist garantiert! zur Bollywood Dance DVD Bollywood Infos Wie entstand das Ph\u00e4nomen Bollywood. Interessante Informationen finden Sie hier! zu den Bollywood Infos Show Programme Falls Sie eine Bollywoodshow buchen m\u00f6chten, finden Sie hier einige Beispiele, wie das aussehen k\u00f6nnte. zu den Show Programmen Team Das Herz von Pari Production ist Tatjana Wegner, hier finden [&hellip;]<\/p>","protected":false},"author":1,"featured_media":13193,"parent":0,"menu_order":16,"comment_status":"closed","ping_status":"closed","template":"","meta":{"_exactmetrics_skip_tracking":false,"_exactmetrics_sitenote_active":false,"_exactmetrics_sitenote_note":"","_exactmetrics_sitenote_category":0,"spay_email":"","footnotes":"","_links_to":"","_links_to_target":""},"class_list":["post-12489","page","type-page","status-publish","has-post-thumbnail","hentry"],"jetpack_sharing_enabled":true,"jetpack_shortlink":"https:\/\/wp.me\/P8e50O-3fr","_links":{"self":[{"href":"https:\/\/www.pari-productions.com\/en\/wp-json\/wp\/v2\/pages\/12489","targetHints":{"allow":["GET"]}}],"collection":[{"href":"https:\/\/www.pari-productions.com\/en\/wp-json\/wp\/v2\/pages"}],"about":[{"href":"https:\/\/www.pari-productions.com\/en\/wp-json\/wp\/v2\/types\/page"}],"author":[{"embeddable":true,"href":"https:\/\/www.pari-productions.com\/en\/wp-json\/wp\/v2\/users\/1"}],"replies":[{"embeddable":true,"href":"https:\/\/www.pari-productions.com\/en\/wp-json\/wp\/v2\/comments?post=12489"}],"version-history":[{"count":10,"href":"https:\/\/www.pari-productions.com\/en\/wp-json\/wp\/v2\/pages\/12489\/revisions"}],"predecessor-version":[{"id":13214,"href":"https:\/\/www.pari-productions.com\/en\/wp-json\/wp\/v2\/pages\/12489\/revisions\/13214"}],"wp:featuredmedia":[{"embeddable":true,"href":"https:\/\/www.pari-productions.com\/en\/wp-json\/wp\/v2\/media\/13193"}],"wp:attachment":[{"href":"https:\/\/www.pari-productions.com\/en\/wp-json\/wp\/v2\/media?parent=12489"}],"curies":[{"name":"wp","href":"https:\/\/api.w.org\/{rel}","templated":true}]}}