{"id":12491,"date":"2017-07-06T22:56:09","date_gmt":"2017-07-06T22:56:09","guid":{"rendered":"http:\/\/www.pari-productions.com\/?page_id=12491"},"modified":"2026-01-22T12:58:25","modified_gmt":"2026-01-22T12:58:25","slug":"workshop-specials","status":"publish","type":"page","link":"https:\/\/www.pari-productions.com\/en\/workshop-specials\/","title":{"rendered":"Workshops &amp; Specials ..."},"content":{"rendered":"<p><strong>Dance at our Bollywood workshops<br \/>\n<\/strong><\/p>\n<p>BollyDance brings the best dancers from the film live to Hamburg for you! Take the unique chance to learn Bollywood dance in these workshops. We regularly invite dancers and choreographers who have already been seen at Bharati (the largest international Bollywood stage spectacle) and in many well-known Bollywood films to train with you in various dance studios. Workshops are planned in which original choreographies are rehearsed and possibly danced in pairs - also for male dancers. Registration and more detailed dates will be announced here. During the &quot;workshop-free&quot; times you can get in the mood for the current courses!<\/p>\n<p>&nbsp;<\/p>\n<p><strong>BOLLYDANCE\u00a0 TERMINE\u00a0<\/strong><\/p>\n<table class=\"kursplan\" border=\"1\" width=\"600\">\n<tbody>\n<tr>\n<td><\/td>\n<td>18:15-19:30 Dienstags<br \/>\n<a href=\"https:\/\/www.pari-productions.com\/en\/event\/ballett-workout\/1505844900\/\"><strong>BollyDance Workout<\/strong><\/a><br \/>\n<i>On Stage Winterhude<\/i><\/td>\n<\/tr>\n<\/tbody>\n<\/table>\n<p>&nbsp;<\/p>\n<p><a href=\"https:\/\/ladyfitness-schenefeld.de\/kursplan\/\"><strong>BollyDance\u00a0 <\/strong><\/a><i>Lady Fit Schenefeld 17:15-18:15.\u00a0<\/i><\/p>\n<p>&nbsp;<\/p>\n<p><img loading=\"lazy\" decoding=\"async\" class=\"alignnone wp-image-15163 size-large\" src=\"https:\/\/www.pari-productions.com\/wp-content\/uploads\/2022\/09\/Bildschirmfoto-2022-10-01-um-00.31.11-1024x565.png\" alt=\"\" width=\"888\" height=\"490\" srcset=\"https:\/\/www.pari-productions.com\/wp-content\/uploads\/2022\/09\/Bildschirmfoto-2022-10-01-um-00.31.11-1024x565.png 1024w, https:\/\/www.pari-productions.com\/wp-content\/uploads\/2022\/09\/Bildschirmfoto-2022-10-01-um-00.31.11-300x166.png 300w, https:\/\/www.pari-productions.com\/wp-content\/uploads\/2022\/09\/Bildschirmfoto-2022-10-01-um-00.31.11-200x110.png 200w, https:\/\/www.pari-productions.com\/wp-content\/uploads\/2022\/09\/Bildschirmfoto-2022-10-01-um-00.31.11-768x424.png 768w, https:\/\/www.pari-productions.com\/wp-content\/uploads\/2022\/09\/Bildschirmfoto-2022-10-01-um-00.31.11-1536x847.png 1536w, https:\/\/www.pari-productions.com\/wp-content\/uploads\/2022\/09\/Bildschirmfoto-2022-10-01-um-00.31.11-18x10.png 18w, https:\/\/www.pari-productions.com\/wp-content\/uploads\/2022\/09\/Bildschirmfoto-2022-10-01-um-00.31.11-1200x662.png 1200w, https:\/\/www.pari-productions.com\/wp-content\/uploads\/2022\/09\/Bildschirmfoto-2022-10-01-um-00.31.11.png 1914w\" sizes=\"auto, (max-width: 888px) 100vw, 888px\" \/><\/p>\n<h2><\/h2>\n<h2><strong>BollyDance Ausbildung\u00a0<\/strong><\/h2>\n<p>Bollywood Dance, Bhangra-und-Indian-Spirit T\u00e4nzer und Trainer-Ausbildung die auch als Einstieg in die Tanz Company und in die Casting Agentur erm\u00f6glicht:<\/p>\n<p>Lecturers: Tatjana Wegner (seminar leader), Gudrun M\u00e4rtens (Odissi), Alisa K\u00fchn (Kathak, Kushipudi, Bharata Natyam, Bhangra), Anna Grover (Bharata Natyam), Veronika Gorobinskaya, Laura van de Castel (fitness).<\/p>\n<p>Kosten:\u00a0 250,00 Euro zzgl. Mwst. je Seminar. Erm\u00e4\u00dfigt EUR 230,00 f\u00fcr Studenten. (Siehe auch Seminarbeschreibung)<br \/>\nTotal: \u20ac 1,250.00 plus 19 % VAT \u20ac 237.50<br \/>\nTotal: 1,487.50 \u20ac<\/p>\n<p>Seminar leader: Tatjana Wegner<br \/>\nTime: from 12 p.m. to 6 p.m.<br \/>\nContent:<a href=\"https:\/\/www.pari-productions.com\/en\/media\/pdf-downloads\/\">Download seminar description as .pdf<\/a><br \/>\nTarget group: talented, dancers, coaches, advanced dancers<br \/>\nRegistration: Participation only after prior registration.<br \/>\nAddress: LoCura Hamburg<\/p>\n<div class=\"su-row\"><\/div><div class=\"su-column su-column-size-1-3\"><div class=\"su-column-inner su-u-clearfix su-u-trim\"><div class=\"su-gmap su-u-responsive-media-yes\"><iframe loading=\"lazy\" width=\"600\" height=\"400\" src=\"\/\/maps.google.com\/maps?q=tarantella%20studio%2C%20hamburg&amp;output=embed\" title=\"\"><\/iframe><\/div><\/div><\/div>\n<div class=\"su-column su-column-size-1-3\"><div class=\"su-column-inner su-u-clearfix su-u-trim\"><div class=\"su-gmap su-u-responsive-media-yes\"><iframe loading=\"lazy\" width=\"600\" height=\"400\" src=\"\/\/maps.google.com\/maps?q=LoCura%2C%20hamburg&amp;output=embed\" title=\"\"><\/iframe><\/div><\/div><\/div>\n<h2><\/h2>\n<h2>Kathak dance workshop<\/h2>\n<p>Kathak is one of the classical Indian dance forms on which many Bollywood choreographies are based. Our workshop was led by the famous Bollywood choreographer Vijayshree Chaudhary. More information can be found here.<br \/>\n<a href=\"https:\/\/www.pari-productions.com\/en\/workshop-specials\/kathak-workshop-mit-bollywood-star\/\" target=\"_self\" rel=\"noopener\">to the Kathak dance workshop<\/a><br \/>\n<p>&nbsp;<\/p>\n<h2>Tribal Bellydance<\/h2>\n<p>This dance form is a unique body &amp; mind concept with a strong focus on belly dance techniques. Bindi Bolar is considered an important protagonist of this style and has been won over as a lecturer for the BollyDance Academy. More information can be found here.<br \/>\n<a href=\"https:\/\/www.pari-productions.com\/en\/workshop-specials\/tribal-bellydance\/\" target=\"_self\" rel=\"noopener\">to Tribal Bellydance<\/a><br \/>\n<p>&nbsp;<\/p>\n<h2>Bollywood workshops in Goa<\/h2>\n<p>Learn Bollywood Dance in India! In the meantime, Tatjana Wegner offers dance workshops in Goa every year in cooperation with the Samata Retreat Center near Arambol. Contents are Indian dance styles, Bhangra (folklore) and Bollywood dance and Indian teachers also teach. More information can be found here.<br \/>\n<a href=\"https:\/\/www.pari-productions.com\/en\/workshop-specials\/bollywood-workshops-auf-goa\/\" target=\"_self\" rel=\"noopener\">to Bollywood workshops in Goa<\/a><br \/>\n<p>&nbsp;<\/p>\n<h2>Workshops in Tulum \/ Mexico<\/h2>\n<p>Why not take a wellness vacation in Mexico? Wellness workshops with Tatjana Wegner can be booked in the Healing House in Tulum near the Yucatan. The yoga units, which alternate with dance training for Bollywood dance or Mayan dances, serve to relax. You can find more information here:<br \/>\n<a href=\"https:\/\/www.pari-productions.com\/en\/workshop-specials\/yoga-workshops-in-tulum\/\" target=\"_self\" rel=\"noopener\">to the workshops in Tulum \/ Mexico<\/a><br \/>\n<p>&nbsp;<\/p>\n<h2>Archive workshops<\/h2>\n<p>All workshops that were offered in the BollyDance Academy can be found here with detailed descriptions.<br \/>\n<a href=\"https:\/\/www.pari-productions.com\/en\/workshop-specials\/archiv-bollwood-tanz-workshops\/\" target=\"_self\" rel=\"noopener\">to the workshop archive<\/a><br \/>\n<p>&nbsp;<\/p>\n<h2>The specialists in Indian dance<\/h2>\n<p>In our BollyDance Academy, many internationally known lecturers have now been hired. All are presented here.<br \/>\n<a href=\"https:\/\/www.pari-productions.com\/en\/workshop-specials\/das-bollydance-ausbildungs-team\/\" target=\"_self\" rel=\"noopener\">to the specialists in Indian dance<\/a><br \/>\n<p>&nbsp;<\/p>","protected":false},"excerpt":{"rendered":"<p>Tanzen bei unserem Bollywood Workshops BollyDance bringt die besten T\u00e4nzer aus dem Film f\u00fcr Euch live nach Hamburg! Nutzt die einmalige Chance in diesen Workshops f\u00fcr Bollywood Tanz zu lernen. Regelm\u00e4\u00dfig laden wir T\u00e4nzer und Choreografen ein, die schon bei Bharati (dem gr\u00f6\u00dften internationalen Bollywood B\u00fchnenspektakel) und in vielen bekannten Bollywood Filmen zu sehen waren, um mit Euch in verschiedenen Tanzstudios trainieren.\u2028\u2028 Geplant sind Workshops bei denen original Choreografien einstudiert werden und eventuell in Paaren &#8211; also auch f\u00fcr m\u00e4nnliche T\u00e4nzer &#8211; getanzt werden sollen. Anmeldung und genauere Daten werden hier bekannt gegeben.\u2028\u2028 Zu \u201eworkshopfreien\u201c Zeiten k\u00f6nnt ihr Euch in den laufenden Kursen schon mal darauf einstimmen! &nbsp; BOLLYDANCE\u00a0 TERMINE\u00a0 18:15-19:30 Dienstags BollyDance Workout On Stage Winterhude &nbsp; BollyDance\u00a0 Lady Fit Schenefeld 17:15-18:15.\u00a0 &nbsp; BollyDance Ausbildung\u00a0 Bollywood Dance, Bhangra-und-Indian-Spirit T\u00e4nzer und Trainer-Ausbildung die auch als Einstieg in die Tanz Company und in die Casting Agentur erm\u00f6glicht: Dozenten: Tatjana Wegner ( Seminar Leitung ) , Gudrun M\u00e4rtens ( Odissi ), Alisa K\u00fchn ( Kathak, Kushipudi , Bharata Natyam, Bhangra ), Anna Grover ( Bharata Natyam ), Veronika Gorobinskaya, Laura van de Castel ( Fitness ). Kosten:\u00a0 250,00 Euro zzgl. Mwst. je Seminar. Erm\u00e4\u00dfigt EUR 230,00 f\u00fcr Studenten. (Siehe auch Seminarbeschreibung) Gesamt Summe :\u00a0 1. 250,00 \u20ac zzgl. 19 % MwSt. 237, 50 \u20ac Endsumme: 1.487,50 \u20ac Seminarleitung:\u2028Tatjana Wegner Uhrzeit: von 12 bis 18 Uhr Inhalt:\u2028Seminarbeschreibung als .pdf herunterladen Zielgruppe:\u2028 Talentierte, T\u00e4nzer, Trainer, fortgeschrittene T\u00e4nzer Anmeldung:\u2028 Teilnahme nur nach vorheriger Anmeldung. Adresse: LoCura Hamburg Kathak Tanz Workshop Kathak ist eine der klassischen [&hellip;]<\/p>","protected":false},"author":1,"featured_media":13191,"parent":0,"menu_order":17,"comment_status":"closed","ping_status":"closed","template":"","meta":{"_exactmetrics_skip_tracking":false,"_exactmetrics_sitenote_active":false,"_exactmetrics_sitenote_note":"","_exactmetrics_sitenote_category":0,"spay_email":"","footnotes":"","_links_to":"","_links_to_target":""},"class_list":["post-12491","page","type-page","status-publish","has-post-thumbnail","hentry"],"jetpack_sharing_enabled":true,"jetpack_shortlink":"https:\/\/wp.me\/P8e50O-3ft","_links":{"self":[{"href":"https:\/\/www.pari-productions.com\/en\/wp-json\/wp\/v2\/pages\/12491","targetHints":{"allow":["GET"]}}],"collection":[{"href":"https:\/\/www.pari-productions.com\/en\/wp-json\/wp\/v2\/pages"}],"about":[{"href":"https:\/\/www.pari-productions.com\/en\/wp-json\/wp\/v2\/types\/page"}],"author":[{"embeddable":true,"href":"https:\/\/www.pari-productions.com\/en\/wp-json\/wp\/v2\/users\/1"}],"replies":[{"embeddable":true,"href":"https:\/\/www.pari-productions.com\/en\/wp-json\/wp\/v2\/comments?post=12491"}],"version-history":[{"count":27,"href":"https:\/\/www.pari-productions.com\/en\/wp-json\/wp\/v2\/pages\/12491\/revisions"}],"predecessor-version":[{"id":16471,"href":"https:\/\/www.pari-productions.com\/en\/wp-json\/wp\/v2\/pages\/12491\/revisions\/16471"}],"wp:featuredmedia":[{"embeddable":true,"href":"https:\/\/www.pari-productions.com\/en\/wp-json\/wp\/v2\/media\/13191"}],"wp:attachment":[{"href":"https:\/\/www.pari-productions.com\/en\/wp-json\/wp\/v2\/media?parent=12491"}],"curies":[{"name":"wp","href":"https:\/\/api.w.org\/{rel}","templated":true}]}}