{"id":12493,"date":"2017-07-06T22:57:19","date_gmt":"2017-07-06T22:57:19","guid":{"rendered":"http:\/\/www.pari-productions.com\/?page_id=12493"},"modified":"2017-11-30T22:59:27","modified_gmt":"2017-11-30T22:59:27","slug":"referenzen","status":"publish","type":"page","link":"https:\/\/www.pari-productions.com\/en\/referenzen\/","title":{"rendered":"Credentials\u2026"},"content":{"rendered":"<p><strong>References and events<\/strong><br \/>\nwe are a trendsetter when it comes to Bollywood. To see how wide our offer is, you can find the references from Pari Productions here.<\/p>\n<p>Our references are arranged according to Bollywood shows, other dance shows and events and our casting references. So you can find exactly what you are looking for.<\/p>\n<h2>Bollywood dance shows<\/h2>\n<p>Here you will find big stage shows that were presented with the BollyDance Company.<br \/>\n<a href=\"http:\/\/www.pari-productions.com\/en\/referenzen\/bollywood-danceshows\/\" target=\"_self\">to the Bollywood dance shows<\/a><\/p>\n<h2>Show appearances &amp; events by Pari Productions<\/h2>\n<p>The BollyDance Company makes numerous appearances for private parties and events. The exact list can be found here.<br \/>\n<a href=\"http:\/\/www.pari-productions.com\/en\/referenzen\/showauftritte\/\" target=\"_self\">to the shows &amp; events of Pari Productions<\/a><\/p>\n<h2>References casting<\/h2>\n<p>Pari Productions finds actors for major Bollywood shows and Bollywood films. Successful castings can be found here.<br \/>\n<a href=\"http:\/\/www.pari-productions.com\/en\/referenzen\/unsere-castings\/\" target=\"_self\">to the casting references<\/a><\/p>","protected":false},"excerpt":{"rendered":"<p>Referenzen und Events wir sind ein eine Trendsetter in Sachen Bollywood. Um zu sehen wie breit unser Angebot ist, finden Sie hier die Refernzen von Pari Productions. Unsere Referenzen sind geordnet nach Bollywoodshows, andere Tanzshows und Events und unsere Castingreferenzen. So finden Sie genau das wonach Sie suchen. Bollywood Danceshows Hier finden sich gro\u00dfe B\u00fchnenshows, die mit der BollyDance Company pr\u00e4sentiert wurden. zu den Bollywood Danceshows Showauftritte &#038; Events von Pari Productions Die BollyDance Company absolviert zahlreiche Auftritte f\u00fcr Privatparties und Events. Die genaue Auflistung ist hier zu finden. zu den Showauftritten &#038; Events von Pari Productions Referenzen Casting Pari Productions findet Darsteller f\u00fcr gro\u00dfe Bollywood Shows und Bollywood Filme. Erfolgreiche Castings sind hier zu finden. zu den Casting Referenzen<\/p>","protected":false},"author":1,"featured_media":12748,"parent":0,"menu_order":34,"comment_status":"closed","ping_status":"closed","template":"","meta":{"_exactmetrics_skip_tracking":false,"_exactmetrics_sitenote_active":false,"_exactmetrics_sitenote_note":"","_exactmetrics_sitenote_category":0,"spay_email":"","footnotes":"","_links_to":"","_links_to_target":""},"class_list":["post-12493","page","type-page","status-publish","has-post-thumbnail","hentry"],"jetpack_sharing_enabled":true,"jetpack_shortlink":"https:\/\/wp.me\/P8e50O-3fv","_links":{"self":[{"href":"https:\/\/www.pari-productions.com\/en\/wp-json\/wp\/v2\/pages\/12493","targetHints":{"allow":["GET"]}}],"collection":[{"href":"https:\/\/www.pari-productions.com\/en\/wp-json\/wp\/v2\/pages"}],"about":[{"href":"https:\/\/www.pari-productions.com\/en\/wp-json\/wp\/v2\/types\/page"}],"author":[{"embeddable":true,"href":"https:\/\/www.pari-productions.com\/en\/wp-json\/wp\/v2\/users\/1"}],"replies":[{"embeddable":true,"href":"https:\/\/www.pari-productions.com\/en\/wp-json\/wp\/v2\/comments?post=12493"}],"version-history":[{"count":8,"href":"https:\/\/www.pari-productions.com\/en\/wp-json\/wp\/v2\/pages\/12493\/revisions"}],"predecessor-version":[{"id":13216,"href":"https:\/\/www.pari-productions.com\/en\/wp-json\/wp\/v2\/pages\/12493\/revisions\/13216"}],"wp:featuredmedia":[{"embeddable":true,"href":"https:\/\/www.pari-productions.com\/en\/wp-json\/wp\/v2\/media\/12748"}],"wp:attachment":[{"href":"https:\/\/www.pari-productions.com\/en\/wp-json\/wp\/v2\/media?parent=12493"}],"curies":[{"name":"wp","href":"https:\/\/api.w.org\/{rel}","templated":true}]}}