{"id":12495,"date":"2017-07-06T22:58:14","date_gmt":"2017-07-06T22:58:14","guid":{"rendered":"http:\/\/www.pari-productions.com\/?page_id=12495"},"modified":"2017-11-30T23:01:31","modified_gmt":"2017-11-30T23:01:31","slug":"casting-agentur","status":"publish","type":"page","link":"https:\/\/www.pari-productions.com\/en\/casting-agentur\/","title":{"rendered":"Casting agency ..."},"content":{"rendered":"<h2>Casting in Hamburg - it&#039;s worth applying<\/h2>\n<p>We are always looking for actors and dancers for Bollywood productions. All information and dates for castings in Hamburg can be found here.<br \/>\n<a href=\"http:\/\/www.pari-productions.com\/en\/casting-agentur\/casting-in-hamburg\/\" target=\"_self\">to the castings in Hamburg<\/a><\/p>\n<h2>Bollywood actors get synapsed with Bollywood<\/h2>\n<p>Bollywood films are characterized by a very emotional presentation style. That is why we also offer acting training that is directly tailored to Bollywood. You can find the information here!<br \/>\n<a href=\"http:\/\/www.pari-productions.com\/en\/casting-agentur\/bollywood-schauspieler-werden\/\" target=\"_self\">to the Bollywood actors<\/a><\/p>\n<h2>Bollywood costumes for hire<\/h2>\n<p>With Bollywod everyone associates colorful costumes and exotic backdrops. For this reason Pari Productions offers a special costume rental with real Indian costumes for Bollywood productions.<br \/>\n<a href=\"http:\/\/www.pari-productions.com\/en\/casting-agentur\/bollywoodkostueme-im-verleih\/\" target=\"_self\">to the Bollywood costume rental<\/a><\/p>","protected":false},"excerpt":{"rendered":"<p>Casting in Hamburg \u2013 Bewerben lohnt sich Wir suchen immer wieder Darsteller und T\u00e4nzer f\u00fcr Bollywoodproduktionen. Hier sind alle Informationen und Termine f\u00fcr Castings in Hamburg zu finden. zu den Castings in Hamburg Bollywood Schauspieler werden mit Bollywood Synapsing Bollywoodfilme zeichnen sich durch einen sehr emotionalen Darstellungsstil aus. Deshalb bieten wir auch eine direkt auf Bollywood zugeschnittene Schauspielausbildung an. Die Informationen finden Sie hier! zu den Bollywood Schauspielern Bollywoodkost\u00fcme im Verleih Mit Bollywod verbindet jeder farbenfrohe Kost\u00fcme und exotische Kulissen. Aus diesem Grund bietet Pari Productions einen besonderen Kost\u00fcmverleih mit echt indischen Kost\u00fcmen f\u00fcr Bollywood Produktionen an. zum Bollywoodkost\u00fcm-Verleih<\/p>","protected":false},"author":1,"featured_media":13194,"parent":0,"menu_order":35,"comment_status":"closed","ping_status":"closed","template":"","meta":{"_exactmetrics_skip_tracking":false,"_exactmetrics_sitenote_active":false,"_exactmetrics_sitenote_note":"","_exactmetrics_sitenote_category":0,"spay_email":"","footnotes":"","_links_to":"","_links_to_target":""},"class_list":["post-12495","page","type-page","status-publish","has-post-thumbnail","hentry"],"jetpack_sharing_enabled":true,"jetpack_shortlink":"https:\/\/wp.me\/P8e50O-3fx","_links":{"self":[{"href":"https:\/\/www.pari-productions.com\/en\/wp-json\/wp\/v2\/pages\/12495","targetHints":{"allow":["GET"]}}],"collection":[{"href":"https:\/\/www.pari-productions.com\/en\/wp-json\/wp\/v2\/pages"}],"about":[{"href":"https:\/\/www.pari-productions.com\/en\/wp-json\/wp\/v2\/types\/page"}],"author":[{"embeddable":true,"href":"https:\/\/www.pari-productions.com\/en\/wp-json\/wp\/v2\/users\/1"}],"replies":[{"embeddable":true,"href":"https:\/\/www.pari-productions.com\/en\/wp-json\/wp\/v2\/comments?post=12495"}],"version-history":[{"count":7,"href":"https:\/\/www.pari-productions.com\/en\/wp-json\/wp\/v2\/pages\/12495\/revisions"}],"predecessor-version":[{"id":13217,"href":"https:\/\/www.pari-productions.com\/en\/wp-json\/wp\/v2\/pages\/12495\/revisions\/13217"}],"wp:featuredmedia":[{"embeddable":true,"href":"https:\/\/www.pari-productions.com\/en\/wp-json\/wp\/v2\/media\/13194"}],"wp:attachment":[{"href":"https:\/\/www.pari-productions.com\/en\/wp-json\/wp\/v2\/media?parent=12495"}],"curies":[{"name":"wp","href":"https:\/\/api.w.org\/{rel}","templated":true}]}}