{"id":12503,"date":"2017-07-06T23:02:16","date_gmt":"2017-07-06T23:02:16","guid":{"rendered":"http:\/\/www.pari-productions.com\/?page_id=12503"},"modified":"2017-12-19T18:54:04","modified_gmt":"2017-12-19T18:54:04","slug":"presse","status":"publish","type":"page","link":"https:\/\/www.pari-productions.com\/en\/presse\/","title":{"rendered":"Press\u2026"},"content":{"rendered":"<p><strong>Pari Produtions in the media<\/strong><br \/>\nHere you can find Pari Productions in the press. The most beautiful articles in different media about our work.<br \/>\n<p>&nbsp;<\/p>\n<h2>Downloads<\/h2>\n<p>Many performances and workshops by Pari Productions. Numerous flyers can be found here as well as all the forms for our courses and the agency.<br \/>\n<a href=\"http:\/\/www.pari-productions.com\/en\/presse\/downloads\/\" target=\"_self\">to the downloads<\/a><\/p>\n<h2>Bollywood in the media and more<\/h2>\n<p>Press work is part of it. That&#039;s why we&#039;re always happy to receive great press reports. You can find a selection here.<br \/>\n<a href=\"http:\/\/www.pari-productions.com\/en\/check-menu\/bollywood-in-den-medien\/\" target=\"_self\">about Bollywood in the media<\/a><\/p>","protected":false},"excerpt":{"rendered":"<p>Pari Produtions im Medienecho Hier findet Ihr Pari Productions in der Presse. Die sch\u00f6nsten Beitr\u00e4ge in unterschiedlichen Medien \u00fcber unsere Arbeit. Downloads Viele Auftritte und Workshops von Pari Productions. Hier sind zahlreiche Flyer zu finden genauso wie alle Formulare zu unseren Kursen und der Agentur. zu den Downloads Bollywood in den Medien und mehr Pressearbeit geh\u00f6rt dazu. Deshalb freuen wir uns immer wieder \u00fcber tolle Presseberichte. Hier findet Ihr eine Auswahl. zu Bollywood in den Medien<\/p>","protected":false},"author":1,"featured_media":13201,"parent":0,"menu_order":40,"comment_status":"closed","ping_status":"closed","template":"","meta":{"_exactmetrics_skip_tracking":false,"_exactmetrics_sitenote_active":false,"_exactmetrics_sitenote_note":"","_exactmetrics_sitenote_category":0,"spay_email":"","footnotes":"","_links_to":"","_links_to_target":""},"class_list":["post-12503","page","type-page","status-publish","has-post-thumbnail","hentry"],"jetpack_sharing_enabled":true,"jetpack_shortlink":"https:\/\/wp.me\/P8e50O-3fF","_links":{"self":[{"href":"https:\/\/www.pari-productions.com\/en\/wp-json\/wp\/v2\/pages\/12503","targetHints":{"allow":["GET"]}}],"collection":[{"href":"https:\/\/www.pari-productions.com\/en\/wp-json\/wp\/v2\/pages"}],"about":[{"href":"https:\/\/www.pari-productions.com\/en\/wp-json\/wp\/v2\/types\/page"}],"author":[{"embeddable":true,"href":"https:\/\/www.pari-productions.com\/en\/wp-json\/wp\/v2\/users\/1"}],"replies":[{"embeddable":true,"href":"https:\/\/www.pari-productions.com\/en\/wp-json\/wp\/v2\/comments?post=12503"}],"version-history":[{"count":10,"href":"https:\/\/www.pari-productions.com\/en\/wp-json\/wp\/v2\/pages\/12503\/revisions"}],"predecessor-version":[{"id":13423,"href":"https:\/\/www.pari-productions.com\/en\/wp-json\/wp\/v2\/pages\/12503\/revisions\/13423"}],"wp:featuredmedia":[{"embeddable":true,"href":"https:\/\/www.pari-productions.com\/en\/wp-json\/wp\/v2\/media\/13201"}],"wp:attachment":[{"href":"https:\/\/www.pari-productions.com\/en\/wp-json\/wp\/v2\/media?parent=12503"}],"curies":[{"name":"wp","href":"https:\/\/api.w.org\/{rel}","templated":true}]}}