{"id":14265,"date":"2019-04-20T16:21:03","date_gmt":"2019-04-20T16:21:03","guid":{"rendered":"http:\/\/www.pari-productions.com\/?page_id=14265"},"modified":"2026-01-22T13:12:42","modified_gmt":"2026-01-22T13:12:42","slug":"bollydance-workshop","status":"publish","type":"page","link":"https:\/\/www.pari-productions.com\/en\/workshop-specials\/bollydance-workshop\/","title":{"rendered":"Bolly Dance Workshop"},"content":{"rendered":"<p><strong>BollyDance Workshop &#8211; Ein Mal im Monat eine Reise in die indische Tanzwelt<\/strong><\/p>\n<p>BollyDance ist ein bewegungsorientiertes Workout. Getanzt wird zu moderner indischer Musik. Indische Tradition verschmilzt mit westlicher Bewegungskultur zu einem faszinierenden ganzheitlichen Gruppen-Fitness Kurs. Diese lebensbejahende Tanzweise ist eine Mischung (Masala) aus indischem Tempeltanz, Jazz \/ Modern Dance, orientalischem Tanz, Bhangra-Beat und HipHop \u2013 zu einer Musik, die einfach ins Blut geht.<\/p>\n<p><strong>Was Euch erwartet:<\/strong><\/p>\n<p>Eine Einf\u00fchrung in die indische Kultur, Tradition und Popul\u00e4rmusik<\/p>\n<p>Warm-up: Bollywood-Fitness \/ Indian Spirit<\/p>\n<p>Ein\u00fcbung der Basisformen<\/p>\n<p>Vorstellung, Verst\u00e4ndnis und Einsatz der Mudras (Handgesten) und Adavus (Fu\u00dftechniken)<\/p>\n<p>Erarbeitung von Choreografien in Sequenzen<\/p>\n<p>Da wir die Choreografien in Sequenzen erarbeiten, ist der Einstieg jederzeit m\u00f6glich. Neue Teilnehmer sind herzlich willkommen.<\/p>\n<p>&nbsp;<\/p>\n<p>&nbsp;<\/p>\n<h2><strong>N\u00c4CHSTE TERMINE: am 11.04, 16.05, 06.06, 27.06, 15.08, 10.10, 14.11, 5.12. 2025<br \/>\n<\/strong><\/h2>\n<p><strong>Time:<\/strong><br \/>\n15:30 -18:30 Uhr<\/p>\n<p><strong>Who can take part?<\/strong><br \/>\nFor all people with and without previous dance skills<\/p>\n<p><strong>How can I participate?<\/strong><br \/>\nParticipation only after prior registration<\/p>\n<p><strong>Where does the workshop take place?<\/strong><br \/>\nOn Stage Winterhude ( vorrausischtlich )<\/p>\n<p><strong>Total<\/strong><br \/>\n50,00 \u20ac (inkl. MwSt)<\/p>\n<p><strong>Kursleitung\/Dozenten:<\/strong><\/p>\n<p>Tatjana Wegner<br \/>\nRen\u00e9 Schlicht<br \/>\nImane Safer<\/p>\n<h2><\/h2>\n<h2><strong>Am 18-19.04.2026 haben wir einen Gast Dozent aus Indien, Pushkar: Hemant Devara<\/strong><\/h2>\n<p><strong>Hemant Devara ist endlich wieder in Hamburg! Von 18-19.04.2026 findet ein sehr vielseitiger Bollywood Fusion Dance Workshop mit den derzeit angesagtesten Choreografen aus Pushkar\/Rajastan statt. Wir lernen eine komplette Choreografie zu Sakal Ban ( Heeramandi ) sowie ein traditionelles Medley mit \u201c Kamariya\/Fakeeran\/Ghaziabad ki Rani \u201e! Au\u00dferdem lernen wir ein \u201cShri Devi\u201c Medley mit ihren besten Songs. Teilt uns eure W\u00fcnsche bis zum 01.04.2026. Die Pl\u00e4tze sind begrenzt.<\/strong><\/p>\n<h2><strong><img loading=\"lazy\" decoding=\"async\" class=\"alignnone wp-image-16044 size-full\" src=\"https:\/\/www.pari-productions.com\/wp-content\/uploads\/2024\/04\/WhatsApp-Image-2024-04-07-at-14.58.31.jpeg\" alt=\"\" width=\"841\" height=\"841\" srcset=\"https:\/\/www.pari-productions.com\/wp-content\/uploads\/2024\/04\/WhatsApp-Image-2024-04-07-at-14.58.31.jpeg 841w, https:\/\/www.pari-productions.com\/wp-content\/uploads\/2024\/04\/WhatsApp-Image-2024-04-07-at-14.58.31-300x300.jpeg 300w, https:\/\/www.pari-productions.com\/wp-content\/uploads\/2024\/04\/WhatsApp-Image-2024-04-07-at-14.58.31-200x200.jpeg 200w, https:\/\/www.pari-productions.com\/wp-content\/uploads\/2024\/04\/WhatsApp-Image-2024-04-07-at-14.58.31-768x768.jpeg 768w, https:\/\/www.pari-productions.com\/wp-content\/uploads\/2024\/04\/WhatsApp-Image-2024-04-07-at-14.58.31-12x12.jpeg 12w\" sizes=\"auto, (max-width: 841px) 100vw, 841px\" \/><\/strong><\/h2>\n<p>&nbsp;<\/p>\n<p><strong>Time:<\/strong><br \/>\n15:00 -17:00 Uhr und 18:00- 20:00<\/p>\n<p><strong>Who can take part?<\/strong><br \/>\nFor all people with and without previous dance skills<\/p>\n<p><strong>How can I participate?<\/strong><br \/>\nParticipation only after prior registration<\/p>\n<p><strong>Where does the workshop take place?<\/strong><br \/>\nOn Stage Winterhude<\/p>\n<p><strong>Total<\/strong><br \/>\n130,00 \u20ac (inkl. MwSt) pro Tag<\/p>\n<p><strong>Kursleitung\/Dozenten:<\/strong><\/p>\n<p>Hemant Devara<\/p>\n<h2><\/h2>\n<h2><span style=\"color: #0000ff;\"><strong><span style=\"color: #333333;\">Am 06.05.2023 hatten wir eine Gast Dozentin aus Indien: Unmukta Sinha<\/span><br \/>\n<\/strong><\/span><\/h2>\n<p><strong><img loading=\"lazy\" decoding=\"async\" class=\"alignnone wp-image-15530\" src=\"https:\/\/www.pari-productions.com\/wp-content\/uploads\/2023\/04\/WhatsApp-Image-2023-04-09-at-14.54.02-141x200.jpeg\" alt=\"\" width=\"234\" height=\"332\" srcset=\"https:\/\/www.pari-productions.com\/wp-content\/uploads\/2023\/04\/WhatsApp-Image-2023-04-09-at-14.54.02-141x200.jpeg 141w, https:\/\/www.pari-productions.com\/wp-content\/uploads\/2023\/04\/WhatsApp-Image-2023-04-09-at-14.54.02-212x300.jpeg 212w, https:\/\/www.pari-productions.com\/wp-content\/uploads\/2023\/04\/WhatsApp-Image-2023-04-09-at-14.54.02-724x1024.jpeg 724w, https:\/\/www.pari-productions.com\/wp-content\/uploads\/2023\/04\/WhatsApp-Image-2023-04-09-at-14.54.02-768x1086.jpeg 768w, https:\/\/www.pari-productions.com\/wp-content\/uploads\/2023\/04\/WhatsApp-Image-2023-04-09-at-14.54.02-1086x1536.jpeg 1086w, https:\/\/www.pari-productions.com\/wp-content\/uploads\/2023\/04\/WhatsApp-Image-2023-04-09-at-14.54.02-8x12.jpeg 8w, https:\/\/www.pari-productions.com\/wp-content\/uploads\/2023\/04\/WhatsApp-Image-2023-04-09-at-14.54.02-300x424.jpeg 300w, https:\/\/www.pari-productions.com\/wp-content\/uploads\/2023\/04\/WhatsApp-Image-2023-04-09-at-14.54.02.jpeg 1131w\" sizes=\"auto, (max-width: 234px) 100vw, 234px\" \/><\/strong><\/p>\n<p><strong>Time:<\/strong><br \/>\n15:30 -18:30 Uhr<\/p>\n<p><strong>Who can take part?<\/strong><br \/>\nFor all people with and without previous dance skills<\/p>\n<p><strong>How can I participate?<\/strong><br \/>\nParticipation only after prior registration<\/p>\n<p><strong>Where does the workshop take place?<\/strong><br \/>\nOn Stage Winterhude<\/p>\n<p><strong>Total<\/strong><br \/>\n50,00 \u20ac (inkl. MwSt)<\/p>\n<p><strong>Kursleitung\/Dozenten:<\/strong><\/p>\n<p>Unmukta Sinha<\/p>\n<p>&nbsp;<\/p>","protected":false},"excerpt":{"rendered":"<p>BollyDance Workshop &#8211; Ein Mal im Monat eine Reise in die indische Tanzwelt BollyDance ist ein bewegungsorientiertes Workout. Getanzt wird zu moderner indischer Musik. Indische Tradition verschmilzt mit westlicher Bewegungskultur zu einem faszinierenden ganzheitlichen Gruppen-Fitness Kurs. Diese lebensbejahende Tanzweise ist eine Mischung (Masala) aus indischem Tempeltanz, Jazz \/ Modern Dance, orientalischem Tanz, Bhangra-Beat und HipHop \u2013 zu einer Musik, die einfach ins Blut geht. Was Euch erwartet: Eine Einf\u00fchrung in die indische Kultur, Tradition und Popul\u00e4rmusik Warm-up: Bollywood-Fitness \/ Indian Spirit Ein\u00fcbung der Basisformen Vorstellung, Verst\u00e4ndnis und Einsatz der Mudras (Handgesten) und Adavus (Fu\u00dftechniken) Erarbeitung von Choreografien in Sequenzen Da wir die Choreografien in Sequenzen erarbeiten, ist der Einstieg jederzeit m\u00f6glich. Neue Teilnehmer sind herzlich willkommen. &nbsp; &nbsp; N\u00c4CHSTE TERMINE: am 11.04, 16.05, 06.06, 27.06, 15.08, 10.10, 14.11, 5.12. 2025 Uhrzeit: 15:30 -18:30 Uhr Wer kann mitmachen? F\u00fcr alle Personen mit und ohne t\u00e4nzerische Vorkentnisse Wie kann ich teilnehmen? Teilnahme nur nach vorheriger Anmeldung Wo findet der Workshop statt? On Stage Winterhude ( vorrausischtlich ) Gesamtsumme 50,00 \u20ac (inkl. MwSt) Kursleitung\/Dozenten: Tatjana Wegner Ren\u00e9 Schlicht Imane Safer Am 18-19.04.2026 haben wir einen Gast Dozent aus Indien, Pushkar: Hemant Devara Hemant Devara ist endlich wieder in Hamburg! Von 18-19.04.2026 findet ein sehr vielseitiger Bollywood Fusion Dance Workshop mit den derzeit angesagtesten Choreografen aus Pushkar\/Rajastan statt. Wir lernen eine komplette Choreografie zu Sakal Ban ( Heeramandi ) sowie ein traditionelles Medley mit \u201c Kamariya\/Fakeeran\/Ghaziabad ki Rani \u201e! Au\u00dferdem lernen wir ein \u201cShri Devi\u201c Medley mit ihren besten Songs. Teilt uns eure W\u00fcnsche [&hellip;]<\/p>","protected":false},"author":1,"featured_media":15133,"parent":12491,"menu_order":0,"comment_status":"closed","ping_status":"closed","template":"","meta":{"_exactmetrics_skip_tracking":false,"_exactmetrics_sitenote_active":false,"_exactmetrics_sitenote_note":"","_exactmetrics_sitenote_category":0,"spay_email":"","footnotes":"","_links_to":"","_links_to_target":""},"class_list":["post-14265","page","type-page","status-publish","has-post-thumbnail","hentry"],"jetpack_sharing_enabled":true,"jetpack_shortlink":"https:\/\/wp.me\/P8e50O-3I5","_links":{"self":[{"href":"https:\/\/www.pari-productions.com\/en\/wp-json\/wp\/v2\/pages\/14265","targetHints":{"allow":["GET"]}}],"collection":[{"href":"https:\/\/www.pari-productions.com\/en\/wp-json\/wp\/v2\/pages"}],"about":[{"href":"https:\/\/www.pari-productions.com\/en\/wp-json\/wp\/v2\/types\/page"}],"author":[{"embeddable":true,"href":"https:\/\/www.pari-productions.com\/en\/wp-json\/wp\/v2\/users\/1"}],"replies":[{"embeddable":true,"href":"https:\/\/www.pari-productions.com\/en\/wp-json\/wp\/v2\/comments?post=14265"}],"version-history":[{"count":39,"href":"https:\/\/www.pari-productions.com\/en\/wp-json\/wp\/v2\/pages\/14265\/revisions"}],"predecessor-version":[{"id":16473,"href":"https:\/\/www.pari-productions.com\/en\/wp-json\/wp\/v2\/pages\/14265\/revisions\/16473"}],"up":[{"embeddable":true,"href":"https:\/\/www.pari-productions.com\/en\/wp-json\/wp\/v2\/pages\/12491"}],"wp:featuredmedia":[{"embeddable":true,"href":"https:\/\/www.pari-productions.com\/en\/wp-json\/wp\/v2\/media\/15133"}],"wp:attachment":[{"href":"https:\/\/www.pari-productions.com\/en\/wp-json\/wp\/v2\/media?parent=14265"}],"curies":[{"name":"wp","href":"https:\/\/api.w.org\/{rel}","templated":true}]}}