{"id":14268,"date":"2019-04-20T16:22:49","date_gmt":"2019-04-20T16:22:49","guid":{"rendered":"http:\/\/www.pari-productions.com\/?page_id=14268"},"modified":"2026-01-22T14:34:21","modified_gmt":"2026-01-22T14:34:21","slug":"therapeutisches-ballett","status":"publish","type":"page","link":"https:\/\/www.pari-productions.com\/en\/workshop-specials\/therapeutisches-ballett\/","title":{"rendered":"Therapeutic ballet"},"content":{"rendered":"<p><strong>Therapeutic ballet ...<\/strong><\/p>\n<p>The technique of classical ballet consists of fixed, structured and ordered forms. Contrary to the more general conventional ideas that result from this, these can lead to physical security, centering and stability, and thus contribute to strengthening self-confidence. In this seminar, basic forms of ballet are taught, creating the basis for your own creative expression with the topics that are contained in these basic forms of ballet. Such as the grounding in the Pli\u00e9, the centering in the Pass\u00e9, the balance in the Arabesque and the height in the jumps. Individual improvisations, partner work, as well as circle dances and sequences of a dance theater based on them are included. For all people with and without previous dance knowledge who want to find a new approach to ballet in this special way.<\/p>\n<header class=\"entry-header\"><\/header>\n<div class=\"entry-content\">\n<p>F\u00fcr alle Personen mit und ohne t\u00e4nzerische Vorkenntnisse, die auf diese besondere Weise mit Freude einen neuen Zugang zum Ballett finden wollen.<\/p>\n<p><strong>Termin: 28-29. M\u00e4rz 2026, 12 Uhr \u2013 17 Uhr<\/strong><br \/>\n<strong>Leitung: Tatjana Wegner<\/strong><br \/>\n<strong>Kosten: 200,00 Euro<\/strong><\/p>\n<\/div>\n<blockquote class=\"wp-embedded-content\" data-secret=\"xkM1KdRplU\"><p><a href=\"https:\/\/pitth.de\/therapeutisches-ballett-2\/\">Therapeutisches  Ballett<\/a><\/p><\/blockquote>\n<p><iframe loading=\"lazy\" class=\"wp-embedded-content\" sandbox=\"allow-scripts\" security=\"restricted\" style=\"position: absolute; visibility: hidden;\" title=\"&bdquo;Therapeutisches &lt;br&gt; Ballett&ldquo; &ndash; PITTH\" src=\"https:\/\/pitth.de\/therapeutisches-ballett-2\/embed\/#?secret=xkM1KdRplU\" data-secret=\"xkM1KdRplU\" width=\"600\" height=\"338\" frameborder=\"0\" marginwidth=\"0\" marginheight=\"0\" scrolling=\"no\"><\/iframe><\/p>\n<p><img loading=\"lazy\" decoding=\"async\" class=\"alignnone wp-image-16347 size-large\" src=\"https:\/\/www.pari-productions.com\/wp-content\/uploads\/2025\/07\/WhatsApp-Image-2025-07-29-at-08.31.10-542x1024.jpeg\" alt=\"\" width=\"542\" height=\"1024\" srcset=\"https:\/\/www.pari-productions.com\/wp-content\/uploads\/2025\/07\/WhatsApp-Image-2025-07-29-at-08.31.10-542x1024.jpeg 542w, https:\/\/www.pari-productions.com\/wp-content\/uploads\/2025\/07\/WhatsApp-Image-2025-07-29-at-08.31.10-159x300.jpeg 159w, https:\/\/www.pari-productions.com\/wp-content\/uploads\/2025\/07\/WhatsApp-Image-2025-07-29-at-08.31.10-106x200.jpeg 106w, https:\/\/www.pari-productions.com\/wp-content\/uploads\/2025\/07\/WhatsApp-Image-2025-07-29-at-08.31.10-768x1451.jpeg 768w, https:\/\/www.pari-productions.com\/wp-content\/uploads\/2025\/07\/WhatsApp-Image-2025-07-29-at-08.31.10-813x1536.jpeg 813w, https:\/\/www.pari-productions.com\/wp-content\/uploads\/2025\/07\/WhatsApp-Image-2025-07-29-at-08.31.10-6x12.jpeg 6w, https:\/\/www.pari-productions.com\/wp-content\/uploads\/2025\/07\/WhatsApp-Image-2025-07-29-at-08.31.10-300x567.jpeg 300w, https:\/\/www.pari-productions.com\/wp-content\/uploads\/2025\/07\/WhatsApp-Image-2025-07-29-at-08.31.10.jpeg 847w\" sizes=\"auto, (max-width: 542px) 100vw, 542px\" \/><img loading=\"lazy\" decoding=\"async\" class=\"alignnone wp-image-16348 size-large\" src=\"https:\/\/www.pari-productions.com\/wp-content\/uploads\/2025\/07\/WhatsApp-Image-2025-07-29-at-08.31.101-458x1024.jpeg\" alt=\"\" width=\"458\" height=\"1024\" srcset=\"https:\/\/www.pari-productions.com\/wp-content\/uploads\/2025\/07\/WhatsApp-Image-2025-07-29-at-08.31.101-458x1024.jpeg 458w, https:\/\/www.pari-productions.com\/wp-content\/uploads\/2025\/07\/WhatsApp-Image-2025-07-29-at-08.31.101-134x300.jpeg 134w, https:\/\/www.pari-productions.com\/wp-content\/uploads\/2025\/07\/WhatsApp-Image-2025-07-29-at-08.31.101-89x200.jpeg 89w, https:\/\/www.pari-productions.com\/wp-content\/uploads\/2025\/07\/WhatsApp-Image-2025-07-29-at-08.31.101-686x1536.jpeg 686w, https:\/\/www.pari-productions.com\/wp-content\/uploads\/2025\/07\/WhatsApp-Image-2025-07-29-at-08.31.101-5x12.jpeg 5w, https:\/\/www.pari-productions.com\/wp-content\/uploads\/2025\/07\/WhatsApp-Image-2025-07-29-at-08.31.101-300x671.jpeg 300w, https:\/\/www.pari-productions.com\/wp-content\/uploads\/2025\/07\/WhatsApp-Image-2025-07-29-at-08.31.101.jpeg 715w\" sizes=\"auto, (max-width: 458px) 100vw, 458px\" \/><\/p>\n<p>&nbsp;<\/p>\n<p><strong>Vergangene Termine:\u00a0<\/strong><\/p>\n<p><strong>Meeting:<\/strong> 27-28.04. 2024<\/p>\n<p><strong>Time:<\/strong><br \/>\nt\u00e4glich 12 -17 Uhr mit eine Pause<\/p>\n<p><strong>Who can take part?<\/strong><br \/>\nFor all people with and without previous dance skills who want to find a new approach to ballet in this special way<\/p>\n<p><strong>How can I participate?<\/strong><br \/>\nParticipation only after prior registration<\/p>\n<p><strong>Where does the workshop take place?<\/strong><br \/>\nHof Warderdamm ( Kreis Segeberg )<br \/>\nEs besteht eine M\u00f6glichkeit im Hof zu \u00fcbernachten<\/p>\n<p><strong>Total<\/strong><br \/>\n250,00 \u20ac (inkl. MwSt)<\/p>\n<p>&nbsp;<\/p>\n<p>&nbsp;<\/p>\n<p><img loading=\"lazy\" decoding=\"async\" class=\"alignnone size-thumbnail wp-image-14869\" src=\"https:\/\/www.pari-productions.com\/wp-content\/uploads\/2020\/09\/thballett-188x200.jpg\" alt=\"\" width=\"188\" height=\"200\" srcset=\"https:\/\/www.pari-productions.com\/wp-content\/uploads\/2020\/09\/thballett-188x200.jpg 188w, https:\/\/www.pari-productions.com\/wp-content\/uploads\/2020\/09\/thballett-282x300.jpg 282w, https:\/\/www.pari-productions.com\/wp-content\/uploads\/2020\/09\/thballett-300x319.jpg 300w, https:\/\/www.pari-productions.com\/wp-content\/uploads\/2020\/09\/thballett.jpg 612w\" sizes=\"auto, (max-width: 188px) 100vw, 188px\" \/><\/p>\n<p>&nbsp;<\/p>\n<p><strong>Meeting:<\/strong> 04-05.05. 2019<\/p>\n<p><strong>Time:<\/strong><br \/>\ndaily 12 p.m. - 5 p.m. with a break<\/p>\n<p><strong>Who can take part?<\/strong><br \/>\nFor all people with and without previous dance skills who want to find a new approach to ballet in this special way<\/p>\n<p><strong>How can I participate?<\/strong><br \/>\nParticipation only after prior registration via <a href=\"http:\/\/www.pitth.de\">www.pitth.de<\/a><\/p>\n<p><strong>Where does the workshop take place?<\/strong><br \/>\nLoCura (Max-Brauer-Alle 72) in Hamburg<\/p>\n<p><strong>Total<\/strong><br \/>\n250,00 \u20ac (inkl. MwSt)<\/p>\n<p>&nbsp;<\/p>\n<p><img loading=\"lazy\" decoding=\"async\" class=\"alignnone wp-image-14256 size-full\" src=\"https:\/\/www.pari-productions.com\/wp-content\/uploads\/2019\/04\/Tatiflyer.jpg\" alt=\"\" width=\"228\" height=\"490\" srcset=\"https:\/\/www.pari-productions.com\/wp-content\/uploads\/2019\/04\/Tatiflyer.jpg 228w, https:\/\/www.pari-productions.com\/wp-content\/uploads\/2019\/04\/Tatiflyer-140x300.jpg 140w\" sizes=\"auto, (max-width: 228px) 100vw, 228px\" \/><img loading=\"lazy\" decoding=\"async\" class=\"alignnone wp-image-14255 size-full\" src=\"https:\/\/www.pari-productions.com\/wp-content\/uploads\/2019\/04\/Tatiflyer-ru\u0308ck.jpg\" alt=\"\" width=\"234\" height=\"488\" srcset=\"https:\/\/www.pari-productions.com\/wp-content\/uploads\/2019\/04\/Tatiflyer-ru\u0308ck.jpg 234w, https:\/\/www.pari-productions.com\/wp-content\/uploads\/2019\/04\/Tatiflyer-ru\u0308ck-144x300.jpg 144w\" sizes=\"auto, (max-width: 234px) 100vw, 234px\" \/><\/p>\n<p>&nbsp;<\/p>\n<p>&nbsp;<\/p>\n<p>&nbsp;<\/p>","protected":false},"excerpt":{"rendered":"<p>Therapeutisches Ballett&#8230; Die Technik des klassischen Balletts besteht aus festgelegten, strukturierten und geordneten Formen. Entgegengesetzt allgemeiner daraus resultierender herk\u00f6mmlicher Vorstellungen, k\u00f6nnen diese zu k\u00f6rperlicher Sicherheit, Zentrierung und Stabilit\u00e4t f\u00fchren, und somit zur St\u00e4rkung des Selbstbewusstseins beitragen. In diesem Seminar werden Grundformen des Balletts vermittelt, womit die Basis geschaffen wird f\u00fcr einen eigenen kreativen Ausdruck mit den Themen, die in diesen Grundformen des Balletts enthalten sind. Wie z.B. die Erdung im Pli\u00e9, die Zentrierung im Pass\u00e9, der Balance im Arabesque und die H\u00f6he in den Spr\u00fcngen. Einbezogen werden Einzelimprovisationen, Partnerarbeit, sowie Kreist\u00e4nze und Sequenzen eines darauf basierenden Tanztheaters. F\u00fcr alle Personen mit und ohne t\u00e4nzerische Vorkenntnisse, die auf diese besondere Weise mit Freude einen neuen Zugang zum Ballett finden wollen. F\u00fcr alle Personen mit und ohne t\u00e4nzerische Vorkenntnisse, die auf diese besondere Weise mit Freude einen neuen Zugang zum Ballett finden wollen. Termin: 28-29. M\u00e4rz 2026, 12 Uhr \u2013 17 Uhr Leitung: Tatjana Wegner Kosten: 200,00 Euro Therapeutisches Ballett &nbsp; Vergangene Termine:\u00a0 Termin: 27-28.04. 2024 Uhrzeit: t\u00e4glich 12 -17 Uhr mit eine Pause Wer kann mitmachen? F\u00fcr alle Personen mit und ohne t\u00e4nzerische Vorkentnisse, die auf diese besondere Weise mit Freude einen neuen Zugang zum Ballett finden wollen Wie kann ich teilnehmen? Teilnahme nur nach vorheriger Anmeldung Wo findet der Workshop statt? Hof Warderdamm ( Kreis Segeberg ) Es besteht eine M\u00f6glichkeit im Hof zu \u00fcbernachten Gesamtsumme 250,00 \u20ac (inkl. MwSt) &nbsp; &nbsp; &nbsp; Termin: 04-05.05. 2019 Uhrzeit: t\u00e4glich 12-17 Uhr mit eine Pause Wer kann mitmachen? F\u00fcr alle Personen mit [&hellip;]<\/p>","protected":false},"author":1,"featured_media":8556,"parent":12491,"menu_order":0,"comment_status":"closed","ping_status":"closed","template":"","meta":{"_exactmetrics_skip_tracking":false,"_exactmetrics_sitenote_active":false,"_exactmetrics_sitenote_note":"","_exactmetrics_sitenote_category":0,"spay_email":"","footnotes":"","_links_to":"","_links_to_target":""},"class_list":["post-14268","page","type-page","status-publish","has-post-thumbnail","hentry"],"jetpack_sharing_enabled":true,"jetpack_shortlink":"https:\/\/wp.me\/P8e50O-3I8","_links":{"self":[{"href":"https:\/\/www.pari-productions.com\/en\/wp-json\/wp\/v2\/pages\/14268","targetHints":{"allow":["GET"]}}],"collection":[{"href":"https:\/\/www.pari-productions.com\/en\/wp-json\/wp\/v2\/pages"}],"about":[{"href":"https:\/\/www.pari-productions.com\/en\/wp-json\/wp\/v2\/types\/page"}],"author":[{"embeddable":true,"href":"https:\/\/www.pari-productions.com\/en\/wp-json\/wp\/v2\/users\/1"}],"replies":[{"embeddable":true,"href":"https:\/\/www.pari-productions.com\/en\/wp-json\/wp\/v2\/comments?post=14268"}],"version-history":[{"count":13,"href":"https:\/\/www.pari-productions.com\/en\/wp-json\/wp\/v2\/pages\/14268\/revisions"}],"predecessor-version":[{"id":16476,"href":"https:\/\/www.pari-productions.com\/en\/wp-json\/wp\/v2\/pages\/14268\/revisions\/16476"}],"up":[{"embeddable":true,"href":"https:\/\/www.pari-productions.com\/en\/wp-json\/wp\/v2\/pages\/12491"}],"wp:featuredmedia":[{"embeddable":true,"href":"https:\/\/www.pari-productions.com\/en\/wp-json\/wp\/v2\/media\/8556"}],"wp:attachment":[{"href":"https:\/\/www.pari-productions.com\/en\/wp-json\/wp\/v2\/media?parent=14268"}],"curies":[{"name":"wp","href":"https:\/\/api.w.org\/{rel}","templated":true}]}}