{"id":6224,"date":"2016-07-08T21:31:41","date_gmt":"2016-07-08T21:31:41","guid":{"rendered":"http:\/\/pari-productions.com\/?page_id=6224"},"modified":"2026-01-22T13:20:50","modified_gmt":"2026-01-22T13:20:50","slug":"workshop-and-specials","status":"publish","type":"page","link":"https:\/\/www.pari-productions.com\/en\/termine\/workshop-and-specials\/","title":{"rendered":"Workshops &amp; specials"},"content":{"rendered":"<h2 class=\"ct-headline\"><img loading=\"lazy\" decoding=\"async\" class=\"alignnone wp-image-15176\" src=\"https:\/\/www.pari-productions.com\/wp-content\/uploads\/2022\/10\/Warder-Logo-orange-15x12.png\" alt=\"\" width=\"110\" height=\"90\" srcset=\"https:\/\/www.pari-productions.com\/wp-content\/uploads\/2022\/10\/Warder-Logo-orange-15x12.png 15w, https:\/\/www.pari-productions.com\/wp-content\/uploads\/2022\/10\/Warder-Logo-orange-300x246.png 300w, https:\/\/www.pari-productions.com\/wp-content\/uploads\/2022\/10\/Warder-Logo-orange-200x164.png 200w, https:\/\/www.pari-productions.com\/wp-content\/uploads\/2022\/10\/Warder-Logo-orange.png 500w\" sizes=\"auto, (max-width: 110px) 100vw, 110px\" \/> \u00a0 Dein Ort der Tr\u00e4ume &#8211; Hof Warder &#8211; Wir bereiten ein vielseitiges Fort- und Weiterbildungsagebot:<\/h2>\n<h4 class=\"ct-headline\">&#8222;Body Mind Spirit &#8211; Follow your flow!&#8220;<\/h4>\n<h4 class=\"ct-headline\">Besuchen Sie uns zu w\u00f6chentlichen, monatlichen, j\u00e4hrlichen oder projektbezogenen Kursen, Workshops und Seminaren.<br \/>\nBegib dich mit uns auf eine immerw\u00e4hrende Selbstfindung und erforschen mit uns, was es bedeutet, &#8222;selbstbewusst&#8220; zu sein. Du w\u00fcnscht Dir einen Ort der besonderen Art?<br \/>\nEinen individuellen Ort voll phantastischer Vielfalt?<\/h4>\n<h4 class=\"ct-headline\">Hof Warder ein multifunktionaler Dreh- und Angelpunkt\u00a0der besonderen Art inmitten der l\u00e4ndlichen Idylle Schleswig<br \/>\nHolsteins (Kreis Segeberg). Bei uns werden Privat- und Firmenevents, Kreativ-Projekte, kultureller Genuss, Fortbildung und Erholung an einem Ort vereint. Hier finden verschiedenste Veranstaltungen, wie zum Beispiel Geburtstage, Hochzeiten, Shows, Film- und Video-Drehs, Fotoshootings, Kreativwerkstatt, Workshops und Seminare statt. Wenn Du auf der Suche nach einer einzigartigen Location f\u00fcr ein unvergessliches Fest bist, dann <a href=\"https:\/\/hof-warder.de\/kontakt\">kontaktiere uns<\/a>!<\/h4>\n<blockquote class=\"wp-embedded-content\" data-secret=\"taZth1uknJ\"><p><a href=\"https:\/\/hof-warder.de\/\">Homepage<\/a><\/p><\/blockquote>\n<p><iframe loading=\"lazy\" class=\"wp-embedded-content\" sandbox=\"allow-scripts\" security=\"restricted\" style=\"position: absolute; clip: rect(1px, 1px, 1px, 1px);\" title=\"&#8222;Homepage&#8220; &#8212; Hof Warder\" src=\"https:\/\/hof-warder.de\/embed\/#?secret=GH7peU0qwq#?secret=taZth1uknJ\" data-secret=\"taZth1uknJ\" width=\"600\" height=\"338\" frameborder=\"0\" marginwidth=\"0\" marginheight=\"0\" scrolling=\"no\"><\/iframe><\/p>\n<p>&nbsp;<\/p>\n<p><a href=\"https:\/\/www.pari-productions.com\/en\/workshop-specials\/bollydance-workshop\/\"><strong>Register for the \u201cBollywood dance workshops\u201d using our contact form<\/strong><\/a><\/p>\n<p><a href=\"https:\/\/www.pari-productions.com\/en\/presse\/downloads\/\">Further information<\/a><\/p>\n<p>&nbsp;<\/p>\n<h2>BOLLYDANCE AUSBILDUNG\u00a0 2026 Hamburg<\/h2>\n<p>Bollywoodtanz Workshops, Bhangra-und-Indian-Spirit T\u00e4nzer und <a href=\"https:\/\/www.pari-productions.com\/en\/bollydance-akademie\/trainer-fuer-bollywoodtanz\/\">Trainer-Ausbildung 2026 <\/a>die auch die Aufnahme in die Tanz Company und in unsere Casting Datenbank erm\u00f6glicht:<\/p>\n<ul>\n<li>Block I &#8211;\u00a0\u00a0 26-27.09.26 (Klassisch)<\/li>\n<li>Block II &#8211;\u00a0 24-25.10.26 (Indian Spirit)<\/li>\n<li>Block III &#8211; 21-22.11.26 (Choreografie)<\/li>\n<li>Block IV &#8211; 12-13.12.26 (Master Class)<\/li>\n<\/ul>\n<h2>Questions and answers about the Bollywood dance workshops<\/h2>\n<p><strong>Who is the course leader?<\/strong><br \/>\nTatjana Wegner<\/p>\n<p><strong>Who are the guest lecturers?<\/strong><br \/>\nGudrun M\u00e4rtens ( Odissi ), Anna Grover ( Kathak, Bharata Natyam ), Veronika Gorobinskaya ( Bhangra, Fitness ), Imane Safer (Bhangra, Fitness).<\/p>\n<p><strong>When do the workshops take place?<\/strong><br \/>\nSaturdays: from 12 p.m. to 6 p.m. Sundays: from 1 p.m. to 7 p.m.<\/p>\n<p><strong>What is being taught<\/strong><br \/>\n<a href=\"https:\/\/www.pari-productions.com\/en\/presse\/downloads\/\">Download seminar description as .pdf<\/a><\/p>\n<p><strong>Who can take part?<\/strong><br \/>\nTalented, dancers, coaches, advanced dancers<\/p>\n<p><strong>How can I participate?<\/strong><br \/>\nParticipation only after prior registration.<\/p>\n<p><strong>Where does the workshop take place?<\/strong><br \/>\nHamburg<\/p>\n<p><strong>How much does it cost?<\/strong><br \/>\nJe Block 250,00 Euro zzgl. Mwst. je Seminar<\/p>\n<p><strong>Total<\/strong><br \/>\n\u20ac 1,190.00 (VAT included)<\/p>\n<h2><\/h2>\n<header class=\"entry-header\">\n<h1 class=\"page-links-title\">Therapeutic ballet<\/h1>\n<\/header>\n<div class=\"entry-content\">\n<p>Die Technik des klassischen Balletts besteht aus festgelegten, strukturierten und geordneten Formen. Entgegengesetzt allgemeiner Vorstellungen f\u00fchrt das Praktizieren dieser Bewegungen und Formen zu k\u00f6rperlicher Sicherheit, Zentrierung und Stabilit\u00e4t, womit zur St\u00e4rkung des Selbstbewusstseins beigetragen wird. In diesem Seminar werden Grundformen des Balletts, mit den in diesen Grundformen enthaltenen Themen, wie z. B. die Erdung im Pli\u00e9, die Zentrierung im Pass\u00e9, der Balance im Arabesque und die H\u00f6he in den Spr\u00fcngen, vermittelt. So wird eine Basis geschaffen, um mit diesen Themen einen eigenen kreativen Ausdruck zu finden. Einbezogen werden, in prozessorientierte Weise, Einzelimprovisationen, Partner:innenarbeit, Kreist\u00e4nze und Sequenzen eines darauf basierenden Tanztheaters.<\/p>\n<p>F\u00fcr alle Personen mit und ohne t\u00e4nzerische Vorkenntnisse, die auf diese besondere Weise mit Freude einen neuen Zugang zum Ballett finden wollen.<\/p>\n<p><strong>Termin: 28-29. M\u00e4rz 2026, 11Uhr \u2013 18Uhr bei PITTH<\/strong><br \/>\n<strong>Leitung: Tatjana Wegner<\/strong><br \/>\n<strong>Kosten: 200,00 Euro<\/strong><\/p>\n<\/div>\n<blockquote class=\"wp-embedded-content\" data-secret=\"DG8m3abxxl\"><p><a href=\"https:\/\/pitth.de\/therapeutisches-ballett-2\/\">Therapeutisches  Ballett<\/a><\/p><\/blockquote>\n<p><iframe loading=\"lazy\" class=\"wp-embedded-content\" sandbox=\"allow-scripts\" security=\"restricted\" style=\"position: absolute; visibility: hidden;\" title=\"&bdquo;Therapeutisches &lt;br&gt; Ballett&ldquo; &ndash; PITTH\" src=\"https:\/\/pitth.de\/therapeutisches-ballett-2\/embed\/#?secret=DG8m3abxxl\" data-secret=\"DG8m3abxxl\" width=\"600\" height=\"338\" frameborder=\"0\" marginwidth=\"0\" marginheight=\"0\" scrolling=\"no\"><\/iframe><\/p>\n<h2><img loading=\"lazy\" decoding=\"async\" class=\"alignnone wp-image-16347 size-large\" src=\"https:\/\/www.pari-productions.com\/wp-content\/uploads\/2025\/07\/WhatsApp-Image-2025-07-29-at-08.31.10-542x1024.jpeg\" alt=\"\" width=\"542\" height=\"1024\" srcset=\"https:\/\/www.pari-productions.com\/wp-content\/uploads\/2025\/07\/WhatsApp-Image-2025-07-29-at-08.31.10-542x1024.jpeg 542w, https:\/\/www.pari-productions.com\/wp-content\/uploads\/2025\/07\/WhatsApp-Image-2025-07-29-at-08.31.10-159x300.jpeg 159w, https:\/\/www.pari-productions.com\/wp-content\/uploads\/2025\/07\/WhatsApp-Image-2025-07-29-at-08.31.10-106x200.jpeg 106w, https:\/\/www.pari-productions.com\/wp-content\/uploads\/2025\/07\/WhatsApp-Image-2025-07-29-at-08.31.10-768x1451.jpeg 768w, https:\/\/www.pari-productions.com\/wp-content\/uploads\/2025\/07\/WhatsApp-Image-2025-07-29-at-08.31.10-813x1536.jpeg 813w, https:\/\/www.pari-productions.com\/wp-content\/uploads\/2025\/07\/WhatsApp-Image-2025-07-29-at-08.31.10-6x12.jpeg 6w, https:\/\/www.pari-productions.com\/wp-content\/uploads\/2025\/07\/WhatsApp-Image-2025-07-29-at-08.31.10-300x567.jpeg 300w, https:\/\/www.pari-productions.com\/wp-content\/uploads\/2025\/07\/WhatsApp-Image-2025-07-29-at-08.31.10.jpeg 847w\" sizes=\"auto, (max-width: 542px) 100vw, 542px\" \/><img loading=\"lazy\" decoding=\"async\" class=\"alignnone wp-image-16348 size-large\" src=\"https:\/\/www.pari-productions.com\/wp-content\/uploads\/2025\/07\/WhatsApp-Image-2025-07-29-at-08.31.101-458x1024.jpeg\" alt=\"\" width=\"458\" height=\"1024\" srcset=\"https:\/\/www.pari-productions.com\/wp-content\/uploads\/2025\/07\/WhatsApp-Image-2025-07-29-at-08.31.101-458x1024.jpeg 458w, https:\/\/www.pari-productions.com\/wp-content\/uploads\/2025\/07\/WhatsApp-Image-2025-07-29-at-08.31.101-134x300.jpeg 134w, https:\/\/www.pari-productions.com\/wp-content\/uploads\/2025\/07\/WhatsApp-Image-2025-07-29-at-08.31.101-89x200.jpeg 89w, https:\/\/www.pari-productions.com\/wp-content\/uploads\/2025\/07\/WhatsApp-Image-2025-07-29-at-08.31.101-686x1536.jpeg 686w, https:\/\/www.pari-productions.com\/wp-content\/uploads\/2025\/07\/WhatsApp-Image-2025-07-29-at-08.31.101-5x12.jpeg 5w, https:\/\/www.pari-productions.com\/wp-content\/uploads\/2025\/07\/WhatsApp-Image-2025-07-29-at-08.31.101-300x671.jpeg 300w, https:\/\/www.pari-productions.com\/wp-content\/uploads\/2025\/07\/WhatsApp-Image-2025-07-29-at-08.31.101.jpeg 715w\" sizes=\"auto, (max-width: 458px) 100vw, 458px\" \/><\/h2>\n<p>&nbsp;<\/p>\n<h2>BOLLYDANCE AUSBILDUNG\u00a0 2024 Hamburg<\/h2>\n<p>Bollywoodtanz Workshops, Bhangra-und-Indian-Spirit T\u00e4nzer und <a href=\"https:\/\/www.pari-productions.com\/en\/bollydance-akademie\/trainer-fuer-bollywoodtanz\/\">Trainer-Ausbildung 2024 <\/a>die auch die Aufnahme in die Tanz Company und in unsere Casting Datenbank erm\u00f6glicht:<\/p>\n<ul>\n<li>Block I &#8211;\u00a0\u00a0 07-08.09.24 (Klassisch)<\/li>\n<li>Block II &#8211;\u00a0 05-06.10.24 (Indian Spirit)<\/li>\n<li>Block III &#8211; 02-03.11.24 (Choreografie)<\/li>\n<li>Block IV &#8211; 14-15.12.24 (Master Class)<\/li>\n<\/ul>\n<h2>Questions and answers about the Bollywood dance workshops<\/h2>\n<p><strong>Who is the course leader?<\/strong><br \/>\nTatjana Wegner<\/p>\n<p><strong>Who are the guest lecturers?<\/strong><br \/>\nGudrun M\u00e4rtens ( Odissi ), Anna Grover ( Kathak, Bharata Natyam ), Veronika Gorobinskaya ( Bhangra, Fitness ), Imane Safer (Bhangra, Fitness).<\/p>\n<p><strong>When do the workshops take place?<\/strong><br \/>\nSaturdays: from 12 p.m. to 6 p.m. Sundays: from 1 p.m. to 7 p.m.<\/p>\n<p><strong>What is being taught<\/strong><br \/>\n<a href=\"https:\/\/www.pari-productions.com\/en\/presse\/downloads\/\">Download seminar description as .pdf<\/a><\/p>\n<p><strong>Who can take part?<\/strong><br \/>\nTalented, dancers, coaches, advanced dancers<\/p>\n<p><strong>How can I participate?<\/strong><br \/>\nParticipation only after prior registration.<\/p>\n<p><strong>Where does the workshop take place?<\/strong><br \/>\nHamburg<\/p>\n<p><strong>How much does it cost?<\/strong><br \/>\nJe Block 250,00 Euro zzgl. Mwst. je Seminar<\/p>\n<p><strong>Total<\/strong><br \/>\n\u20ac 1,190.00 (VAT included)<\/p>\n<p><a href=\"https:\/\/www.pari-productions.com\/en\/workshop-specials\/bollydance-workshop\/\"><strong>Register for the \u201cBollywood dance workshops\u201d using our contact form<\/strong><\/a><\/p>\n<p><a href=\"https:\/\/www.pari-productions.com\/en\/presse\/downloads\/\">Further information<\/a><\/p>\n<h2><img loading=\"lazy\" decoding=\"async\" class=\"alignnone wp-image-15882\" src=\"https:\/\/www.pari-productions.com\/wp-content\/uploads\/2023\/06\/WhatsApp-Image-2023-06-23-at-14.41.30-1-141x200.jpeg\" alt=\"\" width=\"240\" height=\"340\" srcset=\"https:\/\/www.pari-productions.com\/wp-content\/uploads\/2023\/06\/WhatsApp-Image-2023-06-23-at-14.41.30-1-141x200.jpeg 141w, https:\/\/www.pari-productions.com\/wp-content\/uploads\/2023\/06\/WhatsApp-Image-2023-06-23-at-14.41.30-1-212x300.jpeg 212w, https:\/\/www.pari-productions.com\/wp-content\/uploads\/2023\/06\/WhatsApp-Image-2023-06-23-at-14.41.30-1-8x12.jpeg 8w, https:\/\/www.pari-productions.com\/wp-content\/uploads\/2023\/06\/WhatsApp-Image-2023-06-23-at-14.41.30-1-300x425.jpeg 300w, https:\/\/www.pari-productions.com\/wp-content\/uploads\/2023\/06\/WhatsApp-Image-2023-06-23-at-14.41.30-1.jpeg 560w\" sizes=\"auto, (max-width: 240px) 100vw, 240px\" \/><\/h2>\n<p>&nbsp;<\/p>\n<p>&nbsp;<\/p>\n<div class=\"su-spacer\" style=\"height:20px\"><\/div>\n<p>&nbsp;<\/p>\n<p><strong>Therapeutsiches Ballett , Hof Warderdamm ( Kreis Segeberg ) <\/strong><strong><br \/>\n<\/strong><\/p>\n<p><strong>Meeting:<\/strong> 27-28.04. 2024<\/p>\n<p><strong>Time:<\/strong><br \/>\nt\u00e4glich 12 -17 Uhr mit eine Pause<\/p>\n<p><strong>Who can take part?<\/strong><br \/>\nFor all people with and without previous dance skills who want to find a new approach to ballet in this special way<\/p>\n<p><strong>How can I participate?<\/strong><br \/>\nParticipation only after prior registration<\/p>\n<p><strong>Where does the workshop take place?<\/strong><br \/>\nHof Warderdamm ( Kreis Segeberg )<br \/>\nEs besteht eine M\u00f6glichkeit im Hof zu \u00fcbernachten<\/p>\n<p><strong>Total<\/strong><br \/>\n250,00 \u20ac (inkl. MwSt)<\/p>\n<p>&nbsp;<\/p>\n<p>&nbsp;<\/p>\n<p><img loading=\"lazy\" decoding=\"async\" class=\"alignnone size-thumbnail wp-image-14869\" src=\"https:\/\/www.pari-productions.com\/wp-content\/uploads\/2020\/09\/thballett-188x200.jpg\" alt=\"\" width=\"188\" height=\"200\" srcset=\"https:\/\/www.pari-productions.com\/wp-content\/uploads\/2020\/09\/thballett-188x200.jpg 188w, https:\/\/www.pari-productions.com\/wp-content\/uploads\/2020\/09\/thballett-282x300.jpg 282w, https:\/\/www.pari-productions.com\/wp-content\/uploads\/2020\/09\/thballett-300x319.jpg 300w, https:\/\/www.pari-productions.com\/wp-content\/uploads\/2020\/09\/thballett.jpg 612w\" sizes=\"auto, (max-width: 188px) 100vw, 188px\" \/><\/p>\n<p>&nbsp;<\/p>\n<p>&nbsp;<\/p>\n<p><strong>Therapeutic ballet, <\/strong><strong>LoCura Hamburg<br \/>\n<\/strong><\/p>\n<p><strong>Meeting:<\/strong> 04-05.05. 2019<\/p>\n<p><strong>Time:<\/strong><br \/>\ndaily 12 p.m. to 5 p.m.<\/p>\n<p><strong>Costs:<\/strong><br \/>\n100.00 \u20ac incl. VAT<\/p>\n<p><strong>Seminar leader:<\/strong><br \/>\nTatjana Wegner<\/p>\n<p><a href=\"https:\/\/www.pari-productions.com\/wp-content\/uploads\/2016\/07\/Ballett-Workout.png\" class=\"envirabox envirabox\"><img loading=\"lazy\" decoding=\"async\" class=\"alignnone wp-image-14256 size-full\" src=\"https:\/\/www.pari-productions.com\/wp-content\/uploads\/2019\/04\/Tatiflyer.jpg\" alt=\"\" width=\"228\" height=\"490\" srcset=\"https:\/\/www.pari-productions.com\/wp-content\/uploads\/2019\/04\/Tatiflyer.jpg 228w, https:\/\/www.pari-productions.com\/wp-content\/uploads\/2019\/04\/Tatiflyer-140x300.jpg 140w\" sizes=\"auto, (max-width: 228px) 100vw, 228px\" \/><\/a><a href=\"https:\/\/www.pari-productions.com\/wp-content\/uploads\/2016\/07\/Ballett-Workout.png\" class=\"envirabox envirabox\"><img loading=\"lazy\" decoding=\"async\" class=\"alignnone wp-image-14255 size-full\" src=\"https:\/\/www.pari-productions.com\/wp-content\/uploads\/2019\/04\/Tatiflyer-ru\u0308ck.jpg\" alt=\"\" width=\"234\" height=\"488\" srcset=\"https:\/\/www.pari-productions.com\/wp-content\/uploads\/2019\/04\/Tatiflyer-ru\u0308ck.jpg 234w, https:\/\/www.pari-productions.com\/wp-content\/uploads\/2019\/04\/Tatiflyer-ru\u0308ck-144x300.jpg 144w\" sizes=\"auto, (max-width: 234px) 100vw, 234px\" \/><\/a><\/p>\n<div class=\"su-spacer\" style=\"height:20px\"><\/div>\n<p>The technique of classical ballet consists of fixed, structured and ordered forms. Contrary to the more general conventional ideas that result from this, these can lead to physical security, centering and stability, and thus contribute to strengthening self-confidence. In this seminar, basic forms of ballet are taught, creating the basis for your own creative expression with the topics that are contained in these basic forms of ballet. Such as the grounding in the Pli\u00e9, the centering in the Pass\u00e9, the balance in the Arabesque and the height in the jumps. Individual improvisations, partner work, as well as circle dances and sequences of a dance theater based on them are included. For all people with and without previous dance knowledge who want to find a new approach to ballet in this special way.<\/p>\n<p>&nbsp;<\/p>","protected":false},"excerpt":{"rendered":"<p>\u00a0 Dein Ort der Tr\u00e4ume &#8211; Hof Warder &#8211; Wir bereiten ein vielseitiges Fort- und Weiterbildungsagebot: &#8222;Body Mind Spirit &#8211; Follow your flow!&#8220; Besuchen Sie uns zu w\u00f6chentlichen, monatlichen, j\u00e4hrlichen oder projektbezogenen Kursen, Workshops und Seminaren. Begib dich mit uns auf eine immerw\u00e4hrende Selbstfindung und erforschen mit uns, was es bedeutet, &#8222;selbstbewusst&#8220; zu sein. Du w\u00fcnscht Dir einen Ort der besonderen Art? Einen individuellen Ort voll phantastischer Vielfalt? Hof Warder ein multifunktionaler Dreh- und Angelpunkt\u00a0der besonderen Art inmitten der l\u00e4ndlichen Idylle Schleswig Holsteins (Kreis Segeberg). Bei uns werden Privat- und Firmenevents, Kreativ-Projekte, kultureller Genuss, Fortbildung und Erholung an einem Ort vereint. Hier finden verschiedenste Veranstaltungen, wie zum Beispiel Geburtstage, Hochzeiten, Shows, Film- und Video-Drehs, Fotoshootings, Kreativwerkstatt, Workshops und Seminare statt. Wenn Du auf der Suche nach einer einzigartigen Location f\u00fcr ein unvergessliches Fest bist, dann kontaktiere uns! Homepage &nbsp; Anmeldung zum &#8222;Bollywoodtanz Workshops&#8220; \u00fcber unser Kontaktformular weitere Informationen &nbsp; BOLLYDANCE AUSBILDUNG\u00a0 2026 Hamburg Bollywoodtanz Workshops, Bhangra-und-Indian-Spirit T\u00e4nzer und Trainer-Ausbildung 2026 die auch die Aufnahme in die Tanz Company und in unsere Casting Datenbank erm\u00f6glicht: Block I &#8211;\u00a0\u00a0 26-27.09.26 (Klassisch) Block II &#8211;\u00a0 24-25.10.26 (Indian Spirit) Block III &#8211; 21-22.11.26 (Choreografie) Block IV &#8211; 12-13.12.26 (Master Class) Fragen &amp; Antworten zu den Bollywoodtanz Workshops Wer ist die Kursleiterin ? Tatjana Wegner Wer sind die Gastdozenten? Gudrun M\u00e4rtens ( Odissi ), Anna Grover ( Kathak, Bharata Natyam ), Veronika Gorobinskaya ( Bhangra, Fitness ), Imane Safer (Bhangra, Fitness). Wann finden die Workshops statt? Samstags: von 12 bis 18 Uhr. Sontags: von 13 [&hellip;]<\/p>","protected":false},"author":1,"featured_media":12054,"parent":12483,"menu_order":0,"comment_status":"closed","ping_status":"closed","template":"","meta":{"_exactmetrics_skip_tracking":false,"_exactmetrics_sitenote_active":false,"_exactmetrics_sitenote_note":"","_exactmetrics_sitenote_category":0,"spay_email":"","footnotes":"","_links_to":"","_links_to_target":""},"class_list":["post-6224","page","type-page","status-publish","has-post-thumbnail","hentry"],"jetpack_sharing_enabled":true,"jetpack_shortlink":"https:\/\/wp.me\/P8e50O-1Co","_links":{"self":[{"href":"https:\/\/www.pari-productions.com\/en\/wp-json\/wp\/v2\/pages\/6224","targetHints":{"allow":["GET"]}}],"collection":[{"href":"https:\/\/www.pari-productions.com\/en\/wp-json\/wp\/v2\/pages"}],"about":[{"href":"https:\/\/www.pari-productions.com\/en\/wp-json\/wp\/v2\/types\/page"}],"author":[{"embeddable":true,"href":"https:\/\/www.pari-productions.com\/en\/wp-json\/wp\/v2\/users\/1"}],"replies":[{"embeddable":true,"href":"https:\/\/www.pari-productions.com\/en\/wp-json\/wp\/v2\/comments?post=6224"}],"version-history":[{"count":66,"href":"https:\/\/www.pari-productions.com\/en\/wp-json\/wp\/v2\/pages\/6224\/revisions"}],"predecessor-version":[{"id":16474,"href":"https:\/\/www.pari-productions.com\/en\/wp-json\/wp\/v2\/pages\/6224\/revisions\/16474"}],"up":[{"embeddable":true,"href":"https:\/\/www.pari-productions.com\/en\/wp-json\/wp\/v2\/pages\/12483"}],"wp:featuredmedia":[{"embeddable":true,"href":"https:\/\/www.pari-productions.com\/en\/wp-json\/wp\/v2\/media\/12054"}],"wp:attachment":[{"href":"https:\/\/www.pari-productions.com\/en\/wp-json\/wp\/v2\/media?parent=6224"}],"curies":[{"name":"wp","href":"https:\/\/api.w.org\/{rel}","templated":true}]}}