{"id":6226,"date":"2016-07-08T21:32:16","date_gmt":"2016-07-08T21:32:16","guid":{"rendered":"http:\/\/pari-productions.com\/?page_id=6226"},"modified":"2025-12-15T20:52:04","modified_gmt":"2025-12-15T20:52:04","slug":"bollywoodshows-der-bollydance-company","status":"publish","type":"page","link":"https:\/\/www.pari-productions.com\/en\/termine\/bollywoodshows-der-bollydance-company\/","title":{"rendered":"Bollywood shows by the BollyDance Company"},"content":{"rendered":"<p><a href=\"https:\/\/www.pari-productions.com\/wp-content\/uploads\/2016\/07\/Show-Programm-Leiste-1.png\" class=\"envirabox envirabox\"><img loading=\"lazy\" decoding=\"async\" class=\"paripic100 alignnone wp-image-6591 size-full\" src=\"https:\/\/www.pari-productions.com\/wp-content\/uploads\/2016\/07\/Show-Programm-Leiste-1.png\" alt=\"bollydance show-programm-leiste\" width=\"866\" height=\"189\" srcset=\"https:\/\/www.pari-productions.com\/wp-content\/uploads\/2016\/07\/Show-Programm-Leiste-1.png 866w, https:\/\/www.pari-productions.com\/wp-content\/uploads\/2016\/07\/Show-Programm-Leiste-1-300x65.png 300w, https:\/\/www.pari-productions.com\/wp-content\/uploads\/2016\/07\/Show-Programm-Leiste-1-768x168.png 768w\" sizes=\"auto, (max-width: 866px) 100vw, 866px\" \/><\/a><\/p>\n<h1 data-start=\"217\" data-end=\"245\">\u2b50\ufe0f Shows und Events 2025<\/h1>\n<p data-start=\"246\" data-end=\"276\"><strong data-start=\"246\" data-end=\"276\">BollyDance Veranstaltungen<\/strong><\/p>\n<ul data-start=\"199\" data-end=\"1270\">\n<li data-start=\"199\" data-end=\"229\">\n<p data-start=\"201\" data-end=\"229\">Show im <strong data-start=\"209\" data-end=\"227\">Schloss D\u00fcneck<\/strong><\/p>\n<\/li>\n<li data-start=\"230\" data-end=\"308\">\n<p data-start=\"232\" data-end=\"308\">Show in <strong data-start=\"240\" data-end=\"250\">Berlin<\/strong> \u2013 gro\u00dfer sri-lankischer Geburtstag (<em data-start=\"287\" data-end=\"305\">BollyDance &amp; LED<\/em>)<\/p>\n<\/li>\n<li data-start=\"309\" data-end=\"391\">\n<p data-start=\"311\" data-end=\"391\"><strong data-start=\"311\" data-end=\"330\">BollyDance-Show<\/strong> f\u00fcr eine Weihnachtsfeier in der <strong data-start=\"363\" data-end=\"389\">OstseeKlinik Fischland<\/strong><\/p>\n<\/li>\n<li data-start=\"392\" data-end=\"471\">\n<p data-start=\"394\" data-end=\"471\"><strong data-start=\"394\" data-end=\"412\">Silvester-Show<\/strong> mit <em data-start=\"417\" data-end=\"435\">BollyDance &amp; LED<\/em> im <strong data-start=\"439\" data-end=\"460\">Restaurant Nandoo<\/strong>, Hamburg<\/p>\n<\/li>\n<li data-start=\"472\" data-end=\"522\">\n<p data-start=\"474\" data-end=\"522\"><strong data-start=\"474\" data-end=\"494\">Geburtstags-Show<\/strong> f\u00fcr die Familie <strong data-start=\"511\" data-end=\"520\">Singh<\/strong><\/p>\n<\/li>\n<li data-start=\"523\" data-end=\"577\">\n<p data-start=\"525\" data-end=\"577\"><strong data-start=\"525\" data-end=\"544\">BollyDance-Show<\/strong> beim <strong data-start=\"550\" data-end=\"575\">Filmfestival Schwerin<\/strong><\/p>\n<\/li>\n<li data-start=\"578\" data-end=\"631\">\n<p data-start=\"580\" data-end=\"631\">Show <strong data-start=\"585\" data-end=\"609\">\u201eTanz mit der Braut\u201c<\/strong> im <strong data-start=\"613\" data-end=\"629\">Royal Palais<\/strong><\/p>\n<\/li>\n<li data-start=\"632\" data-end=\"690\">\n<p data-start=\"634\" data-end=\"690\"><strong data-start=\"634\" data-end=\"654\">BollyDance-Shows<\/strong> im <strong data-start=\"658\" data-end=\"679\">Restaurant Nandoo<\/strong>, Hamburg<\/p>\n<\/li>\n<li data-start=\"691\" data-end=\"787\">\n<p data-start=\"693\" data-end=\"787\">Diverse gro\u00dfe Shows im <strong data-start=\"716\" data-end=\"738\">Hagenbeck Tierpark<\/strong>, Hamburg, im Rahmen der <strong data-start=\"763\" data-end=\"785\">\u201eDschungel-N\u00e4chte\u201c<\/strong><\/p>\n<\/li>\n<li data-start=\"788\" data-end=\"848\">\n<p data-start=\"790\" data-end=\"848\"><strong data-start=\"790\" data-end=\"809\">BollyDance-Show<\/strong> in der <strong data-start=\"817\" data-end=\"846\">Seniorenresidenz Hannover<\/strong><\/p>\n<\/li>\n<li data-start=\"849\" data-end=\"891\">\n<p data-start=\"851\" data-end=\"891\">Show f\u00fcr das <strong data-start=\"864\" data-end=\"880\">Casino Basel<\/strong>, Schweiz<\/p>\n<\/li>\n<li data-start=\"892\" data-end=\"946\">\n<p data-start=\"894\" data-end=\"946\">Zahlreiche Shows im <strong data-start=\"914\" data-end=\"935\">Mehndi Restaurant<\/strong>, Hamburg<\/p>\n<\/li>\n<li data-start=\"947\" data-end=\"1033\">\n<p data-start=\"949\" data-end=\"1033\"><strong data-start=\"949\" data-end=\"966\">Wedding Shows<\/strong> in <strong data-start=\"970\" data-end=\"979\">Elite<\/strong>, <strong data-start=\"981\" data-end=\"993\">Le Royal<\/strong>, <strong data-start=\"995\" data-end=\"1010\">Royal Stage<\/strong> and <strong data-start=\"1015\" data-end=\"1031\">Royal Palais<\/strong><\/p>\n<\/li>\n<li data-start=\"1034\" data-end=\"1113\">\n<p data-start=\"1036\" data-end=\"1113\"><strong data-start=\"1036\" data-end=\"1055\">BollyDance-Show<\/strong> beim <strong data-start=\"1061\" data-end=\"1079\">Hoffest Warder<\/strong> im Rahmen der <strong data-start=\"1094\" data-end=\"1111\">SE-Kulturtage<\/strong><\/p>\n<\/li>\n<li data-start=\"1114\" data-end=\"1167\">\n<p data-start=\"1116\" data-end=\"1167\">Shows f\u00fcr das Restaurant <strong data-start=\"1141\" data-end=\"1165\">Tandoor Indian Tikka<\/strong><\/p>\n<\/li>\n<li data-start=\"1168\" data-end=\"1210\">\n<p data-start=\"1170\" data-end=\"1210\">Show f\u00fcr das <strong data-start=\"1183\" data-end=\"1208\">Indian Fest Committee<\/strong><\/p>\n<\/li>\n<li data-start=\"1211\" data-end=\"1270\">\n<p data-start=\"1213\" data-end=\"1270\"><strong data-start=\"1213\" data-end=\"1228\">Diwali-Show<\/strong> im <strong data-start=\"1232\" data-end=\"1256\">Restaurant Taj Mahal<\/strong>, Ahrensburg<\/p>\n<\/li>\n<\/ul>\n<h1 data-start=\"1143\" data-end=\"1157\">\u2b50\ufe0f LED Shows<\/h1>\n<ul data-start=\"1159\" data-end=\"1272\">\n<li data-start=\"1159\" data-end=\"1214\">\n<p data-start=\"1161\" data-end=\"1214\">LED-Performance beim Hoffest Warder (SE-Kulturtage)<\/p>\n<\/li>\n<li data-start=\"1215\" data-end=\"1272\">\n<p data-start=\"1217\" data-end=\"1272\">LED Show in Berlin \u2013 gro\u00dfer sri-lankischer Geburtstag<\/p>\n<\/li>\n<\/ul>\n<h1 data-start=\"1274\" data-end=\"1285\">\u2b50\ufe0f Presse<\/h1>\n<ul data-start=\"1287\" data-end=\"1425\">\n<li data-start=\"1287\" data-end=\"1355\">\n<p data-start=\"1289\" data-end=\"1355\">Bericht \u00fcber Workshops und Location Hof Warder im NDR \u201eNordtour\u201c<\/p>\n<\/li>\n<li data-start=\"1356\" data-end=\"1425\">\n<p data-start=\"1358\" data-end=\"1425\">Pressebericht beim TV Channel Schwerin \u2013 \u201eFilm Festival Schwerin\u201c<\/p>\n<\/li>\n<\/ul>\n<h1 data-start=\"1427\" data-end=\"1441\">\u2b50\ufe0f Workshops<\/h1>\n<ul data-start=\"1443\" data-end=\"1805\">\n<li data-start=\"1443\" data-end=\"1518\">\n<p data-start=\"1445\" data-end=\"1518\">Individuelle Workshops mit Br\u00e4uten zur Vorbereitung des Hochzeitstanzes<\/p>\n<\/li>\n<li data-start=\"1519\" data-end=\"1579\">\n<p data-start=\"1521\" data-end=\"1579\">Workshops mit der BollyDance Company und Einzelcoachings<\/p>\n<\/li>\n<li data-start=\"1580\" data-end=\"1638\">\n<p data-start=\"1582\" data-end=\"1638\">Dirty Dancing-Workshop f\u00fcr eine Hochzeit im Hof Warder<\/p>\n<\/li>\n<li data-start=\"1639\" data-end=\"1701\">\n<p data-start=\"1641\" data-end=\"1701\">Vielf\u00e4ltige BollyDance-Workshops und BollyDance-Ausbildung<\/p>\n<\/li>\n<li data-start=\"1702\" data-end=\"1755\">\n<p data-start=\"1704\" data-end=\"1755\">Junggesellinnenabschiede mit BollyDance-Workshops<\/p>\n<\/li>\n<li data-start=\"1756\" data-end=\"1805\">\n<p data-start=\"1758\" data-end=\"1805\">Therapeutisches Ballett f\u00fcr den PITTH Hamburg<\/p>\n<\/li>\n<\/ul>\n<h1 data-start=\"1807\" data-end=\"1833\">\u2b50\ufe0f Besondere Engagements<\/h1>\n<ul data-start=\"1835\" data-end=\"1914\">\n<li data-start=\"1835\" data-end=\"1914\">\n<p data-start=\"1837\" data-end=\"1914\">Tatjana Wegner als Jury-Mitglied bei KinderKinder e.V. im Kampnagel Hamburg<\/p>\n<\/li>\n<\/ul>\n<h1 data-start=\"1916\" data-end=\"1933\">\u2b50\ufe0f Auszeichnung<\/h1>\n<ol>\n<li style=\"list-style-type: none;\">\n<ol>\n<li style=\"list-style-type: none;\">\n<ol>\n<li style=\"list-style-type: none;\">\n<ol data-start=\"1937\" data-end=\"1992\">\n<li data-start=\"1937\" data-end=\"1992\">\n<p data-start=\"1940\" data-end=\"1992\">Platz beim Bollywood Dance Online Festival (Ukraine)<\/p>\n<\/li>\n<\/ol>\n<\/li>\n<\/ol>\n<\/li>\n<\/ol>\n<\/li>\n<\/ol>\n<p>&nbsp;<\/p>\n<p>&nbsp;<\/p>\n<p>&nbsp;<\/p>\n<h2>Shows und Events 2024<\/h2>\n<h3>BollyDance Veranstaltungen:<\/h3>\n<ul>\n<li>Silvester mit <strong>BollyDance<\/strong> im Restaurant Nandoo<\/li>\n<li><strong>BollyDance-Show<\/strong> f\u00fcr die Weihnachtsfeier der <strong>HSVG ( Hamburgische Schiffbau-Versuchsanstalt GmbH )<br \/>\n<\/strong><\/li>\n<li><strong>BollyDance Show<\/strong> f\u00fcr Shell Event &#8222;Smiling Stars&#8220; in der Kongresshalle Dresden<\/li>\n<li>Diverse <strong>Geburtstagsshows<\/strong> in Pinneberg und im Deniz Center, Bremen<\/li>\n<li>Verschiedene Shows f\u00fcr <strong>tamilische Geburtstage, Hochzeiten und Events<\/strong><\/li>\n<li><strong>Event f\u00fcr &#8222;Desi Boys&#8220;<\/strong> im \u201e1001 Nacht\u201c, Reeperbahn, Hamburg<\/li>\n<li><strong>BollyDance Show<\/strong> im Seniorenzentrum Augustinum, Hamburg<\/li>\n<li>Diverse <strong>indische Hochzeiten<\/strong> in \u201eRoyal Stage\u201c, \u201eLe Royal\u201c, \u201eGolden Center\u201c, \u201eElite\u201c, \u201eParty Haus\u201c, \u201eMusik Haus\u201c und \u201eGlamour\u201c, Hamburg, Deniz Center Bremen<\/li>\n<li>Diverse <strong>afghanische Hochzeiten<\/strong> in \u201eRoyal Stage\u201c, \u201eLe Royal\u201c, \u201eGolden Center\u201c, \u201eElite\u201c, \u201eParty Haus\u201c, \u201eMusik Haus\u201c und \u201eGlamour\u201c, Hamburg<\/li>\n<li><strong>BollyDance Show<\/strong> beim Hoffest im Hof Warder<\/li>\n<li><strong>Hoffest Warder<\/strong>: Organisation &amp; Gestaltung, K\u00fcnstler-Management, diverse Shows und Workshops im Rahmen der \u201eSE Kultur Tage\u201c<\/li>\n<li><strong>Silvester mit BollyDance &amp; LED Show<\/strong> im Cadir Restaurant, Hamburg<\/li>\n<\/ul>\n<h3>LED Shows:<\/h3>\n<ol>\n<li>LED-Show f\u00fcr Atishas 30-j\u00e4hriges Jubil\u00e4um<\/li>\n<li><strong>LED Show<\/strong> beim \u201eNordlicht Festival\u201c mit der Klangsterne Live Band<\/li>\n<li><strong>LED Show<\/strong> beim \u201eNew Healing Festival\u201c mit der Klangsterne Live Band<\/li>\n<li>Diverse <strong>LED Wedding Shows<\/strong> in \u201eRoyal Stage\u201c und \u201eGolden Center\u201c, Hamburg<\/li>\n<li><strong>LED Show<\/strong> beim Hoffest im Hof Warder<\/li>\n<li><strong>LED Show<\/strong> beim Hoffest im Hof Warder mit der Klangsterne Live Band<\/li>\n<\/ol>\n<h3>Workshops, Castings und Shootings:<\/h3>\n<ul>\n<li>Diverse <strong>BollyDance Workshops<\/strong> f\u00fcr Junggesellenabschiede in Hamburg<\/li>\n<li><strong>BollyDance Ausbildung<\/strong> f\u00fcr T\u00e4nzer &amp; Trainer<\/li>\n<li><strong>Choreografie Workshop<\/strong> f\u00fcr Bollywood Weddings<\/li>\n<li><strong>Bollywood Dance Workshop<\/strong> f\u00fcr das Meridian Barmbek Event \u201e1001 Sauna Nacht\u201c<\/li>\n<li>Regelm\u00e4\u00dfige <strong>BollyDance Workshops<\/strong> (1 Mal im Monat)<\/li>\n<li><strong>BollyDance Workshops &amp; Choreografien<\/strong> f\u00fcr Hochzeitspaare: \u201eBrautpaar-Hochzeitstanz\u201c<\/li>\n<li><strong>Bolly Dance Workshop<\/strong> im Hof Warder f\u00fcr den 70. Geburtstag von Klara aus Bad Segeberg<\/li>\n<li><strong>Bolly Dance Workshop<\/strong> im Hof Warder beim Hoffest<\/li>\n<li>Fotoshootings f\u00fcr <strong>BollyDance und die LED-Show &#8222;Unterwasserwelt&#8220;<\/strong> in Hof Warder mit Karin Brodowsky.<\/li>\n<\/ul>\n<h3>Presse:<\/h3>\n<ul>\n<li><strong>Interview\u00fcbersetzung<\/strong> f\u00fcr ukrainische Ballettfl\u00fcchtlinge mit Dagmar Leischow f\u00fcr das \u201eHamburger Kammerballett\u201c\n<ul>\n<li><a href=\"https:\/\/www.vogue.de\/artikel\/hamburger-kammerballet-ukrainische-taenzerinnen-edvin-revazov\">Artikel: <em>So bietet das Hamburger Kammerballett Gefl\u00fcchteten aus der Ukraine mehr als nur eine k\u00fcnstlerische Heimat<\/em> | Vogue Germany<\/a><\/li>\n<\/ul>\n<\/li>\n<\/ul>\n<h2><\/h2>\n<h2><\/h2>\n<p>&nbsp;<\/p>\n<p>&nbsp;<\/p>\n<p>&nbsp;<\/p>\n<p><a href=\"https:\/\/www.pari-productions.com\/wp-content\/uploads\/2016\/07\/BollyDance-in-Maharaja-Palast.png\" class=\"envirabox envirabox\"><img loading=\"lazy\" decoding=\"async\" class=\"paripic100 alignnone wp-image-6585 size-large\" src=\"https:\/\/www.pari-productions.com\/wp-content\/uploads\/2016\/07\/BollyDance-in-Maharaja-Palast-1024x607.png\" alt=\"bollydance-in-maharaja-palast\" width=\"888\" height=\"526\" srcset=\"https:\/\/www.pari-productions.com\/wp-content\/uploads\/2016\/07\/BollyDance-in-Maharaja-Palast-1024x607.png 1024w, https:\/\/www.pari-productions.com\/wp-content\/uploads\/2016\/07\/BollyDance-in-Maharaja-Palast-300x178.png 300w, https:\/\/www.pari-productions.com\/wp-content\/uploads\/2016\/07\/BollyDance-in-Maharaja-Palast-768x455.png 768w, https:\/\/www.pari-productions.com\/wp-content\/uploads\/2016\/07\/BollyDance-in-Maharaja-Palast.png 1145w\" sizes=\"auto, (max-width: 888px) 100vw, 888px\" \/><\/a><\/p>","protected":false},"excerpt":{"rendered":"<p>\u2b50\ufe0f Shows und Events 2025 BollyDance Veranstaltungen Show im Schloss D\u00fcneck Show in Berlin \u2013 gro\u00dfer sri-lankischer Geburtstag (BollyDance &amp; LED) BollyDance-Show f\u00fcr eine Weihnachtsfeier in der OstseeKlinik Fischland Silvester-Show mit BollyDance &amp; LED im Restaurant Nandoo, Hamburg Geburtstags-Show f\u00fcr die Familie Singh BollyDance-Show beim Filmfestival Schwerin Show \u201eTanz mit der Braut\u201c im Royal Palais BollyDance-Shows im Restaurant Nandoo, Hamburg Diverse gro\u00dfe Shows im Hagenbeck Tierpark, Hamburg, im Rahmen der \u201eDschungel-N\u00e4chte\u201c BollyDance-Show in der Seniorenresidenz Hannover Show f\u00fcr das Casino Basel, Schweiz Zahlreiche Shows im Mehndi Restaurant, Hamburg Wedding Shows in Elite, Le Royal, Royal Stage und Royal Palais BollyDance-Show beim Hoffest Warder im Rahmen der SE-Kulturtage Shows f\u00fcr das Restaurant Tandoor Indian Tikka Show f\u00fcr das Indian Fest Committee Diwali-Show im Restaurant Taj Mahal, Ahrensburg \u2b50\ufe0f LED Shows LED-Performance beim Hoffest Warder (SE-Kulturtage) LED Show in Berlin \u2013 gro\u00dfer sri-lankischer Geburtstag \u2b50\ufe0f Presse Bericht \u00fcber Workshops und Location Hof Warder im NDR \u201eNordtour\u201c Pressebericht beim TV Channel Schwerin \u2013 \u201eFilm Festival Schwerin\u201c \u2b50\ufe0f Workshops Individuelle Workshops mit Br\u00e4uten zur Vorbereitung des Hochzeitstanzes Workshops mit der BollyDance Company und Einzelcoachings Dirty Dancing-Workshop f\u00fcr eine Hochzeit im Hof Warder Vielf\u00e4ltige BollyDance-Workshops und BollyDance-Ausbildung Junggesellinnenabschiede mit BollyDance-Workshops Therapeutisches Ballett f\u00fcr den PITTH Hamburg \u2b50\ufe0f Besondere Engagements Tatjana Wegner als Jury-Mitglied bei KinderKinder e.V. im Kampnagel Hamburg \u2b50\ufe0f Auszeichnung Platz beim Bollywood Dance Online Festival (Ukraine) &nbsp; &nbsp; &nbsp; Shows und Events 2024 BollyDance Veranstaltungen: Silvester mit BollyDance im Restaurant Nandoo BollyDance-Show f\u00fcr die Weihnachtsfeier der HSVG ( Hamburgische Schiffbau-Versuchsanstalt GmbH ) BollyDance [&hellip;]<\/p>","protected":false},"author":1,"featured_media":12055,"parent":12483,"menu_order":0,"comment_status":"closed","ping_status":"closed","template":"","meta":{"_exactmetrics_skip_tracking":false,"_exactmetrics_sitenote_active":false,"_exactmetrics_sitenote_note":"","_exactmetrics_sitenote_category":0,"spay_email":"","footnotes":"","_links_to":"","_links_to_target":""},"class_list":["post-6226","page","type-page","status-publish","has-post-thumbnail","hentry"],"jetpack_sharing_enabled":true,"jetpack_shortlink":"https:\/\/wp.me\/P8e50O-1Cq","_links":{"self":[{"href":"https:\/\/www.pari-productions.com\/en\/wp-json\/wp\/v2\/pages\/6226","targetHints":{"allow":["GET"]}}],"collection":[{"href":"https:\/\/www.pari-productions.com\/en\/wp-json\/wp\/v2\/pages"}],"about":[{"href":"https:\/\/www.pari-productions.com\/en\/wp-json\/wp\/v2\/types\/page"}],"author":[{"embeddable":true,"href":"https:\/\/www.pari-productions.com\/en\/wp-json\/wp\/v2\/users\/1"}],"replies":[{"embeddable":true,"href":"https:\/\/www.pari-productions.com\/en\/wp-json\/wp\/v2\/comments?post=6226"}],"version-history":[{"count":83,"href":"https:\/\/www.pari-productions.com\/en\/wp-json\/wp\/v2\/pages\/6226\/revisions"}],"predecessor-version":[{"id":16448,"href":"https:\/\/www.pari-productions.com\/en\/wp-json\/wp\/v2\/pages\/6226\/revisions\/16448"}],"up":[{"embeddable":true,"href":"https:\/\/www.pari-productions.com\/en\/wp-json\/wp\/v2\/pages\/12483"}],"wp:featuredmedia":[{"embeddable":true,"href":"https:\/\/www.pari-productions.com\/en\/wp-json\/wp\/v2\/media\/12055"}],"wp:attachment":[{"href":"https:\/\/www.pari-productions.com\/en\/wp-json\/wp\/v2\/media?parent=6226"}],"curies":[{"name":"wp","href":"https:\/\/api.w.org\/{rel}","templated":true}]}}