{"id":6228,"date":"2016-07-08T21:33:06","date_gmt":"2016-07-08T21:33:06","guid":{"rendered":"http:\/\/pari-productions.com\/?page_id=6228"},"modified":"2026-01-06T01:32:53","modified_gmt":"2026-01-06T01:32:53","slug":"bollywood-castings","status":"publish","type":"page","link":"https:\/\/www.pari-productions.com\/en\/termine\/bollywood-castings\/","title":{"rendered":"Bollywood castings"},"content":{"rendered":"<p><strong>Pari Productions invites you to Bollywood castings:<\/strong><\/p>\n<p>International Bollywood Casting \u201cBOLLYWOOD STARS for the FUTURE! &quot;<br \/>\nRegistration is essential at\u00a0<a href=\"mailto:management@bollydance.de\">management@bollydance.de\u00a0<\/a>required.<\/p>\n<h2>What are we looking for in Bollywood casting?<\/h2>\n<p>Actors, dancers and artists with a weakness for the exotic, rhythmic lust for movement and a pronounced interest in the international genre of Bollywood film!<\/p>\n<div class=\"su-spacer\" style=\"height:20px\"><\/div>\n<p>Pari Productions serves the increasing global interest of Indian film productions in European actors who participate in modern Bollywood productions and even take on leading roles!<\/p>\n<p>Due to many years of experience, contacts and various successfully implemented projects, we are proud to play a unique role in this innovative and open-minded market module. It is our concern to build up an efficient pool of artists in order to be able to serve production companies who are already requesting professional artists!<\/p>\n<p>If you feel addressed, we look forward to receiving your registration for the international Bollywood casting.<\/p>\n<p>We look forward to you!<\/p>\n<div class=\"su-spacer\" style=\"height:20px\"><\/div>\n<p>&nbsp;<\/p>\n<p><strong>Casting Call 2026\u00a0<\/strong><\/p>\n<p><img loading=\"lazy\" decoding=\"async\" class=\"alignnone wp-image-16454 size-large\" src=\"https:\/\/www.pari-productions.com\/wp-content\/uploads\/2026\/01\/FUGU-Bolly-Casting-Call-718x1024.png\" alt=\"\" width=\"718\" height=\"1024\" srcset=\"https:\/\/www.pari-productions.com\/wp-content\/uploads\/2026\/01\/FUGU-Bolly-Casting-Call-718x1024.png 718w, https:\/\/www.pari-productions.com\/wp-content\/uploads\/2026\/01\/FUGU-Bolly-Casting-Call-210x300.png 210w, https:\/\/www.pari-productions.com\/wp-content\/uploads\/2026\/01\/FUGU-Bolly-Casting-Call-140x200.png 140w, https:\/\/www.pari-productions.com\/wp-content\/uploads\/2026\/01\/FUGU-Bolly-Casting-Call-768x1096.png 768w, https:\/\/www.pari-productions.com\/wp-content\/uploads\/2026\/01\/FUGU-Bolly-Casting-Call-1077x1536.png 1077w, https:\/\/www.pari-productions.com\/wp-content\/uploads\/2026\/01\/FUGU-Bolly-Casting-Call-8x12.png 8w, https:\/\/www.pari-productions.com\/wp-content\/uploads\/2026\/01\/FUGU-Bolly-Casting-Call-300x428.png 300w, https:\/\/www.pari-productions.com\/wp-content\/uploads\/2026\/01\/FUGU-Bolly-Casting-Call.png 1078w\" sizes=\"auto, (max-width: 718px) 100vw, 718px\" \/><\/p>\n<p>&nbsp;<\/p>\n<p>&nbsp;<\/p>\n<p>Large auditions took place in Hamburg and India in autumn 2013.<\/p>\n<h2>Bollywood Casting 1:<\/h2>\n<p>For a film production in Mumbai, we were looking for dancers who looked as European as possible (preferably blond) who went to India for about six months to shoot. The castings were organized in autumn by Pari-Productions and the Indian partners in Hamburg. Casting, training and deployment in India were accompanied by an ARD team (SR + SWR) for the TV travel report \u201cMeine Traumreise\u201d.<\/p>\n<h2>Bollywood Casting 2:<\/h2>\n<p>For one of the summers Pari Productions organized a tour with BollyDance shows through Turkish luxury resorts. Exotic looking dancers were wanted. The choreographies were practiced in Hamburg with Pari Productions and then the tour began in Turkey.<\/p>\n<h2>Bollywood Casting 3:<\/h2>\n<p>We are also planning a new Bollywood show as a colorful and full-evening program for theater and show stages. Together with international acrobatics and dance artists, an exotic show is to be created that reflects the diversity of India. The new show is to be designed in the style of previous productions such as BollyDance Circus, Taj Mahal Show or Maharaja Show. We are still looking for actors, artists and dancers with experience and a weakness for Bollywood or India. We are still expanding our database for Bollywood film and stage productions and you are cordially invited to introduce yourself to us. If you are more interested in the casting agency, apply online now.<\/p>","protected":false},"excerpt":{"rendered":"<p>Pari Productions l\u00e4dt zu Bollywood Castings ein: Internationales Bollywood Casting \u201c BOLLYWOOD STARS for the FUTURE! \u201c Die Anmeldung ist unbedingt unter\u00a0management@bollydance.de\u00a0erforderlich. Wonach suchen wir beim Bollywood Casting? Schauspieler\/innen, T\u00e4nzer\/innen und Artisten mit einem Faible f\u00fcr das Exotische, rhythmische Bewegungslust und einem ausgepr\u00e4gten Interesse am internationalen Genre Bollywood-Film! Pari Productions bedient das global zunehmende Interesse von indischen Filmproduktionen an europ\u00e4ischen Schauspieler(innen), die in modernen Bollywood-Produktionen mitwirken und sogar Hauptrollen \u00fcbernehmen! Aufgrund langj\u00e4hriger Erfahrungen, Kontakte und verschiedener erfolgreich realisierter Projekte sind wir stolz darauf, eine einzigartige Rolle in diesem innovativen und aufgeschlossenen Marktmodul zu spielen. Unser Anliegen ist es, einen leistungsf\u00e4higen K\u00fcnstler &#8211; Pool aufzubauen, um bereits anfragende Produktionsfirmen mit professionellen K\u00fcnstlern bedienen zu k\u00f6nnen! Wenn Sie sich angesprochen f\u00fchlen, freuen wir uns sehr Ihre Anmeldung f\u00fcr das\u00a0 Internationale Bollywood &#8211; Casting entgegen zu nehmen. Wir freuen uns auf Sie! &nbsp; Casting Call 2026\u00a0 &nbsp; &nbsp; Gro\u00dfe Castings fanden in Herbst 2013 in Hamburg und Indien statt. Bollywood Casting 1: F\u00fcr eine Filmproduktion in Mumbai suchten wir m\u00f6glichst europ\u00e4isch aussehende T\u00e4nzerinnen (am besten blond), die f\u00fcr Drehs ca. sechs Monate nach Indien gingen. Die Castings wurden im Herbst von Pari-Productions und den indischen Partnern in Hamburg veranstaltet. Casting, Training und Einsatz in Indien wurden von einem ARD-Team (SR + SWR) f\u00fcr die TV-Reiseportage \u201cMeine Traumreise\u201d begleitet. Bollywood Casting 2: F\u00fcr einen der Sommer organisierte Pari Productions eine Tour mit BollyDance-Shows durch t\u00fcrkische Luxusresorts. Es wurden exotisch aussehende T\u00e4nzerinnen gesucht. Die Choreografien wurden in Hamburg mit Pari Productions einge\u00fcbt und dann begann [&hellip;]<\/p>","protected":false},"author":1,"featured_media":12056,"parent":12483,"menu_order":0,"comment_status":"closed","ping_status":"closed","template":"","meta":{"_exactmetrics_skip_tracking":false,"_exactmetrics_sitenote_active":false,"_exactmetrics_sitenote_note":"","_exactmetrics_sitenote_category":0,"spay_email":"","footnotes":"","_links_to":"","_links_to_target":""},"class_list":["post-6228","page","type-page","status-publish","has-post-thumbnail","hentry"],"jetpack_sharing_enabled":true,"jetpack_shortlink":"https:\/\/wp.me\/P8e50O-1Cs","_links":{"self":[{"href":"https:\/\/www.pari-productions.com\/en\/wp-json\/wp\/v2\/pages\/6228","targetHints":{"allow":["GET"]}}],"collection":[{"href":"https:\/\/www.pari-productions.com\/en\/wp-json\/wp\/v2\/pages"}],"about":[{"href":"https:\/\/www.pari-productions.com\/en\/wp-json\/wp\/v2\/types\/page"}],"author":[{"embeddable":true,"href":"https:\/\/www.pari-productions.com\/en\/wp-json\/wp\/v2\/users\/1"}],"replies":[{"embeddable":true,"href":"https:\/\/www.pari-productions.com\/en\/wp-json\/wp\/v2\/comments?post=6228"}],"version-history":[{"count":15,"href":"https:\/\/www.pari-productions.com\/en\/wp-json\/wp\/v2\/pages\/6228\/revisions"}],"predecessor-version":[{"id":16457,"href":"https:\/\/www.pari-productions.com\/en\/wp-json\/wp\/v2\/pages\/6228\/revisions\/16457"}],"up":[{"embeddable":true,"href":"https:\/\/www.pari-productions.com\/en\/wp-json\/wp\/v2\/pages\/12483"}],"wp:featuredmedia":[{"embeddable":true,"href":"https:\/\/www.pari-productions.com\/en\/wp-json\/wp\/v2\/media\/12056"}],"wp:attachment":[{"href":"https:\/\/www.pari-productions.com\/en\/wp-json\/wp\/v2\/media?parent=6228"}],"curies":[{"name":"wp","href":"https:\/\/api.w.org\/{rel}","templated":true}]}}