{"id":6232,"date":"2016-07-08T21:34:39","date_gmt":"2016-07-08T21:34:39","guid":{"rendered":"http:\/\/pari-productions.com\/?page_id=6232"},"modified":"2017-12-12T01:37:58","modified_gmt":"2017-12-12T01:37:58","slug":"team","status":"publish","type":"page","link":"https:\/\/www.pari-productions.com\/en\/bollydance-akademie\/team\/","title":{"rendered":"team"},"content":{"rendered":"<h3>Tatjana Wegner<\/h3>\n<p>Presenter, dancer, choreographer, actress, model, costume designer, author<\/p>\n<h3>Alisa K\u00fchn<\/h3>\n<p>Assistance BollyDance, dancer, trainer, model, costume designer, bespoke tailor<\/p>\n<h3>Carsten Thun<\/h3>\n<p>Photography, graphic design<br \/>\n<a href=\"http:\/\/www.carstenthun.de\">www.carstenthun.de<\/a><\/p>\n<h3>Nikolay Sevke<\/h3>\n<p>Photography, film<br \/>\n<a href=\"http:\/\/www.nikolaisevke.com\">www.nikolaisevke.com<\/a><\/p>\n<h3>Piet Pabst<\/h3>\n<p>Film (DVD): Eyescream Production<\/p>\n<h3>Claudia Tejeda<\/h3>\n<p>photography<\/p>\n<h3>Karin Brodowsky<\/h3>\n<p>photography<\/p>\n<h2>Udo T\u00f6tzke<\/h2>\n<p>photography<\/p>\n<h3>Nadine Geigle<\/h3>\n<p>photography<\/p>\n<h3>Steffan Moor<\/h3>\n<p>photography<\/p>\n<h3>Johannes Kolfhaus<\/h3>\n<p>photography<\/p>\n<h3>Cora Kitschmann<\/h3>\n<p>Costume design, fashion, bespoke tailor<\/p>\n<h3>Nasti Gronowsky<\/h3>\n<p>Fashion, graphic design<\/p>\n<h3>Katinka Jaekel - talkandwrite<\/h3>\n<p>Speaker, copywriter, presenter (DVD)<br \/>\n<a href=\"http:\/\/www.talkandwrite.de\">www.talkandwrite.de<\/a><\/p>\n<h3>Ilona Kiss<\/h3>\n<p>Texts + SEO optimization (DVD, flyer, website)<\/p>\n<h3>Web design<\/h3>\n<p><a href=\"mailto:mn@deichweb.de\" target=\"_blank\" rel=\"noopener noreferrer\">Matthias van den Nieuwendijk<\/a>, Tatjana Wegner<\/p>","protected":false},"excerpt":{"rendered":"<p>Tatjana Wegner Pr\u00e4senterin, T\u00e4nzerin, Choreografin, Schauspielerin, Model, Kost\u00fcmdesignerin, Autorin Alisa K\u00fchn Assistenz BollyDance, T\u00e4nzerin, Trainerin, Model, Kost\u00fcmdesignerin, Ma\u00dfschneiderin Carsten Thun Fotografie, Grafik Design www.carstenthun.de Nikolay Sevke Fotografie, Film www.nikolaisevke.com Piet Pabst Film (DVD): Eyescream Produktion Claudia Tejeda Fotografie Karin Brodowsky Fotografie Udo T\u00f6tzke Fotografie Nadine Geigle Fotografie Steffan Moor Fotografie Johannes Kolfhaus Fotografie Cora Kitschmann Kost\u00fcm Design, Fashion, Ma\u00dfschneiderin Nasti Gronowsky Fashion, Grafik Design Katinka Jaekel &#8211; talkandwrite Sprecherin, Texterin, Moderatorin (DVD) www.talkandwrite.de Ilona Kiss Texte + SEO-Optimierung (DVD, Flyer, Website) Webdesign Matthias van den Nieuwendijk, Tatjana Wegner<\/p>","protected":false},"author":1,"featured_media":12071,"parent":12489,"menu_order":0,"comment_status":"closed","ping_status":"closed","template":"","meta":{"_exactmetrics_skip_tracking":false,"_exactmetrics_sitenote_active":false,"_exactmetrics_sitenote_note":"","_exactmetrics_sitenote_category":0,"spay_email":"","footnotes":"","_links_to":"","_links_to_target":""},"class_list":["post-6232","page","type-page","status-publish","has-post-thumbnail","hentry"],"jetpack_sharing_enabled":true,"jetpack_shortlink":"https:\/\/wp.me\/P8e50O-1Cw","_links":{"self":[{"href":"https:\/\/www.pari-productions.com\/en\/wp-json\/wp\/v2\/pages\/6232","targetHints":{"allow":["GET"]}}],"collection":[{"href":"https:\/\/www.pari-productions.com\/en\/wp-json\/wp\/v2\/pages"}],"about":[{"href":"https:\/\/www.pari-productions.com\/en\/wp-json\/wp\/v2\/types\/page"}],"author":[{"embeddable":true,"href":"https:\/\/www.pari-productions.com\/en\/wp-json\/wp\/v2\/users\/1"}],"replies":[{"embeddable":true,"href":"https:\/\/www.pari-productions.com\/en\/wp-json\/wp\/v2\/comments?post=6232"}],"version-history":[{"count":19,"href":"https:\/\/www.pari-productions.com\/en\/wp-json\/wp\/v2\/pages\/6232\/revisions"}],"predecessor-version":[{"id":12838,"href":"https:\/\/www.pari-productions.com\/en\/wp-json\/wp\/v2\/pages\/6232\/revisions\/12838"}],"up":[{"embeddable":true,"href":"https:\/\/www.pari-productions.com\/en\/wp-json\/wp\/v2\/pages\/12489"}],"wp:featuredmedia":[{"embeddable":true,"href":"https:\/\/www.pari-productions.com\/en\/wp-json\/wp\/v2\/media\/12071"}],"wp:attachment":[{"href":"https:\/\/www.pari-productions.com\/en\/wp-json\/wp\/v2\/media?parent=6232"}],"curies":[{"name":"wp","href":"https:\/\/api.w.org\/{rel}","templated":true}]}}