{"id":6234,"date":"2016-07-08T21:35:17","date_gmt":"2016-07-08T21:35:17","guid":{"rendered":"http:\/\/pari-productions.com\/?page_id=6234"},"modified":"2017-12-12T02:44:46","modified_gmt":"2017-12-12T02:44:46","slug":"bollywood-tanzshow","status":"publish","type":"page","link":"https:\/\/www.pari-productions.com\/en\/bollywood-tanzshow\/","title":{"rendered":"Dance shows for your event"},"content":{"rendered":"<p><strong>Pari Productions gives your event its own artistic expression and a very special character.<br \/>\n<\/strong><\/p>\n<p>Our dancers, musicians and artists will take your guests into fairytale worlds full of exotic temptations and unique dance performances. We are happy to offer you a &quot;tailor-made&quot; show according to your ideas so that you can invite your guests to an authentic and individual event. We look forward to hearing from you and would be happy to inform you personally about our offer!<\/p>\n<p><strong>We are happy to create a tailor-made show for each topic<\/strong><\/p>\n<p><a href=\"http:\/\/www.pari-productions.com\/wp-content\/uploads\/2016\/07\/Ballett-Schuhe.jpg\" class=\"envirabox envirabox\"><img loading=\"lazy\" decoding=\"async\" class=\"pic40 alignright wp-image-6600 size-medium\" src=\"http:\/\/www.pari-productions.com\/wp-content\/uploads\/2016\/07\/Ballett-Schuhe-300x175.jpg\" alt=\"Spitzenschuhe Ballett \" width=\"300\" height=\"175\" srcset=\"https:\/\/www.pari-productions.com\/wp-content\/uploads\/2016\/07\/Ballett-Schuhe-300x175.jpg 300w, https:\/\/www.pari-productions.com\/wp-content\/uploads\/2016\/07\/Ballett-Schuhe-768x447.jpg 768w, https:\/\/www.pari-productions.com\/wp-content\/uploads\/2016\/07\/Ballett-Schuhe-1024x596.jpg 1024w, https:\/\/www.pari-productions.com\/wp-content\/uploads\/2016\/07\/Ballett-Schuhe-1200x698.jpg 1200w\" sizes=\"auto, (max-width: 300px) 100vw, 300px\" \/><\/a><\/p>\n<ul>\n<li>Bollywood dance original<\/li>\n<li>BollyDance<\/li>\n<li>Bhangra Hip Hop Show<\/li>\n<li>Balletero<\/li>\n<li>Salsa &amp; more<\/li>\n<li>Flamenco Fire: Flamenteras, the modern Carmen<\/li>\n<li>Travel Show: Dance journey through the countries<\/li>\n<li>Indian Spirit<\/li>\n<li>Ballet goes Hip Hop &amp; Breakdance: Heaven and Earth<\/li>\n<li>Mexican Flair and the Mayan Aztec Show<\/li>\n<li>WWW-Wild West: Cowboy Show<\/li>\n<\/ul>\n<p>To get an impression, please go to the <a href=\"\/en\/?page_id=6363\">Picture gallery.<\/a><\/p>","protected":false},"excerpt":{"rendered":"<p>Pari Productions gibt Ihrer Veranstaltung einen eigenen k\u00fcnstlerischen Ausdruck sowie eine ganz besondere Pr\u00e4gung. Ihre G\u00e4ste werden von unseren T\u00e4nzern, Musikern und Artisten in\u00a0 m\u00e4rchenhafte Welten voll exotischer Versuchungen und einzigartiger Tanzdarbietungen entf\u00fchrt. Gerne bieten wir Ihnen eine nach Ihren Vorstellungen \u201ema\u00dfgeschneiderte\u201c Show, damit Sie Ihre G\u00e4ste zu einer authentischen und individuellen Veranstaltung einladen k\u00f6nnen. Wir freuen uns auf Sie und informieren Sie gerne pers\u00f6nlich \u00fcber unser Angebot! Zu jedem Thema gestalten wir gerne eine ma\u00dfgeschneidete Show Bollywood Tanz Original BollyDance Bhangra Hip Hop Show Balletero Salsa &amp; more Flamenco Fire: Flamenteras, die moderne Carmen Reise Show: T\u00e4nzerische Reise durch die L\u00e4nder Indian Spirit Ballett goes Hip Hop &amp; Breakdance: Himmel und Erde Mexican Flair und die Maya-Azteken Show WWW-Wild West: Cowboy Show Um einen Eindruck zu bekommen, gehen Sie gerne auf die Bildergalerie.<\/p>","protected":false},"author":1,"featured_media":12052,"parent":0,"menu_order":33,"comment_status":"closed","ping_status":"closed","template":"","meta":{"_exactmetrics_skip_tracking":false,"_exactmetrics_sitenote_active":false,"_exactmetrics_sitenote_note":"","_exactmetrics_sitenote_category":0,"spay_email":"","footnotes":"","_links_to":"","_links_to_target":""},"class_list":["post-6234","page","type-page","status-publish","has-post-thumbnail","hentry"],"jetpack_sharing_enabled":true,"jetpack_shortlink":"https:\/\/wp.me\/P8e50O-1Cy","_links":{"self":[{"href":"https:\/\/www.pari-productions.com\/en\/wp-json\/wp\/v2\/pages\/6234","targetHints":{"allow":["GET"]}}],"collection":[{"href":"https:\/\/www.pari-productions.com\/en\/wp-json\/wp\/v2\/pages"}],"about":[{"href":"https:\/\/www.pari-productions.com\/en\/wp-json\/wp\/v2\/types\/page"}],"author":[{"embeddable":true,"href":"https:\/\/www.pari-productions.com\/en\/wp-json\/wp\/v2\/users\/1"}],"replies":[{"embeddable":true,"href":"https:\/\/www.pari-productions.com\/en\/wp-json\/wp\/v2\/comments?post=6234"}],"version-history":[{"count":16,"href":"https:\/\/www.pari-productions.com\/en\/wp-json\/wp\/v2\/pages\/6234\/revisions"}],"predecessor-version":[{"id":13395,"href":"https:\/\/www.pari-productions.com\/en\/wp-json\/wp\/v2\/pages\/6234\/revisions\/13395"}],"wp:featuredmedia":[{"embeddable":true,"href":"https:\/\/www.pari-productions.com\/en\/wp-json\/wp\/v2\/media\/12052"}],"wp:attachment":[{"href":"https:\/\/www.pari-productions.com\/en\/wp-json\/wp\/v2\/media?parent=6234"}],"curies":[{"name":"wp","href":"https:\/\/api.w.org\/{rel}","templated":true}]}}