{"id":6240,"date":"2016-07-08T21:37:09","date_gmt":"2016-07-08T21:37:09","guid":{"rendered":"http:\/\/pari-productions.com\/?page_id=6240"},"modified":"2017-12-13T22:05:37","modified_gmt":"2017-12-13T22:05:37","slug":"bollywood-schauspieler-werden","status":"publish","type":"page","link":"https:\/\/www.pari-productions.com\/en\/casting-agentur\/bollywood-schauspieler-werden\/","title":{"rendered":"Bollywood actors get synapsed with Bollywood"},"content":{"rendered":"<p>My dreams are jewels of sparkling life, fireflies flicker, in the silent depths of the night, the sparks of light dance (Tagore)<\/p>\n<p><strong>Our lecturer Nila Aliaa Hawa<\/strong><\/p>\n<p>Nila is a seasoned actress, director, acting teacher and Feldenkrais trainer. She was born in Africa with Indian \/ African roots and grew up in England.<br \/>\nShe received her academic training in Germany and the USA, where she completed her acting studies with an MFA. Further travels and studies took her to India and Hawaii and resulted in a Feldenkrais training. Nila&#039;s multicultural background as well as the numerous interdisciplinary influences inspired her to develop her training concept Synapsing.<br \/>\nSynapsing awakens the original creative forces, inspires spontaneity, exciting discoveries and encourages artistic and personal expression or development.<br \/>\nFor more than 20 years she has addressed not only actors, dancers, singers, directors, but also therapists and everyone who cares about the development and intensification of their own creativity with her courses, workshops and performances. Nila grew up with Bollywood films: &quot;They were my first impression of the art or craft of representation and cinematic storytelling.&quot;<br \/>\nSo she decided to become an actress at the tender age of 7 and to this day these influences have been a strong part of her visual sense of beauty and technique. Her life made her a citizen of the world but her work always reveals her Indian roots \u201d. Nila has her permanent residence in London, where she works as an actress and synapsing trainer, but she speaks fluent German. She also gives courses all over Europe. She has appeared in the West End productions &quot;Bombay Dreams&quot; (Andrew Lloyd Weber) and &quot;Instant Celebrity&quot; (Silver Star); her TV appearances were in &quot;Spooks&quot; (BBC), &quot;A touch of frost&quot; or &quot;Bike Squad&quot; (ITV) and &quot;Five Days&quot; (HBO \/ BBC).<\/p>\n<p><strong>Bollywood Acting Workshop &quot;Touch of India&quot;<br \/>\n<\/strong><\/p>\n<p>Synapsing awakens the original creative forces, inspires spontaneity and exciting discoveries and encourages artistic and personal expression or development. Do you want to be a Bollywood actor? This acting course can help you learn Bollywood acting as well as Indian theater tradition. We concentrate on Bollywood role models, which combine contemporary topics with archetypal features that determine everyday life in India to this day. We will discover Asian storytelling techniques that include drama, movement, dance, music, singing, language and silence.<br \/>\nOur goal is to introduce the variants of artistic expression in India and to awaken the actor who makes Bollywood films unmistakable. With the help of synapsing techniques, drama, movement, Feldenkrais, music, writing and voice are interwoven. In this pulsating atmosphere we will discover similarities between the Orient and the Occident and create expressive magical moments through mutual influences. Group, partner or individual exercises will keep our creativity alive and productive. Dynamics and synapsing techniques encourage one to practice the essence of the drama and its adventurous discovery. In addition, awareness, sensitivity, trust and cooperation are intensified. We develop roles, monologues or drafts that make Bollywood productions so alive, just as we explore the depths of the Indian narrative tradition.<br \/>\nWe will touch India as it touches us.<\/p>\n<p>&quot;Touch of India 1&quot; is an introductory course, which will be followed by an intermediate and advanced course at the beginning of next year.<\/p>","protected":false},"excerpt":{"rendered":"<p>Meine Tr\u00e4ume sind Juwelen funkelnden Lebens, Gl\u00fchw\u00fcrmchen flackern, in der stillen Tiefe der Nacht, tanzen die Lichterfunken (Tagore) Unsere Dozentin Nila Aliaa Hawa Nila ist eine erfahrene Schauspielerin, Regisseurin, Schauspieltlehrerin und Feldenkrais-Trainerin. Sie wurde in Afrika mit indisch\/afrikanischen Wurzeln geboren und wuchs in England auf. Ihre akademische Ausbildung erhielt sie in Deutschland und den USA, wo sie ihr Schauspielstudium mit dem MFA abschloss. Weitere Reisen und Studien f\u00fchrten sie nach Indien sowie Hawaii und m\u00fcndeten in einer Feldenkrais-Ausbildung. Nilas multikultureller Hintergrund wie auch die zahlreichen interdisziplin\u00e4ren Einfl\u00fcsse inspirierten sie zu der Entwicklung ihres Ausbildungskonzepts Synapsing. Synapsing weckt die urspr\u00fcnglichen kreativen Kr\u00e4fte, inspiriert zu Spontanit\u00e4t, spannenden Entdeckungen und ermutigt zu k\u00fcnstlerischem sowie pers\u00f6nlichem Ausdruck oder Entwicklungen. Mehr als 20 Jahre sprach sie mit ihren Kursen, Workshops und Performances nicht nur Schauspieler, T\u00e4nzer, S\u00e4nger, Regisseure sondern auch Therapeuten und alle, denen die Entwicklung sowie Intensivierung der eigenen Kreativit\u00e4t am Herzen lag, an. Nila wuchs mit Bollywoodfilmen auf : \u201esie waren mein erster Eindruck von der Kunst bzw. des Handwerks der Darstellung und der filmischen Erz\u00e4hlkunst.&#8220; Somit beschloss sie im zarten Alter von 7 Schauspielerin zu werden und bis zum heutigen Tag waren diese Einfl\u00fcsse ein starker Bestandteil ihres visuellen Sch\u00f6nheitsempfindens sowie ihrer Technik. Ihr Leben hat sie zu einer Weltb\u00fcrgerin gemacht aber ihre Arbeit l\u00e4sst immer ihre indischen Wurzeln erkennen\u201c. Ihren st\u00e4ndigen Wohnsitz hat Nila in London, wo sie als Schauspielerin und Synapsing-Trainerin arbeite, trotzdem spricht sie flie\u00dfend Deutsch. Dar\u00fcber hinaus gibt sie Kurse in ganz Europa. Darstellerin war sie u.a. in [&hellip;]<\/p>","protected":false},"author":1,"featured_media":12049,"parent":12495,"menu_order":0,"comment_status":"closed","ping_status":"closed","template":"","meta":{"_exactmetrics_skip_tracking":false,"_exactmetrics_sitenote_active":false,"_exactmetrics_sitenote_note":"","_exactmetrics_sitenote_category":0,"spay_email":"","footnotes":"","_links_to":"","_links_to_target":""},"class_list":["post-6240","page","type-page","status-publish","has-post-thumbnail","hentry"],"jetpack_sharing_enabled":true,"jetpack_shortlink":"https:\/\/wp.me\/P8e50O-1CE","_links":{"self":[{"href":"https:\/\/www.pari-productions.com\/en\/wp-json\/wp\/v2\/pages\/6240","targetHints":{"allow":["GET"]}}],"collection":[{"href":"https:\/\/www.pari-productions.com\/en\/wp-json\/wp\/v2\/pages"}],"about":[{"href":"https:\/\/www.pari-productions.com\/en\/wp-json\/wp\/v2\/types\/page"}],"author":[{"embeddable":true,"href":"https:\/\/www.pari-productions.com\/en\/wp-json\/wp\/v2\/users\/1"}],"replies":[{"embeddable":true,"href":"https:\/\/www.pari-productions.com\/en\/wp-json\/wp\/v2\/comments?post=6240"}],"version-history":[{"count":8,"href":"https:\/\/www.pari-productions.com\/en\/wp-json\/wp\/v2\/pages\/6240\/revisions"}],"predecessor-version":[{"id":13401,"href":"https:\/\/www.pari-productions.com\/en\/wp-json\/wp\/v2\/pages\/6240\/revisions\/13401"}],"up":[{"embeddable":true,"href":"https:\/\/www.pari-productions.com\/en\/wp-json\/wp\/v2\/pages\/12495"}],"wp:featuredmedia":[{"embeddable":true,"href":"https:\/\/www.pari-productions.com\/en\/wp-json\/wp\/v2\/media\/12049"}],"wp:attachment":[{"href":"https:\/\/www.pari-productions.com\/en\/wp-json\/wp\/v2\/media?parent=6240"}],"curies":[{"name":"wp","href":"https:\/\/api.w.org\/{rel}","templated":true}]}}