{"id":6244,"date":"2016-07-08T21:38:04","date_gmt":"2016-07-08T21:38:04","guid":{"rendered":"http:\/\/pari-productions.com\/?page_id=6244"},"modified":"2017-12-19T18:39:52","modified_gmt":"2017-12-19T18:39:52","slug":"unsere-castings","status":"publish","type":"page","link":"https:\/\/www.pari-productions.com\/en\/referenzen\/unsere-castings\/","title":{"rendered":"credentials"},"content":{"rendered":"<p>Bollywood castings for film productions have been held regularly since 2008. So we were able to cast a lot of great new artists and add them to our card index.<br \/>\nSome of these castings were accompanied by the TV broadcaster NDR or the magazine &quot;Bild der Frau&quot; and there are more <a href=\"http:\/\/www.pari-productions.com\/en\/referenzen-menu\/bollywood-danceshows\/\">Dates for the BollyDance Company too<\/a> in planning. You can here <a href=\"http:\/\/www.pari-productions.com\/en\/kontakt\/\">APPLY.<\/a><\/p>\n<div class=\"su-spacer\" style=\"height:20px\"><\/div>\n<h2>Bollywood casting in cooperation with &quot;Ever India&quot; - casting agency from Mumbai<\/h2>\n<p>Working for Bollywood Films!<br \/>\nWe are looking for female dancers for Bollywood film and dance performances with the main location in Mumbai \/ India!<br \/>\nYou have experience as a dancer, you are about 165-170 cm tall, maybe even blonde and would like to work in India for 6 months and have the necessary vaccinations and a valid passport?<br \/>\nIf you are curious and want to find out more - contact us by email <a href=\"mailto:casting@pari-productions.com\">casting@pari-productions.com<\/a>to get more information. Before that we would like some brief information about you as well as some current pictures, one with and without make-up, one on which you can be seen completely and a dance picture.<\/p>\n<div class=\"su-spacer\" style=\"height:20px\"><\/div>\n<h2><a href=\"http:\/\/www.pari-productions.com\/wp-content\/uploads\/2016\/07\/MG_3626.jpg\" class=\"envirabox envirabox\"><img loading=\"lazy\" decoding=\"async\" class=\"pic20 alignright wp-image-6606 size-thumbnail\" src=\"http:\/\/www.pari-productions.com\/wp-content\/uploads\/2016\/07\/MG_3626-150x150.jpg\" alt=\"Bollywood Casting for Ever India 2013\" width=\"150\" height=\"150\" \/><\/a>Casting for Mumbai: Bollywood Film Productions 2013<\/h2>\n<p>At the end of 2013 Pari Productions did a casting for the Bollywood film industry in India. We were looking for blonde dancers. The whole thing was accompanied by the Hamburg evening paper.<br \/>\n<a href=\"http:\/\/www.pari-productions.com\/en\/gallery\/bollydance-casting-2013\/\">Link to the gallery<\/a><\/p>\n<div class=\"su-spacer\" style=\"height:20px\"><\/div>\n<h2><a href=\"http:\/\/www.pari-productions.com\/wp-content\/uploads\/2016\/07\/MG_7497.jpg\" class=\"envirabox envirabox\"><img loading=\"lazy\" decoding=\"async\" class=\"pic20 alignright wp-image-6609 size-thumbnail\" src=\"http:\/\/www.pari-productions.com\/wp-content\/uploads\/2016\/07\/MG_7497-150x150.jpg\" alt=\"Casting &quot; Kaiserschmarrn&quot;\" width=\"150\" height=\"150\" \/><\/a>CASTING FOR CINEMA FILM &quot;KAISERSCHMARRN&quot;<\/h2>\n<p>Pari Production organized the casting for the movie &quot;Kaiserschmarrn&quot;. 40 dancers were selected from 100. The trailer was shot in October 2012. The jury members at the casting were: Tatjana Wegner, Tobias Galke, Sebastian Deyle, Andreas Knuffmann. Producers are: Sebastian Deyle (leading role) and Andreas Knufmann (Boomerang Films Productions).<br \/>\n<a href=\"http:\/\/www.pari-productions.com\/en\/gallery\/casting-kaiserschmarrn\/\">Link to the gallery<\/a><\/p>\n<div class=\"su-spacer\" style=\"height:20px\"><\/div>\n<h2><a href=\"http:\/\/www.pari-productions.com\/wp-content\/uploads\/2016\/07\/DISHKIYAOON.jpg\" class=\"envirabox envirabox\"><img loading=\"lazy\" decoding=\"async\" class=\"pic20 alignright wp-image-6617 size-thumbnail\" src=\"http:\/\/www.pari-productions.com\/wp-content\/uploads\/2016\/07\/DISHKIYAOON-150x150.jpg\" alt=\"Dishkiyaoon\" width=\"150\" height=\"150\" srcset=\"https:\/\/www.pari-productions.com\/wp-content\/uploads\/2016\/07\/DISHKIYAOON-150x150.jpg 150w, https:\/\/www.pari-productions.com\/wp-content\/uploads\/2016\/07\/DISHKIYAOON.jpg 179w\" sizes=\"auto, (max-width: 150px) 100vw, 150px\" \/><\/a><strong>&quot;DISHKIYAOON&quot; - Bollywood film with Hermann Baweja in 2012<\/strong><\/h2>\n<p>Dishkiyaoon - Official Trailer ft. Harman Baweja, Sunny Deol, Ayesha Khanna. Once again Pari Productions worked with the producer of \u201cAap Ka Suroor\u201d Vivek Singhania and cast for his new film \u201cDISHKIYAON\u201d.<br \/>\nThe shooting with Hermann Baweja was completed in 2013 in Mumbai.<br \/>\n<a href=\"https:\/\/www.youtube.com\/watch?v=I1fhdUuoBAI\">Link to the film<\/a><\/p>\n<div class=\"su-spacer\" style=\"height:20px\"><\/div>\n<h2><a href=\"http:\/\/www.pari-productions.com\/wp-content\/uploads\/2016\/07\/Casting-Goa.jpg\" class=\"envirabox envirabox\"><img loading=\"lazy\" decoding=\"async\" class=\"pic20 alignright wp-image-6620 size-thumbnail\" src=\"http:\/\/www.pari-productions.com\/wp-content\/uploads\/2016\/07\/Casting-Goa-150x150.jpg\" alt=\"Casting Bollywood in Goa\" width=\"150\" height=\"150\" \/><\/a>Workshops &amp; Castings in India, Goa<\/h2>\n<p>Another visit to Mumbai and the experience with Bollywood film productions have shown that there is a great need for European actors on site. So Pari Productions has decided to operate directly in India. Between January 17 and March 17, 2011 Pari Productions organized castings and special workshops in Goa, tailored directly to the respective film and event productions. For all those interested it was an ideal opportunity to take the first steps to Bollywood and combine a beach holiday with it. The auditions were a complete success and have confirmed Pari Productions in this approach. Since many film productions from Mumbai are present in Goa, artists could be arranged. The initiative was welcomed by the Bollywood industry. Tatjana Wegner, Sissi Perlinger, Marianne Borgo and Manoj Srivastava were on the jury and were able to view many interesting applicants or add them to the placement database. Further castings of this kind are planned in the future.<br \/>\n<a href=\"http:\/\/www.pari-productions.com\/en\/gallery\/casting-in-goa-2011\/\">Link to the gallery<\/a><\/p>\n<div class=\"su-spacer\" style=\"height:20px\"><\/div>\n<h2><a href=\"http:\/\/www.pari-productions.com\/wp-content\/uploads\/2016\/07\/DSC01951.jpg\" class=\"envirabox envirabox\"><img loading=\"lazy\" decoding=\"async\" class=\"pic20 alignright wp-image-6622 size-thumbnail\" src=\"http:\/\/www.pari-productions.com\/wp-content\/uploads\/2016\/07\/DSC01951-150x150.jpg\" alt=\"Bollywood&amp;beyond Festival\" width=\"150\" height=\"150\" \/><\/a>&quot;Bollywood and beyond&quot;<\/h2>\n<p>For the first time, a Bollywood dance contest took place as part of the Bollywood film festival \u201cBollywood and beyond\u201d, the largest festival for Indian film outside of India. Tatjana Wegner was appointed as a juror alongside the patroness Loona (Popstars jury) and Manisha Koirala. The festival took place from July 21-25, 2010 in the SI-Centrum Stuttgart and was organized by the Baden-W\u00fcrttemberg Film Office. Dance groups from all over Germany could take part and the prize money and an exclusive report in the German-language Bollywood magazine ISQH were awarded. The winner of the festival was the group: Dhadkan Punjab Di.<br \/>\n<a href=\"http:\/\/www.pari-productions.com\/en\/gallery\/bollywoodbeyond-festival\/\">Link to the gallery<\/a><\/p>\n<div class=\"su-spacer\" style=\"height:20px\"><\/div>\n<h2><a href=\"http:\/\/www.pari-productions.com\/wp-content\/uploads\/2016\/07\/Cover-Crazy-in-Love.jpg\" class=\"envirabox envirabox\"><img loading=\"lazy\" decoding=\"async\" class=\"pic20 alignright wp-image-6624 size-thumbnail\" src=\"http:\/\/www.pari-productions.com\/wp-content\/uploads\/2016\/07\/Cover-Crazy-in-Love-150x150.jpg\" alt=\"Film Cover-crazy-in-love\" width=\"150\" height=\"150\" \/><\/a>Children&#039;s short film &quot;Crazy in Love&quot;<\/h2>\n<p>Bollywood in Hamburg - in the early summer of 2010, the children&#039;s short film &quot;Crazy in Love&quot; was shot under the direction of Ali Hakim and Peter Oldak. As with the Indian role models, this is also about love. The convent student Sanju falls in love with the substitute teacher Blumenberg. Just like in Bollywood, he sings about his love and various dance scenes follow. Unfortunately, waking up from this daydream is not that gentle. Pari Production was present at the casting and Tatjana Wegner choreographed the dance scenes.<br \/>\n<a href=\"http:\/\/www.pari-productions.com\/en\/gallery\/bollykurzfilm-crazy-in-love\/\">Link to the gallery<\/a><\/p>\n<div class=\"su-spacer\" style=\"height:20px\"><\/div>\n<h2><a href=\"http:\/\/www.pari-productions.com\/wp-content\/uploads\/2016\/07\/9.Bollywood-003-copy-Small.jpg\" class=\"envirabox envirabox\"><img loading=\"lazy\" decoding=\"async\" class=\"pic20 alignright wp-image-6626 size-thumbnail\" src=\"http:\/\/www.pari-productions.com\/wp-content\/uploads\/2016\/07\/9.Bollywood-003-copy-Small-150x150.jpg\" alt=\"Hexe Lili 2 - Movie\" width=\"150\" height=\"150\" \/><\/a>Witch Lilli 2- The trip to Mandolan. Disney goes Bollywood ...<\/h2>\n<p>In the second part, &quot;WITCH LILLI - The Journey to Mandolan&quot;, Lilli, the little super witch travels to Mandolan, a fairytale-like India, to free the rightful king. When they arrive at the Mandolan&#039;s throne room, there is a big celebration at which a Bollywood dance group with 10-12 dancers is to perform. Pari Productions hosted a casting for Disney Production. At the beginning of September 2009 the Bollywood dance scene was successfully filmed in Babelsberg Studio with the dancers we arranged. The dance group consisted of dancers from Hamburg, Berlin and Bombay. The movie was presented in the cinema in February 2011.<br \/>\n<a href=\"http:\/\/www.pari-productions.com\/en\/gallery\/hexe-lili-2-dysney-film\/\">Link to the gallery<\/a><\/p>\n<div class=\"su-spacer\" style=\"height:20px\"><\/div>\n<h2><a href=\"http:\/\/www.pari-productions.com\/wp-content\/uploads\/2016\/07\/india-2009-10-001.jpg\" class=\"envirabox envirabox\"><img loading=\"lazy\" decoding=\"async\" class=\"pic20 alignright wp-image-6628 size-thumbnail\" src=\"http:\/\/www.pari-productions.com\/wp-content\/uploads\/2016\/07\/india-2009-10-001-150x150.jpg\" alt=\"India India Show\" width=\"150\" height=\"150\" \/><\/a>I.<strong>ndian Circus Show - the new stage show &quot;India India&quot;<\/strong><\/h2>\n<p>Pari Productions hosted auditions for the &quot;India India&quot; show. This colorful, exotic spectacle celebrated its premiere in December 2009. The makers of the circus event \u201cAfrica! Africa \u201d, which celebrated worldwide success, have taken over the organization of the\u201c India Circus Show \u201d, which revealed incredible insights into the dazzling, mystical culture of India. We were looking for Indian and Asian artists, dancers, singers and artists!<\/p>\n<div class=\"su-spacer\" style=\"height:20px\"><\/div>\n<h2><a href=\"http:\/\/www.pari-productions.com\/wp-content\/uploads\/2016\/07\/Die-Klappe.jpg\" class=\"envirabox envirabox\"><img loading=\"lazy\" decoding=\"async\" class=\"pic20 alignright wp-image-6630 size-thumbnail\" src=\"http:\/\/www.pari-productions.com\/wp-content\/uploads\/2016\/07\/Die-Klappe-150x150.jpg\" alt=\"Aap ka surroor - Movie\" width=\"150\" height=\"150\" \/><\/a>Casting for the film AAP KAA SURROOR<\/h2>\n<p>\u201cAap Ka Suroor\u201d was the first major Bollywood film production in Germany with the participation of Tatjana Wegner and the BollyDance Company. Under the guidance of the famous Indian choreographer \u201cMaster G\u201d the shooting took place with 30 dancers from India and 20 dancers from the BollyDance Company in Germany. More than 80 journalists reported on it in TV and print, including RTL, Bildzeitung, WDR and many more. The shooting took place between March 12th. - 16.03.07.<br \/>\n<a href=\"http:\/\/www.pari-productions.com\/en\/gallery\/hexe-lili-2\/\">Link to the gallery<\/a><\/p>\n<div class=\"su-spacer\" style=\"height:20px\"><\/div>\n<p><a href=\"http:\/\/www.pari-productions.com\/wp-content\/uploads\/2016\/07\/Bild-der-Frau-Casting.jpg\" class=\"envirabox envirabox\"><img loading=\"lazy\" decoding=\"async\" class=\"pic20 alignright wp-image-6632 size-thumbnail\" src=\"http:\/\/www.pari-productions.com\/wp-content\/uploads\/2016\/07\/Bild-der-Frau-Casting-150x150.jpg\" alt=\"bild-der-frau-casting\" width=\"150\" height=\"150\" \/><\/a><strong>Pari Productions coordinated the casting at the \u201cBAMBI\u201d award for \u201cLoerke Kommunikation\u201d in Hamburg for the Indian Lounge in 2004.<\/strong><\/p>","protected":false},"excerpt":{"rendered":"<p>Seit 2008 finden regelm\u00e4\u00dfige Bollywood Castings f\u00fcr Filmproduktionen statt. So konnten wir viele tolle neue K\u00fcnstler casten und in unsere Kartei aufnehmen. Teilweise wurden diese Castings vom TV-Sender NDR oder der Zeitschrift \u201eBild der Frau\u201c begleitet und es sind weitere Termine auch f\u00fcr die BollyDance Company in Planung.\u2028\u2028 Sie k\u00f6nnen sich hier BEWERBEN. Bollywood Casting in Kooperation mit &#8222;Ever India&#8220; &#8211; Casting Agentur aus Mumbai Arbeiten f\u00fcr Bollywood Filme ! F\u00fcr Bollywood Film- und Tanzauftritte mit Haupt-Standort Mumbai\/Indien werden T\u00e4nzerinnen gesucht! Du hast Erfahrung als T\u00e4nzerin, bist etwa 165-170 cm gro\u00df, vielleicht sogar blond und hast Lust, f\u00fcr 6 Monate in Indien zu arbeiten und verf\u00fcgst \u00fcber die notwendigen Impfungen und einen g\u00fcltigen Reisepass? Wenn du neugierig geworden bist und mehr erfahren m\u00f6chtest &#8211; melde dich bei uns per E-Mail unter casting@pari-productions.com, um genauere Infos zu erhalten. Vorher h\u00e4tten wir gerne ein paar kurze Infos \u00fcber dich sowie einige aktuelle Bilder, jeweils eines mit und ohne Make Up, eines auf den du komplett zu sehen bist sowie ein Tanzbild. Casting f\u00fcr Mumbai: Bollywood Film Produktionen 2013 Ende 2013 f\u00fchrte Pari Productions ein Casting f\u00fcr die Bollywood Film Industrie in Indien durch. Gesucht wurden blonde T\u00e4nzerinnen. Das ganze wurde vom Hambuger Abendblatt begleitet. Link zur Galerie CASTING F\u00dcR KINOFILM &#8222;KAISERSCHMARRN&#8220; Pari Production veranstaltete das Casting f\u00fcr den Kinofilm &#8222;Kaiserschmarrn&#8220;. Aus 100 T\u00e4nzer wurden 40 ausgesucht. Der Dreh des Trailers fandt in Oktober 2012 statt. Jurymitglieder beim Casting waren: Tatjana Wegner, Tobias Galke, Sebastian Deyle, Andreas Knuffmann. Produzenten sind: Sebastian Deyle (Hauptrolle) [&hellip;]<\/p>","protected":false},"author":1,"featured_media":12049,"parent":12493,"menu_order":0,"comment_status":"closed","ping_status":"closed","template":"","meta":{"_exactmetrics_skip_tracking":false,"_exactmetrics_sitenote_active":false,"_exactmetrics_sitenote_note":"","_exactmetrics_sitenote_category":0,"spay_email":"","footnotes":"","_links_to":"","_links_to_target":""},"class_list":["post-6244","page","type-page","status-publish","has-post-thumbnail","hentry"],"jetpack_sharing_enabled":true,"jetpack_shortlink":"https:\/\/wp.me\/P8e50O-1CI","_links":{"self":[{"href":"https:\/\/www.pari-productions.com\/en\/wp-json\/wp\/v2\/pages\/6244","targetHints":{"allow":["GET"]}}],"collection":[{"href":"https:\/\/www.pari-productions.com\/en\/wp-json\/wp\/v2\/pages"}],"about":[{"href":"https:\/\/www.pari-productions.com\/en\/wp-json\/wp\/v2\/types\/page"}],"author":[{"embeddable":true,"href":"https:\/\/www.pari-productions.com\/en\/wp-json\/wp\/v2\/users\/1"}],"replies":[{"embeddable":true,"href":"https:\/\/www.pari-productions.com\/en\/wp-json\/wp\/v2\/comments?post=6244"}],"version-history":[{"count":33,"href":"https:\/\/www.pari-productions.com\/en\/wp-json\/wp\/v2\/pages\/6244\/revisions"}],"predecessor-version":[{"id":13421,"href":"https:\/\/www.pari-productions.com\/en\/wp-json\/wp\/v2\/pages\/6244\/revisions\/13421"}],"up":[{"embeddable":true,"href":"https:\/\/www.pari-productions.com\/en\/wp-json\/wp\/v2\/pages\/12493"}],"wp:featuredmedia":[{"embeddable":true,"href":"https:\/\/www.pari-productions.com\/en\/wp-json\/wp\/v2\/media\/12049"}],"wp:attachment":[{"href":"https:\/\/www.pari-productions.com\/en\/wp-json\/wp\/v2\/media?parent=6244"}],"curies":[{"name":"wp","href":"https:\/\/api.w.org\/{rel}","templated":true}]}}