{"id":6246,"date":"2016-07-08T21:38:45","date_gmt":"2016-07-08T21:38:45","guid":{"rendered":"http:\/\/pari-productions.com\/?page_id=6246"},"modified":"2017-12-16T22:00:14","modified_gmt":"2017-12-16T22:00:14","slug":"bollywoodkostueme-im-verleih","status":"publish","type":"page","link":"https:\/\/www.pari-productions.com\/en\/casting-agentur\/bollywoodkostueme-im-verleih\/","title":{"rendered":"Bollywood costumes &amp; artists for hire"},"content":{"rendered":"<p><a href=\"http:\/\/www.pari-productions.com\/wp-content\/uploads\/2016\/07\/Shiva-3.jpg\" class=\"envirabox envirabox\"><img loading=\"lazy\" decoding=\"async\" class=\"alignright size-medium wp-image-6472\" src=\"http:\/\/www.pari-productions.com\/wp-content\/uploads\/2016\/07\/Shiva-3-300x200.jpg\" alt=\"Shiva auf Spiritual Healing Festival\" width=\"300\" height=\"200\" srcset=\"https:\/\/www.pari-productions.com\/wp-content\/uploads\/2016\/07\/Shiva-3-300x200.jpg 300w, https:\/\/www.pari-productions.com\/wp-content\/uploads\/2016\/07\/Shiva-3.jpg 510w\" sizes=\"auto, (max-width: 300px) 100vw, 300px\" \/><\/a><\/p>\n<p><strong>Directly from India: Bollywood costumes for hire for your show<\/strong><\/p>\n<p>Pari Productions is a full service agency for Bollywood productions. Of course, this also includes the rental of Bollywood costumes and dance outfits. In addition to the casting, we also help with organization, the stage and sound technology and the procurement of sets.<\/p>\n<p><strong>Pari Productions rents out over 600 costumes for dancers and actors from Bollywood productions. <\/strong><\/p>\n<p><strong>You can also choose from:<\/strong><\/p>\n<ul>\n<li>Indian folk costumes<\/li>\n<li>Modern Bollywood costumes<\/li>\n<li>classic Bollywood costumes<\/li>\n<li>Bhangra costumes<\/li>\n<li>Ballet tutus<\/li>\n<li>Ballet peasant dresses<\/li>\n<li>Ballet tunics<\/li>\n<li>Flamenco costumes<\/li>\n<\/ul>\n<p>There is also the possibility to borrow numerous set elements for different productions.<br \/>\nIf you are interested in a loan, please contact us.<\/p>\n<p>Pari Productions is your partner for Bollywood productions, be it on stage or screen. With us you will find the right artists for your project, the right technicians, the necessary backdrops and beautiful costumes. However, the heart of a casting agency are the artists. Here you will find a selection from our pool of artists:<\/p>\n<ul>\n<li>Artists<\/li>\n<li>Dancers for every dance style<\/li>\n<li>actor<\/li>\n<li>Musician<\/li>\n<li>Bands<\/li>\n<li>Singer<\/li>\n<li>Henna artist<\/li>\n<li>Storyteller<\/li>\n<li>Oriental perfume shop<\/li>\n<li>Moderators<\/li>\n<li>Yoga \/ Pilates trainer<\/li>\n<li>Dance and Fitness Trainer<\/li>\n<\/ul>\n\n\t\t<style type=\"text\/css\">\n\t\t\t#gallery-1 {\n\t\t\t\tmargin: auto;\n\t\t\t}\n\t\t\t#gallery-1 .gallery-item {\n\t\t\t\tfloat: left;\n\t\t\t\tmargin-top: 10px;\n\t\t\t\ttext-align: center;\n\t\t\t\twidth: 25%;\n\t\t\t}\n\t\t\t#gallery-1 img {\n\t\t\t\tborder: 2px solid #cfcfcf;\n\t\t\t}\n\t\t\t#gallery-1 .gallery-caption {\n\t\t\t\tmargin-left: 0;\n\t\t\t}\n\t\t\t\/* see gallery_shortcode() in wp-includes\/media.php *\/\n\t\t<\/style>\n\t\t<div id='gallery-1' class='gallery galleryid-6246 gallery-columns-4 gallery-size-thumbnail'><dl class='gallery-item'>\n\t\t\t<dt class='gallery-icon landscape'>\n\t\t\t\t<a href='https:\/\/www.pari-productions.com\/wp-content\/uploads\/2016\/07\/101_6142.jpg' class=\"envirabox envirabox\"><img loading=\"lazy\" decoding=\"async\" width=\"150\" height=\"150\" src=\"https:\/\/www.pari-productions.com\/wp-content\/uploads\/2016\/07\/101_6142-150x150.jpg\" class=\"attachment-thumbnail size-thumbnail\" alt=\"\" \/><\/a>\n\t\t\t<\/dt><\/dl><dl class='gallery-item'>\n\t\t\t<dt class='gallery-icon portrait'>\n\t\t\t\t<a href='https:\/\/www.pari-productions.com\/wp-content\/uploads\/2016\/07\/india-2009-10-008.jpg' class=\"envirabox envirabox\"><img loading=\"lazy\" decoding=\"async\" width=\"150\" height=\"150\" src=\"https:\/\/www.pari-productions.com\/wp-content\/uploads\/2016\/07\/india-2009-10-008-150x150.jpg\" class=\"attachment-thumbnail size-thumbnail\" alt=\"\" \/><\/a>\n\t\t\t<\/dt><\/dl><dl class='gallery-item'>\n\t\t\t<dt class='gallery-icon landscape'>\n\t\t\t\t<a href='https:\/\/www.pari-productions.com\/wp-content\/uploads\/2016\/07\/dscf1490.jpg' class=\"envirabox envirabox\"><img loading=\"lazy\" decoding=\"async\" width=\"150\" height=\"150\" src=\"https:\/\/www.pari-productions.com\/wp-content\/uploads\/2016\/07\/dscf1490-150x150.jpg\" class=\"attachment-thumbnail size-thumbnail\" alt=\"\" \/><\/a>\n\t\t\t<\/dt><\/dl><dl class='gallery-item'>\n\t\t\t<dt class='gallery-icon landscape'>\n\t\t\t\t<a href='https:\/\/www.pari-productions.com\/wp-content\/uploads\/2016\/07\/dscf1511.jpg' class=\"envirabox envirabox\"><img loading=\"lazy\" decoding=\"async\" width=\"150\" height=\"150\" src=\"https:\/\/www.pari-productions.com\/wp-content\/uploads\/2016\/07\/dscf1511-150x150.jpg\" class=\"attachment-thumbnail size-thumbnail\" alt=\"\" \/><\/a>\n\t\t\t<\/dt><\/dl><br style=\"clear: both\" \/><dl class='gallery-item'>\n\t\t\t<dt class='gallery-icon landscape'>\n\t\t\t\t<a href='https:\/\/www.pari-productions.com\/wp-content\/uploads\/2016\/07\/dscf1514.jpg' class=\"envirabox envirabox\"><img loading=\"lazy\" decoding=\"async\" width=\"150\" height=\"150\" src=\"https:\/\/www.pari-productions.com\/wp-content\/uploads\/2016\/07\/dscf1514-150x150.jpg\" class=\"attachment-thumbnail size-thumbnail\" alt=\"\" \/><\/a>\n\t\t\t<\/dt><\/dl><dl class='gallery-item'>\n\t\t\t<dt class='gallery-icon portrait'>\n\t\t\t\t<a href='https:\/\/www.pari-productions.com\/wp-content\/uploads\/2016\/07\/dscf1535.jpg' class=\"envirabox envirabox\"><img loading=\"lazy\" decoding=\"async\" width=\"150\" height=\"150\" src=\"https:\/\/www.pari-productions.com\/wp-content\/uploads\/2016\/07\/dscf1535-150x150.jpg\" class=\"attachment-thumbnail size-thumbnail\" alt=\"\" \/><\/a>\n\t\t\t<\/dt><\/dl><dl class='gallery-item'>\n\t\t\t<dt class='gallery-icon landscape'>\n\t\t\t\t<a href='https:\/\/www.pari-productions.com\/wp-content\/uploads\/2016\/07\/Shiva-Feuer-Show-1.jpg' class=\"envirabox envirabox\"><img loading=\"lazy\" decoding=\"async\" width=\"150\" height=\"150\" src=\"https:\/\/www.pari-productions.com\/wp-content\/uploads\/2016\/07\/Shiva-Feuer-Show-1-150x150.jpg\" class=\"attachment-thumbnail size-thumbnail\" alt=\"\" \/><\/a>\n\t\t\t<\/dt><\/dl><dl class='gallery-item'>\n\t\t\t<dt class='gallery-icon landscape'>\n\t\t\t\t<a href='https:\/\/www.pari-productions.com\/wp-content\/uploads\/2016\/07\/Shiva-Feuer-Show-2.jpg' class=\"envirabox envirabox\"><img loading=\"lazy\" decoding=\"async\" width=\"150\" height=\"150\" src=\"https:\/\/www.pari-productions.com\/wp-content\/uploads\/2016\/07\/Shiva-Feuer-Show-2-150x150.jpg\" class=\"attachment-thumbnail size-thumbnail\" alt=\"\" \/><\/a>\n\t\t\t<\/dt><\/dl><br style=\"clear: both\" \/><dl class='gallery-item'>\n\t\t\t<dt class='gallery-icon landscape'>\n\t\t\t\t<a href='https:\/\/www.pari-productions.com\/wp-content\/uploads\/2016\/07\/Shiva-1.jpg' class=\"envirabox envirabox\"><img loading=\"lazy\" decoding=\"async\" width=\"150\" height=\"150\" src=\"https:\/\/www.pari-productions.com\/wp-content\/uploads\/2016\/07\/Shiva-1-150x150.jpg\" class=\"attachment-thumbnail size-thumbnail\" alt=\"\" \/><\/a>\n\t\t\t<\/dt><\/dl><dl class='gallery-item'>\n\t\t\t<dt class='gallery-icon landscape'>\n\t\t\t\t<a href='https:\/\/www.pari-productions.com\/wp-content\/uploads\/2016\/07\/Shiva-2.jpg' class=\"envirabox envirabox\"><img loading=\"lazy\" decoding=\"async\" width=\"150\" height=\"150\" src=\"https:\/\/www.pari-productions.com\/wp-content\/uploads\/2016\/07\/Shiva-2-150x150.jpg\" class=\"attachment-thumbnail size-thumbnail\" alt=\"\" \/><\/a>\n\t\t\t<\/dt><\/dl><dl class='gallery-item'>\n\t\t\t<dt class='gallery-icon landscape'>\n\t\t\t\t<a href='https:\/\/www.pari-productions.com\/wp-content\/uploads\/2016\/07\/Shiva-3.jpg' class=\"envirabox envirabox\"><img loading=\"lazy\" decoding=\"async\" width=\"150\" height=\"150\" src=\"https:\/\/www.pari-productions.com\/wp-content\/uploads\/2016\/07\/Shiva-3-150x150.jpg\" class=\"attachment-thumbnail size-thumbnail\" alt=\"\" \/><\/a>\n\t\t\t<\/dt><\/dl><dl class='gallery-item'>\n\t\t\t<dt class='gallery-icon portrait'>\n\t\t\t\t<a href='https:\/\/www.pari-productions.com\/wp-content\/uploads\/2016\/07\/shoot13.jpg' class=\"envirabox envirabox\"><img loading=\"lazy\" decoding=\"async\" width=\"150\" height=\"150\" src=\"https:\/\/www.pari-productions.com\/wp-content\/uploads\/2016\/07\/shoot13-150x150.jpg\" class=\"attachment-thumbnail size-thumbnail\" alt=\"\" \/><\/a>\n\t\t\t<\/dt><\/dl><br style=\"clear: both\" \/>\n\t\t<\/div>","protected":false},"excerpt":{"rendered":"<p>Direkt aus Indien: Bollywoodkost\u00fcme im Verleih f\u00fcr Ihre Show Pari Productions ist eine Full Serviceagentur f\u00fcr Bollywoodproduktionen. Selbstverst\u00e4ndlich geh\u00f6rt dazu auch der Verleih von Bollywoodkost\u00fcmen und Tanzoutfits. Neben dem Casting helfen wir auch bei Organisation, der B\u00fchnen-und Tontechnik und der Beschaffung von Kulissen. Pari Productions verleiht \u00fcber 600 Kost\u00fcme f\u00fcr T\u00e4nzer und Darsteller von Bollywoodproduktionen. Es stehen zus\u00e4tzlich zur Auswahl: Indische Folklorekost\u00fcme Moderne Bollywoodkost\u00fcme klassische Bollywoodkost\u00fcme Bhangra Kost\u00fcme Ballett-Tutus Ballett-Bauernkleider Ballett-Tuniken Flamenco-Kost\u00fcme Es besteht auch die M\u00f6glichkeit zahlreiche Kulissenelemente f\u00fcr unterschiedliche Produktionen zu entleihen. Falls Sie Interesse an einer Ausleihe haben, setzen Sie sich bitte mit uns in Verbindung. Pari Productions ist Ihr Partner f\u00fcr Bollywoodproduktionen, sei es auf der B\u00fchne oder Leinwand. Sie finden mit uns die richtigen K\u00fcnstler f\u00fcr Ihr Projekt, die passenden Techniker, die n\u00f6tigen Kulissen sowie sch\u00f6ne Kost\u00fcme. Das Herzst\u00fcck einer Castingagentur sind jedoch die K\u00fcnstler. Hier finden Sie eine Auswahl aus unserem K\u00fcnstlerpool: Artisten T\u00e4nzer f\u00fcr jeden Tanzstil Schauspieler Musiker Bands S\u00e4nger Henna K\u00fcnstler Geschichtenerz\u00e4hler Orientalischer Parf\u00fcm Shop Moderatoren Yoga\/Pilates Trainer Tanz und Fitness Trainer<\/p>","protected":false},"author":1,"featured_media":12049,"parent":12495,"menu_order":0,"comment_status":"closed","ping_status":"closed","template":"","meta":{"_exactmetrics_skip_tracking":false,"_exactmetrics_sitenote_active":false,"_exactmetrics_sitenote_note":"","_exactmetrics_sitenote_category":0,"spay_email":"","footnotes":"","_links_to":"","_links_to_target":""},"class_list":["post-6246","page","type-page","status-publish","has-post-thumbnail","hentry"],"jetpack_sharing_enabled":true,"jetpack_shortlink":"https:\/\/wp.me\/P8e50O-1CK","_links":{"self":[{"href":"https:\/\/www.pari-productions.com\/en\/wp-json\/wp\/v2\/pages\/6246","targetHints":{"allow":["GET"]}}],"collection":[{"href":"https:\/\/www.pari-productions.com\/en\/wp-json\/wp\/v2\/pages"}],"about":[{"href":"https:\/\/www.pari-productions.com\/en\/wp-json\/wp\/v2\/types\/page"}],"author":[{"embeddable":true,"href":"https:\/\/www.pari-productions.com\/en\/wp-json\/wp\/v2\/users\/1"}],"replies":[{"embeddable":true,"href":"https:\/\/www.pari-productions.com\/en\/wp-json\/wp\/v2\/comments?post=6246"}],"version-history":[{"count":13,"href":"https:\/\/www.pari-productions.com\/en\/wp-json\/wp\/v2\/pages\/6246\/revisions"}],"predecessor-version":[{"id":13403,"href":"https:\/\/www.pari-productions.com\/en\/wp-json\/wp\/v2\/pages\/6246\/revisions\/13403"}],"up":[{"embeddable":true,"href":"https:\/\/www.pari-productions.com\/en\/wp-json\/wp\/v2\/pages\/12495"}],"wp:featuredmedia":[{"embeddable":true,"href":"https:\/\/www.pari-productions.com\/en\/wp-json\/wp\/v2\/media\/12049"}],"wp:attachment":[{"href":"https:\/\/www.pari-productions.com\/en\/wp-json\/wp\/v2\/media?parent=6246"}],"curies":[{"name":"wp","href":"https:\/\/api.w.org\/{rel}","templated":true}]}}