{"id":6270,"date":"2016-07-28T22:02:23","date_gmt":"2016-07-28T22:02:23","guid":{"rendered":"http:\/\/pari-productions.com\/?page_id=6270"},"modified":"2017-12-21T22:32:47","modified_gmt":"2017-12-21T22:32:47","slug":"bollydance-akademie","status":"publish","type":"page","link":"https:\/\/www.pari-productions.com\/en\/bollydance-akademie\/bollydance-akademie\/","title":{"rendered":"BollyDance Academy"},"content":{"rendered":"<p><strong>The BollyDance Academy offers Bollywood dance education for everyone who enjoys Indian dance<\/strong><\/p>\n<p><a href=\"http:\/\/www.pari-productions.com\/wp-content\/uploads\/2016\/07\/NAMASTE-TATJANA.jpg\" class=\"envirabox envirabox\"><img loading=\"lazy\" decoding=\"async\" class=\"paripic alignright wp-image-7748 size-large\" src=\"http:\/\/www.pari-productions.com\/wp-content\/uploads\/2016\/07\/NAMASTE-TATJANA-1024x773.jpg\" alt=\"namaste-tatjana\" width=\"1024\" height=\"773\" srcset=\"https:\/\/www.pari-productions.com\/wp-content\/uploads\/2016\/07\/NAMASTE-TATJANA-1024x773.jpg 1024w, https:\/\/www.pari-productions.com\/wp-content\/uploads\/2016\/07\/NAMASTE-TATJANA-300x226.jpg 300w, https:\/\/www.pari-productions.com\/wp-content\/uploads\/2016\/07\/NAMASTE-TATJANA-768x579.jpg 768w, https:\/\/www.pari-productions.com\/wp-content\/uploads\/2016\/07\/NAMASTE-TATJANA-1200x905.jpg 1200w, https:\/\/www.pari-productions.com\/wp-content\/uploads\/2016\/07\/NAMASTE-TATJANA.jpg 1401w\" sizes=\"auto, (max-width: 1024px) 100vw, 1024px\" \/><\/a>Welcome to our website for the current Bollywood trend:<\/p>\n<p><strong>Bollywood dance courses - dance with us, we look forward to seeing you!<\/strong><\/p>\n<p>All Tatjana Wegner courses are listed under \u201cDates\u201d - from ballet workouts to yoga and under <a href=\"http:\/\/www.pari-productions.com\/en\/termine\/kursplan\/\">&quot;BollyDance course&quot;<\/a> a registration form for Bollywood dance training - join the dance! The pages for workshops &amp; specials and trainer training are also constantly updated. These usually take place throughout Germany and on weekends.<\/p>\n<p>Studios and fitness clubs that are interested in offering these Bollywood dance courses or workshops on their premises are welcome to contact us.<\/p>\n<p><strong>Bollywood makes you happy - just join in! Namaste<\/strong><\/p>\n<p>Bollywood (Bombay + Hollywood) stands for the very productive Indian film industry. In Bombay \/ Mumbai, more than 800 blockbusters a year with stars like Sharuk Khan are produced. The often lavishly equipped, emotionally charged films enchant an audience of millions worldwide.<\/p>\n<p>A special feature of Bollywood are elaborate dance and singing interludes with dreamlike costumes and lively music - often with dozens of dancers. This life-affirming dance style is a combination of Indian temple dance, jazz \/ modern dance, oriental dance, hip-hop and bhangra - to music that simply goes straight into your blood. Tatjana Wegner developed her own BollyDance courses for this.<\/p>\n<p><strong>Tatjana Wegner<\/strong><\/p>\n<p>She is a trained ballet dancer and teacher. She has been dancing since she was four and has been working as a dance artist since she was 16 with numerous engagements at home and abroad. Trained in classical Indian dance, inspired by numerous trips to India and shaped by Bollywood films, Tatjana Wegner developed BollyDance as her own dance training and trains numerous students and trainers.<\/p>\n<p><strong>The Bollywood trend<\/strong><\/p>\n<p>Tatjana Wegner was the first to officially bring this trend to Germany. For this purpose she developed Bollywood dance courses and founded the first professional \u201cBollyDance Company\u201d in Europe. Tatjana means queen of the elves and in Hindi it is called Pari. This resulted in our own full-length shows under the name Pari Productions and there is a close cooperation with the Bollywood film industry in Mumbai \/ India. This makes her the most established and successful choreographer of the Bollywood trend in Germany.<\/p>\n<p><a href=\"http:\/\/www.pari-productions.com\/wp-content\/uploads\/2016\/07\/TATJANA-ROT-DVD.jpg\" class=\"envirabox envirabox\"><img loading=\"lazy\" decoding=\"async\" class=\"paripic alignleft wp-image-7752 size-full\" src=\"http:\/\/www.pari-productions.com\/wp-content\/uploads\/2016\/07\/TATJANA-ROT-DVD.jpg\" alt=\"tatjana-rot-dvd\" width=\"317\" height=\"367\" srcset=\"https:\/\/www.pari-productions.com\/wp-content\/uploads\/2016\/07\/TATJANA-ROT-DVD.jpg 317w, https:\/\/www.pari-productions.com\/wp-content\/uploads\/2016\/07\/TATJANA-ROT-DVD-259x300.jpg 259w\" sizes=\"auto, (max-width: 317px) 100vw, 317px\" \/><\/a><\/p>\n<p><a href=\"http:\/\/www.pari-productions.com\/wp-content\/uploads\/2016\/07\/allah-hoo-tatjana.jpg\" class=\"envirabox envirabox\"><img loading=\"lazy\" decoding=\"async\" width=\"423\" height=\"238\" class=\"paripic100 alignnone wp-image-7754 size-full\" src=\"http:\/\/www.pari-productions.com\/wp-content\/uploads\/2016\/07\/allah-hoo-tatjana.jpg\" alt=\"allah-hoo-tatjana\" srcset=\"https:\/\/www.pari-productions.com\/wp-content\/uploads\/2016\/07\/allah-hoo-tatjana.jpg 423w, https:\/\/www.pari-productions.com\/wp-content\/uploads\/2016\/07\/allah-hoo-tatjana-300x169.jpg 300w\" sizes=\"auto, (max-width: 423px) 100vw, 423px\" \/><\/a><\/p>\n<p><a href=\"http:\/\/www.pari-productions.com\/wp-content\/uploads\/2016\/07\/TATJANA-ORANGE-DVD-COVER-.jpg\" class=\"envirabox envirabox\"><img loading=\"lazy\" decoding=\"async\" width=\"422\" height=\"640\" class=\"paripic100 alignleft wp-image-7750 size-full\" src=\"http:\/\/www.pari-productions.com\/wp-content\/uploads\/2016\/07\/TATJANA-ORANGE-DVD-COVER-.jpg\" alt=\"tatjana-orange-dvd-cover\" srcset=\"https:\/\/www.pari-productions.com\/wp-content\/uploads\/2016\/07\/TATJANA-ORANGE-DVD-COVER-.jpg 422w, https:\/\/www.pari-productions.com\/wp-content\/uploads\/2016\/07\/TATJANA-ORANGE-DVD-COVER--198x300.jpg 198w\" sizes=\"auto, (max-width: 422px) 100vw, 422px\" \/><\/a><\/p>","protected":false},"excerpt":{"rendered":"<p>Die BollyDance Akademie bietet eine Bollywood-Tanzausbildung f\u00fcr alle, die Spa\u00df an indischem Tanz haben Herzlich Willkommen auf unserer Webseite zum aktuellen Bollywood-Trend: Bollywood-Tanzkurse &#8211; tanzt mit, wir freuen uns auf Euch! Unter &#8222;Termine&#8220; sind alle Kurse von Tatjana Wegner erfasst &#8211; von Ballett Workout bis Yoga und unter &#8222;BollyDance-Kurs&#8220; ein Anmeldeformular f\u00fcr die Bollywood-Tanzausbildung &#8211; tanzt mit! St\u00e4ndig aktualisiert werden auch die Seiten f\u00fcr Workshops &amp; Specials und Trainerausbildung. Diese finden in der Regel in ganz Deutschland und am Wochenende statt. Studios sowie Fitnessclubs, die Interesse haben, diese Bollywood-Tanzkurse oder Workshops auch bei sich anzubieten, k\u00f6nnen sich gerne an uns wenden. Bollywood macht gl\u00fccklich &#8211; macht einfach mit! Namaste Bollywood (Bombay + Hollywood) steht f\u00fcr die sehr produktive indische Filmindustrie. In Bombay\/Mumbai werden mehr als 800 Blockbuster im Jahr mit Stars wie Sharuk Khan produziert. Die oft pr\u00e4chtig ausgestatteten, emotionsgeladenen Filme verzaubern weltweit ein Millionenpublikum. Ein besonderes Merkmal Bollywoods sind aufw\u00e4ndige Tanz- und Gesangseinlagen mit traumhaften Kost\u00fcmen und schwungvoller Musik &#8211; oft mit Dutzenden von T\u00e4nzerinnen und T\u00e4nzern. Diese lebensbejahende Tanzweise ist eine Verbindung aus indischem Tempeltanz, Jazz \/ Modern Dance, orientalischem Tanz, HipHop und Bhangra &#8211; zu einer Musik, die einfach ins Blut geht. Tatjana Wegner entwickelte hierf\u00fcr ihre eigenen BollyDance-Kurse. Tatjana Wegner Sie ist ausgebildete Ballettt\u00e4nzerin und -p\u00e4dagogin. Seit ihrem vierten Lebensjahr tanzt sie und seit ihrem 16. Lebensjahr arbeitet als Tanzk\u00fcnstlerin mit zahlreichen Engagements im In- und Ausland. Ausgebildet im klassischen indischen Tanz, inspiriert durch zahlreiche Indienreisen und gepr\u00e4gt durch Bollywood-Filme hat Tatjana Wegner BollyDance als eigenes [&hellip;]<\/p>","protected":false},"author":1,"featured_media":0,"parent":12489,"menu_order":21,"comment_status":"closed","ping_status":"closed","template":"","meta":{"_exactmetrics_skip_tracking":false,"_exactmetrics_sitenote_active":false,"_exactmetrics_sitenote_note":"","_exactmetrics_sitenote_category":0,"spay_email":"","footnotes":"","_links_to":"","_links_to_target":""},"class_list":["post-6270","page","type-page","status-publish","hentry"],"jetpack_sharing_enabled":true,"jetpack_shortlink":"https:\/\/wp.me\/P8e50O-1D8","_links":{"self":[{"href":"https:\/\/www.pari-productions.com\/en\/wp-json\/wp\/v2\/pages\/6270","targetHints":{"allow":["GET"]}}],"collection":[{"href":"https:\/\/www.pari-productions.com\/en\/wp-json\/wp\/v2\/pages"}],"about":[{"href":"https:\/\/www.pari-productions.com\/en\/wp-json\/wp\/v2\/types\/page"}],"author":[{"embeddable":true,"href":"https:\/\/www.pari-productions.com\/en\/wp-json\/wp\/v2\/users\/1"}],"replies":[{"embeddable":true,"href":"https:\/\/www.pari-productions.com\/en\/wp-json\/wp\/v2\/comments?post=6270"}],"version-history":[{"count":49,"href":"https:\/\/www.pari-productions.com\/en\/wp-json\/wp\/v2\/pages\/6270\/revisions"}],"predecessor-version":[{"id":13412,"href":"https:\/\/www.pari-productions.com\/en\/wp-json\/wp\/v2\/pages\/6270\/revisions\/13412"}],"up":[{"embeddable":true,"href":"https:\/\/www.pari-productions.com\/en\/wp-json\/wp\/v2\/pages\/12489"}],"wp:attachment":[{"href":"https:\/\/www.pari-productions.com\/en\/wp-json\/wp\/v2\/media?parent=6270"}],"curies":[{"name":"wp","href":"https:\/\/api.w.org\/{rel}","templated":true}]}}