{"id":6272,"date":"2016-07-28T22:02:51","date_gmt":"2016-07-28T22:02:51","guid":{"rendered":"http:\/\/pari-productions.com\/?page_id=6272"},"modified":"2017-12-12T02:34:26","modified_gmt":"2017-12-12T02:34:26","slug":"das-bollydance-ausbildungs-team","status":"publish","type":"page","link":"https:\/\/www.pari-productions.com\/en\/workshop-specials\/das-bollydance-ausbildungs-team\/","title":{"rendered":"The specialists for Indian dance &amp; drama"},"content":{"rendered":"<p><strong>BollyDance as a concept requires qualified teachers as well as experienced dancers who teach Indian dance. We were able to win well-known teachers for our academy. Here we introduce them. <\/strong><div class=\"su-spacer\" style=\"height:20px\"><\/div>\n<h2>Gudrun M\u00e4rtens<\/h2>\n<p>In 1992 she saw an Indian dance performance for the first time. At that time she had been teaching oriental dance for two years. She was so fascinated by the performance that she began to study Indian dance intensively. In 1995 she finally traveled to India to study the classical dance form Odissi in the style of the guru Deba Prasad Das with the master dancer Sangeeta Dash. Part of this training was soon to teach myself. She graduated from the Pracheen Kalakendra Institute.<\/p>\n<p>Since her return to Germany in 2002 she has been teaching ongoing classes in Hamburg and working as a dancer in Germany and abroad. Her performances include solo, duet and group performances.<\/p>\n<p>&nbsp;<\/p>\n<h2>Bindu Bolar<\/h2>\n<p>The lecturer Bindu Bolar comes from Bangalore \/ India, where she works as a professional dancer, Bollywood dance trainer and juror at dance competitions. In 2013 she was awarded the title &quot;The most hypnotic belly dancer&quot; as the winner of the Indian belly dance competition. She herself learned from the tribal bellydance legend Anna Olkinura and expanded her repertoire with hip-hop dance and Latin dance. Pari Production was able to win the Indian tribal bellydance trainer for a workshop in Hamburg.<\/p>\n<p><a href=\"http:\/\/www.pari-productions.com\/wp-content\/uploads\/2016\/07\/GermanyPosterDraft2.jpg\" class=\"envirabox envirabox\"><img loading=\"lazy\" decoding=\"async\" class=\"alignleft wp-image-7802 size-large\" src=\"http:\/\/www.pari-productions.com\/wp-content\/uploads\/2016\/07\/GermanyPosterDraft2-1024x682.jpg\" alt=\"germanyposterdraft2\" width=\"888\" height=\"591\" srcset=\"https:\/\/www.pari-productions.com\/wp-content\/uploads\/2016\/07\/GermanyPosterDraft2-1024x682.jpg 1024w, https:\/\/www.pari-productions.com\/wp-content\/uploads\/2016\/07\/GermanyPosterDraft2-300x200.jpg 300w, https:\/\/www.pari-productions.com\/wp-content\/uploads\/2016\/07\/GermanyPosterDraft2-768x512.jpg 768w, https:\/\/www.pari-productions.com\/wp-content\/uploads\/2016\/07\/GermanyPosterDraft2-1200x800.jpg 1200w, https:\/\/www.pari-productions.com\/wp-content\/uploads\/2016\/07\/GermanyPosterDraft2.jpg 1934w\" sizes=\"auto, (max-width: 888px) 100vw, 888px\" \/><\/a><\/p>\n<p>&nbsp;<\/p>\n<h2>Aalia Hawa<\/h2>\n<p><a href=\"http:\/\/www.pari-productions.com\/wp-content\/uploads\/2016\/07\/Aliaa-Foto.jpg\" class=\"envirabox envirabox\"><img loading=\"lazy\" decoding=\"async\" class=\"paripic alignright wp-image-7125 size-large\" src=\"http:\/\/www.pari-productions.com\/wp-content\/uploads\/2016\/07\/Aliaa-Foto-802x1024.jpg\" alt=\"aliaa hawa - synapsing bollywood schauspiel\" width=\"802\" height=\"1024\" srcset=\"https:\/\/www.pari-productions.com\/wp-content\/uploads\/2016\/07\/Aliaa-Foto-802x1024.jpg 802w, https:\/\/www.pari-productions.com\/wp-content\/uploads\/2016\/07\/Aliaa-Foto-235x300.jpg 235w, https:\/\/www.pari-productions.com\/wp-content\/uploads\/2016\/07\/Aliaa-Foto-768x980.jpg 768w, https:\/\/www.pari-productions.com\/wp-content\/uploads\/2016\/07\/Aliaa-Foto-1200x1531.jpg 1200w\" sizes=\"auto, (max-width: 802px) 100vw, 802px\" \/><\/a>Nila is a seasoned actress, director, acting teacher and Feldenkrais trainer. She was born in Africa with Indian \/ African roots and grew up in England.<br \/>\nShe received her academic training in Germany and the USA, where she completed her acting studies with an MFA. Further travels and studies took her to India and Hawaii and resulted in a Feldenkrais training.<\/p>\n<p>Nila&#039;s multicultural background as well as the numerous interdisciplinary influences inspired her to develop her training concept Synapsing.<br \/>\nSynapsing awakens the original creative forces, inspires spontaneity, exciting discoveries and encourages artistic and personal expression or development.<br \/>\nFor more than 20 years she has addressed not only actors, dancers, singers, directors, but also therapists and everyone who cares about the development and intensification of their own creativity with her courses, workshops and performances.<\/p>\n<p>Nila grew up with Bollywood films: &quot;They were my first impression of the art or craft of representation and cinematic storytelling.&quot;<br \/>\nSo she decided to become an actress at the tender age of 7 and to this day these influences have been a strong part of her visual sense of beauty and technique. Her life made her a citizen of the world but her work always reveals her Indian roots \u201d.<\/p>\n<p>Nila has her permanent residence in London, where she works as an actress and synapsing trainer, but she speaks fluent German. She also gives courses all over Europe. She has appeared in the West End productions &quot;Bombay Dreams&quot; (Andrew Lloyd Weber) and &quot;Instant Celebrity&quot; (Silver Star); her TV appearances were in &quot;Spooks&quot; (BBC), &quot;A touch of frost&quot; or &quot;Bike Squad&quot; (ITV) and &quot;Five Days&quot; (HBO \/ BBC).<\/p>\n<div class=\"su-spacer\" style=\"height:20px\"><\/div>\n<h2>Vijayshree Chaudhary<\/h2>\n<p><a href=\"http:\/\/www.pari-productions.com\/wp-content\/uploads\/2016\/07\/Kathak-.png\" class=\"envirabox envirabox\"><img loading=\"lazy\" decoding=\"async\" class=\"paripic50 alignnone wp-image-7151 size-full\" src=\"http:\/\/www.pari-productions.com\/wp-content\/uploads\/2016\/07\/Kathak-.png\" alt=\"kathak\" width=\"885\" height=\"665\" srcset=\"https:\/\/www.pari-productions.com\/wp-content\/uploads\/2016\/07\/Kathak-.png 885w, https:\/\/www.pari-productions.com\/wp-content\/uploads\/2016\/07\/Kathak--300x225.png 300w, https:\/\/www.pari-productions.com\/wp-content\/uploads\/2016\/07\/Kathak--768x577.png 768w, https:\/\/www.pari-productions.com\/wp-content\/uploads\/2016\/07\/Kathak--600x450.png 600w\" sizes=\"auto, (max-width: 885px) 100vw, 885px\" \/><\/a><a href=\"http:\/\/www.pari-productions.com\/wp-content\/uploads\/2016\/07\/Bild-3-1.png\" class=\"envirabox envirabox\"><img loading=\"lazy\" decoding=\"async\" class=\"paripic50 alignnone wp-image-7129 size-full\" src=\"http:\/\/www.pari-productions.com\/wp-content\/uploads\/2016\/07\/Bild-3-1.png\" alt=\"bild-3\" width=\"885\" height=\"665\" srcset=\"https:\/\/www.pari-productions.com\/wp-content\/uploads\/2016\/07\/Bild-3-1.png 885w, https:\/\/www.pari-productions.com\/wp-content\/uploads\/2016\/07\/Bild-3-1-300x225.png 300w, https:\/\/www.pari-productions.com\/wp-content\/uploads\/2016\/07\/Bild-3-1-768x577.png 768w, https:\/\/www.pari-productions.com\/wp-content\/uploads\/2016\/07\/Bild-3-1-600x450.png 600w\" sizes=\"auto, (max-width: 885px) 100vw, 885px\" \/><\/a><a href=\"http:\/\/www.pari-productions.com\/wp-content\/uploads\/2016\/07\/Bild-4.png\" class=\"envirabox envirabox\"><img loading=\"lazy\" decoding=\"async\" class=\"paripic50 alignnone wp-image-7131 size-full\" src=\"http:\/\/www.pari-productions.com\/wp-content\/uploads\/2016\/07\/Bild-4.png\" alt=\"bild-4\" width=\"881\" height=\"661\" srcset=\"https:\/\/www.pari-productions.com\/wp-content\/uploads\/2016\/07\/Bild-4.png 881w, https:\/\/www.pari-productions.com\/wp-content\/uploads\/2016\/07\/Bild-4-300x225.png 300w, https:\/\/www.pari-productions.com\/wp-content\/uploads\/2016\/07\/Bild-4-768x576.png 768w, https:\/\/www.pari-productions.com\/wp-content\/uploads\/2016\/07\/Bild-4-600x450.png 600w\" sizes=\"auto, (max-width: 881px) 100vw, 881px\" \/><\/a><a href=\"http:\/\/www.pari-productions.com\/wp-content\/uploads\/2016\/07\/Bild-7.png\" class=\"envirabox envirabox\"><img loading=\"lazy\" decoding=\"async\" class=\"paripic50 alignnone wp-image-7137 size-full\" src=\"http:\/\/www.pari-productions.com\/wp-content\/uploads\/2016\/07\/Bild-7.png\" alt=\"bild-7\" width=\"883\" height=\"664\" srcset=\"https:\/\/www.pari-productions.com\/wp-content\/uploads\/2016\/07\/Bild-7.png 883w, https:\/\/www.pari-productions.com\/wp-content\/uploads\/2016\/07\/Bild-7-300x226.png 300w, https:\/\/www.pari-productions.com\/wp-content\/uploads\/2016\/07\/Bild-7-768x578.png 768w, https:\/\/www.pari-productions.com\/wp-content\/uploads\/2016\/07\/Bild-7-600x450.png 600w\" sizes=\"auto, (max-width: 883px) 100vw, 883px\" \/><\/a><a href=\"http:\/\/www.pari-productions.com\/wp-content\/uploads\/2016\/07\/Bild-8-1.png\" class=\"envirabox envirabox\"><img loading=\"lazy\" decoding=\"async\" class=\"paripic50 alignnone wp-image-7139 size-full\" src=\"http:\/\/www.pari-productions.com\/wp-content\/uploads\/2016\/07\/Bild-8-1.png\" alt=\"bild-8\" width=\"883\" height=\"667\" srcset=\"https:\/\/www.pari-productions.com\/wp-content\/uploads\/2016\/07\/Bild-8-1.png 883w, https:\/\/www.pari-productions.com\/wp-content\/uploads\/2016\/07\/Bild-8-1-300x227.png 300w, https:\/\/www.pari-productions.com\/wp-content\/uploads\/2016\/07\/Bild-8-1-768x580.png 768w\" sizes=\"auto, (max-width: 883px) 100vw, 883px\" \/><\/a><a href=\"http:\/\/www.pari-productions.com\/wp-content\/uploads\/2016\/07\/Bild-9-1.png\" class=\"envirabox envirabox\"><img loading=\"lazy\" decoding=\"async\" class=\"paripic50 alignnone wp-image-7141 size-full\" src=\"http:\/\/www.pari-productions.com\/wp-content\/uploads\/2016\/07\/Bild-9-1.png\" alt=\"bild-9\" width=\"883\" height=\"666\" srcset=\"https:\/\/www.pari-productions.com\/wp-content\/uploads\/2016\/07\/Bild-9-1.png 883w, https:\/\/www.pari-productions.com\/wp-content\/uploads\/2016\/07\/Bild-9-1-300x226.png 300w, https:\/\/www.pari-productions.com\/wp-content\/uploads\/2016\/07\/Bild-9-1-768x579.png 768w\" sizes=\"auto, (max-width: 883px) 100vw, 883px\" \/><\/a><a href=\"http:\/\/www.pari-productions.com\/wp-content\/uploads\/2016\/07\/Bild-12.png\" class=\"envirabox envirabox\"><img loading=\"lazy\" decoding=\"async\" class=\"paripic50 alignnone wp-image-7147 size-full\" src=\"http:\/\/www.pari-productions.com\/wp-content\/uploads\/2016\/07\/Bild-12.png\" alt=\"bild-12\" width=\"887\" height=\"667\" srcset=\"https:\/\/www.pari-productions.com\/wp-content\/uploads\/2016\/07\/Bild-12.png 887w, https:\/\/www.pari-productions.com\/wp-content\/uploads\/2016\/07\/Bild-12-300x226.png 300w, https:\/\/www.pari-productions.com\/wp-content\/uploads\/2016\/07\/Bild-12-768x578.png 768w, https:\/\/www.pari-productions.com\/wp-content\/uploads\/2016\/07\/Bild-12-600x450.png 600w\" sizes=\"auto, (max-width: 887px) 100vw, 887px\" \/><\/a><a href=\"http:\/\/www.pari-productions.com\/wp-content\/uploads\/2016\/07\/Bild-13.png\" class=\"envirabox envirabox\"><img loading=\"lazy\" decoding=\"async\" class=\"paripic50 alignnone wp-image-7149 size-full\" src=\"http:\/\/www.pari-productions.com\/wp-content\/uploads\/2016\/07\/Bild-13.png\" alt=\"bild-13\" width=\"880\" height=\"664\" srcset=\"https:\/\/www.pari-productions.com\/wp-content\/uploads\/2016\/07\/Bild-13.png 880w, https:\/\/www.pari-productions.com\/wp-content\/uploads\/2016\/07\/Bild-13-300x226.png 300w, https:\/\/www.pari-productions.com\/wp-content\/uploads\/2016\/07\/Bild-13-768x579.png 768w\" sizes=\"auto, (max-width: 880px) 100vw, 880px\" \/><\/a><a href=\"http:\/\/www.pari-productions.com\/wp-content\/uploads\/2016\/07\/Bild-5-1.png\" class=\"envirabox envirabox\"><img loading=\"lazy\" decoding=\"async\" class=\"paripic50 alignnone wp-image-7133 size-full\" src=\"http:\/\/www.pari-productions.com\/wp-content\/uploads\/2016\/07\/Bild-5-1.png\" alt=\"bild-5\" width=\"883\" height=\"662\" srcset=\"https:\/\/www.pari-productions.com\/wp-content\/uploads\/2016\/07\/Bild-5-1.png 883w, https:\/\/www.pari-productions.com\/wp-content\/uploads\/2016\/07\/Bild-5-1-300x225.png 300w, https:\/\/www.pari-productions.com\/wp-content\/uploads\/2016\/07\/Bild-5-1-768x576.png 768w, https:\/\/www.pari-productions.com\/wp-content\/uploads\/2016\/07\/Bild-5-1-600x450.png 600w\" sizes=\"auto, (max-width: 883px) 100vw, 883px\" \/><\/a><a href=\"http:\/\/www.pari-productions.com\/wp-content\/uploads\/2016\/07\/Bild-10.png\" class=\"envirabox envirabox\"><img loading=\"lazy\" decoding=\"async\" class=\"paripic50 alignnone wp-image-7143 size-full\" src=\"http:\/\/www.pari-productions.com\/wp-content\/uploads\/2016\/07\/Bild-10.png\" alt=\"bild-10\" width=\"884\" height=\"668\" srcset=\"https:\/\/www.pari-productions.com\/wp-content\/uploads\/2016\/07\/Bild-10.png 884w, https:\/\/www.pari-productions.com\/wp-content\/uploads\/2016\/07\/Bild-10-300x227.png 300w, https:\/\/www.pari-productions.com\/wp-content\/uploads\/2016\/07\/Bild-10-768x580.png 768w\" sizes=\"auto, (max-width: 884px) 100vw, 884px\" \/><\/a><a href=\"http:\/\/www.pari-productions.com\/wp-content\/uploads\/2016\/07\/Bild-6-1.png\" class=\"envirabox envirabox\"><img loading=\"lazy\" decoding=\"async\" class=\"paripic50 alignnone wp-image-7135 size-full\" src=\"http:\/\/www.pari-productions.com\/wp-content\/uploads\/2016\/07\/Bild-6-1.png\" alt=\"bild-6\" width=\"884\" height=\"667\" srcset=\"https:\/\/www.pari-productions.com\/wp-content\/uploads\/2016\/07\/Bild-6-1.png 884w, https:\/\/www.pari-productions.com\/wp-content\/uploads\/2016\/07\/Bild-6-1-300x226.png 300w, https:\/\/www.pari-productions.com\/wp-content\/uploads\/2016\/07\/Bild-6-1-768x579.png 768w\" sizes=\"auto, (max-width: 884px) 100vw, 884px\" \/><\/a><a href=\"http:\/\/www.pari-productions.com\/wp-content\/uploads\/2016\/07\/Bild-11.png\" class=\"envirabox envirabox\"><img loading=\"lazy\" decoding=\"async\" class=\"paripic50 alignnone wp-image-7145 size-full\" src=\"http:\/\/www.pari-productions.com\/wp-content\/uploads\/2016\/07\/Bild-11.png\" alt=\"bild-11\" width=\"886\" height=\"667\" srcset=\"https:\/\/www.pari-productions.com\/wp-content\/uploads\/2016\/07\/Bild-11.png 886w, https:\/\/www.pari-productions.com\/wp-content\/uploads\/2016\/07\/Bild-11-300x226.png 300w, https:\/\/www.pari-productions.com\/wp-content\/uploads\/2016\/07\/Bild-11-768x578.png 768w\" sizes=\"auto, (max-width: 886px) 100vw, 886px\" \/><\/a><\/p>\n<div class=\"su-spacer\" style=\"height:20px\"><\/div>","protected":false},"excerpt":{"rendered":"<p>BollyDance als Konzept bedarf qualifizierter Lehrer sowie erfahrener T\u00e4nzer, die indischen Tanz lehren. Wir konnten namhafte Lehrer f\u00fcr unsere Akademie gewinnen. Hier stellen wir sie vor. Gudrun M\u00e4rtens 1992 sah sie zum ersten Mal eine indische Tanzauff\u00fchrung. Zu diesem Zeitpunkt unterrichtete sie bereits seit zwei Jahren orientalischen Tanz. Die Performance hat sie so fasziniert, dass sie begann, sich intensiv mit indischem Tanz zu befassen. 1995 reiste sie schlie\u00dflich nach Indien, um bei der Meistert\u00e4nzerin Sangeeta Dash die klassische Tanzform Odissi im Stil des Guru Deba Prasad Das zu studieren.\u00a0Zu dieser Ausbildung geh\u00f6rte es, bald auch selbst zu unterrichten. Ihren Abschluss machte sie am Institut Pracheen Kalakendra. Seit ihrer R\u00fcckkehr nach Deutschland 2002 leitet sie in Hamburg fortlaufende Klassen und arbeite als T\u00e4nzerin im In- und Ausland. Ihre Auftritte umfassen Solo-, Duett- und Gruppenauff\u00fchrungen. Bindu Bolar Die Dozentin Bindu Bolar stammt aus Bangalore\/Indien, wo sie als professionelle T\u00e4nzerin, Bollywood-Tanztrainerin und Jurorin bei Tanzwettbewerben t\u00e4tig ist. 2013 wurde ihr als Gewinnerin des indischen Bauchtanzwettbewerbs der Titel &#8222;The most hypnotic Belly dancer&#8220; verliehen. Sie selbst lernte bei der Tribal-Bellydance-Legende Anna Olkinura und erweiterte ihr Repertoire mit Hip-Hop Dance und Latin Dance. Pari Production konnte die indische Tribal Bellydance Trainerin f\u00fcr einen Workshop in Hamburg gewinnen. Aalia Hawa Nila ist eine erfahrene Schauspielerin, Regisseurin, Schauspieltlehrerin und Feldenkrais-Trainerin. Sie wurde in Afrika mit indisch\/afrikanischen Wurzeln geboren und wuchs in England auf. Ihre akademische Ausbildung erhielt sie in Deutschland und den USA, wo sie ihr Schauspielstudium mit dem MFA abschloss. Weitere Reisen und Studien f\u00fchrten sie [&hellip;]<\/p>","protected":false},"author":1,"featured_media":12241,"parent":12491,"menu_order":0,"comment_status":"closed","ping_status":"closed","template":"","meta":{"_exactmetrics_skip_tracking":false,"_exactmetrics_sitenote_active":false,"_exactmetrics_sitenote_note":"","_exactmetrics_sitenote_category":0,"spay_email":"","footnotes":"","_links_to":"","_links_to_target":""},"class_list":["post-6272","page","type-page","status-publish","has-post-thumbnail","hentry"],"jetpack_sharing_enabled":true,"jetpack_shortlink":"https:\/\/wp.me\/P8e50O-1Da","_links":{"self":[{"href":"https:\/\/www.pari-productions.com\/en\/wp-json\/wp\/v2\/pages\/6272","targetHints":{"allow":["GET"]}}],"collection":[{"href":"https:\/\/www.pari-productions.com\/en\/wp-json\/wp\/v2\/pages"}],"about":[{"href":"https:\/\/www.pari-productions.com\/en\/wp-json\/wp\/v2\/types\/page"}],"author":[{"embeddable":true,"href":"https:\/\/www.pari-productions.com\/en\/wp-json\/wp\/v2\/users\/1"}],"replies":[{"embeddable":true,"href":"https:\/\/www.pari-productions.com\/en\/wp-json\/wp\/v2\/comments?post=6272"}],"version-history":[{"count":25,"href":"https:\/\/www.pari-productions.com\/en\/wp-json\/wp\/v2\/pages\/6272\/revisions"}],"predecessor-version":[{"id":13394,"href":"https:\/\/www.pari-productions.com\/en\/wp-json\/wp\/v2\/pages\/6272\/revisions\/13394"}],"up":[{"embeddable":true,"href":"https:\/\/www.pari-productions.com\/en\/wp-json\/wp\/v2\/pages\/12491"}],"wp:featuredmedia":[{"embeddable":true,"href":"https:\/\/www.pari-productions.com\/en\/wp-json\/wp\/v2\/media\/12241"}],"wp:attachment":[{"href":"https:\/\/www.pari-productions.com\/en\/wp-json\/wp\/v2\/media?parent=6272"}],"curies":[{"name":"wp","href":"https:\/\/api.w.org\/{rel}","templated":true}]}}