{"id":6280,"date":"2016-07-28T22:06:26","date_gmt":"2016-07-28T22:06:26","guid":{"rendered":"http:\/\/pari-productions.com\/?page_id=6280"},"modified":"2018-11-08T00:37:47","modified_gmt":"2018-11-08T00:37:47","slug":"die-company","status":"publish","type":"page","link":"https:\/\/www.pari-productions.com\/en\/bollydance-akademie\/die-company\/","title":{"rendered":"The company"},"content":{"rendered":"<p><strong>If you want to book a Bollywood show - then the BollyDance Company is the right dance group for you<\/strong><\/p>\n<h2>The BollyDance Company<\/h2>\n<p>The professional Bollywood show dance group was founded in 2003 by Tatjana Wegner and has been performing with major shows on international stages since 2006. You can book the dancers as a group or individually for a wide variety of events, from dance performances at cultural events, private celebrations to guest appearances in Bollywood films.<\/p>\n<p>Up to twenty international dancers enchant your audience with their Bollywood show. Under the artistic direction of Tatjana Wegner and equipped with original Indian costumes, they make Bollywood dance dreams come true. The show performances are characterized by an exotic flair and abduct your guests into a colorful fantasy world of colors and dance.<\/p>\n<h2>Our Bollywood shows<\/h2>\n<p>The company&#039;s Bollywood Show is an international dance show that lets you experience the Indian spirit \u201clive\u201d. Like the Indian Bollywood films, the Bollywood Show is also about languishing love and passion. Stage acts include an Indian wedding, the night of candles and the mysterious dance of the elephants. Colorful and exotic costumes, rushing colors and bewitching scents stimulate the audience&#039;s imagination. Fascinating stage sets such as the golden palace, the giant clam, colorful peacocks and flower swings take the audience into the enchanting worlds of the Arabian Nights. The music is a new and exciting mixture of traditional Indian sounds and modern Bollywood music, paired with European elements such as hip hop.<\/p>\n<p>The BollyDance Company currently consists of permanent members and guest dancers at its own shows. We offer different modules that you can book immediately. You can find them under the keyword <a href=\"http:\/\/www.pari-productions.com\/en\/x-menu\/bollywood-videos-alt\/bollydance-company-videos\/\">Show programs<\/a>. It is of course also possible to work out a choreography tailored to your event. Since we want to constantly expand the company, we look forward to new faces and organize our own <a href=\"http:\/\/www.pari-productions.com\/en\/casting-in-hamburg\/\">Castings in Hamburg<\/a>.<\/p>\n<p><a href=\"http:\/\/www.pari-productions.com\/wp-content\/uploads\/2016\/07\/Show-Programm-Leiste-2.png\" class=\"envirabox envirabox\"><img loading=\"lazy\" decoding=\"async\" class=\"paripic100 alignnone wp-image-7087 size-full\" src=\"http:\/\/www.pari-productions.com\/wp-content\/uploads\/2016\/07\/Show-Programm-Leiste-2.png\" alt=\"show-programm-leiste\" width=\"866\" height=\"189\" srcset=\"https:\/\/www.pari-productions.com\/wp-content\/uploads\/2016\/07\/Show-Programm-Leiste-2.png 866w, https:\/\/www.pari-productions.com\/wp-content\/uploads\/2016\/07\/Show-Programm-Leiste-2-300x65.png 300w, https:\/\/www.pari-productions.com\/wp-content\/uploads\/2016\/07\/Show-Programm-Leiste-2-768x168.png 768w\" sizes=\"auto, (max-width: 866px) 100vw, 866px\" \/><\/a><\/p>\n<p><a href=\"http:\/\/www.pari-productions.com\/wp-content\/uploads\/2016\/07\/Company-Show-Leiste.png\" class=\"envirabox envirabox\"><img loading=\"lazy\" decoding=\"async\" class=\"paripic100 alignnone wp-image-7090 size-full\" src=\"http:\/\/www.pari-productions.com\/wp-content\/uploads\/2016\/07\/Company-Show-Leiste.png\" alt=\"company-show-leiste\" width=\"646\" height=\"143\" srcset=\"https:\/\/www.pari-productions.com\/wp-content\/uploads\/2016\/07\/Company-Show-Leiste.png 646w, https:\/\/www.pari-productions.com\/wp-content\/uploads\/2016\/07\/Company-Show-Leiste-300x66.png 300w\" sizes=\"auto, (max-width: 646px) 100vw, 646px\" \/><\/a><\/p>","protected":false},"excerpt":{"rendered":"<p>Wollen Sie eine Bollywood Show buchen &#8211; dann ist die BollyDance Company die richtige Tanzgruppe f\u00fcr Sie Die BollyDance Company Die professionelle Bollywood Showtanzgruppe wurde 2003 von Tatjana Wegner gegr\u00fcndet und tritt seit 2006 mit gro\u00dfen Shows auf internationalen B\u00fchnen auf. Man kann die T\u00e4nzer als Gruppe oder einzeln f\u00fcr unterschiedlichste Veranstaltungen von Tanzeinlagen bei Kulturveranstaltungen, private Feiern bis hin zu Gastauftritten in Bollywood-Filmen buchen. Bis zu zwanzig internationale T\u00e4nzer verzaubern mit ihrer Bollywood Show Ihr Publikum. Unter der k\u00fcnstlerischen Leitung von Tatjana Wegner und ausgestattet mit original indischen Kost\u00fcmen lassen sie Bollywood Tanztr\u00e4ume Wirklichkeit werden. Ein exotisches Flair zeichnet die Showauftritte aus und entf\u00fchrt Ihre G\u00e4ste in eine kunterbunte Fantasiewelt aus Farben und Tanz. Unsere Bollywood Shows Die Bollywood Show der Company ist eine internationale Tanzshow, die Sie den Indian Spirit &#8222;live&#8220; erleben l\u00e4sst. Wie die indischen Bollywood Filme handelt auch die Bollywood Show von schmachtender Liebe und Leidenschaft. B\u00fchnen Acts sind unter anderem eine indische Hochzeit, die Nacht der Kerzen oder der geheimnisvolle Tanz der Elefanten. Bunte und exotische Kost\u00fcme, rauschende Farben und bet\u00f6rende D\u00fcfte regen die Fantasie des Zuschauers an. Faszinierende B\u00fchnenbilder wie z.B. der goldene Palast, die Riesenmuschel, bunte Pfauen und Blumenschaukeln entf\u00fchren die Zuschauer in die verzaubernden Welten von Tausendundeiner Nacht. Die Musik ist eine neue und spannende Mischung aus traditionellen indischen Kl\u00e4ngen und moderner Bollywood Musik, gepaart mit europ\u00e4ischen Elementen wie z.B. aus dem Hip Hop. Derzeit besteht die BollyDance-Company aus festen Mitgliedern und G\u00e4stt\u00e4nzern bei den eigenen Shows. Wir bieten unterschiedliche Module an, [&hellip;]<\/p>","protected":false},"author":1,"featured_media":12048,"parent":12489,"menu_order":0,"comment_status":"closed","ping_status":"closed","template":"","meta":{"_exactmetrics_skip_tracking":false,"_exactmetrics_sitenote_active":false,"_exactmetrics_sitenote_note":"","_exactmetrics_sitenote_category":0,"spay_email":"","footnotes":"","_links_to":"","_links_to_target":""},"class_list":["post-6280","page","type-page","status-publish","has-post-thumbnail","hentry"],"jetpack_sharing_enabled":true,"jetpack_shortlink":"https:\/\/wp.me\/P8e50O-1Di","_links":{"self":[{"href":"https:\/\/www.pari-productions.com\/en\/wp-json\/wp\/v2\/pages\/6280","targetHints":{"allow":["GET"]}}],"collection":[{"href":"https:\/\/www.pari-productions.com\/en\/wp-json\/wp\/v2\/pages"}],"about":[{"href":"https:\/\/www.pari-productions.com\/en\/wp-json\/wp\/v2\/types\/page"}],"author":[{"embeddable":true,"href":"https:\/\/www.pari-productions.com\/en\/wp-json\/wp\/v2\/users\/1"}],"replies":[{"embeddable":true,"href":"https:\/\/www.pari-productions.com\/en\/wp-json\/wp\/v2\/comments?post=6280"}],"version-history":[{"count":26,"href":"https:\/\/www.pari-productions.com\/en\/wp-json\/wp\/v2\/pages\/6280\/revisions"}],"predecessor-version":[{"id":14135,"href":"https:\/\/www.pari-productions.com\/en\/wp-json\/wp\/v2\/pages\/6280\/revisions\/14135"}],"up":[{"embeddable":true,"href":"https:\/\/www.pari-productions.com\/en\/wp-json\/wp\/v2\/pages\/12489"}],"wp:featuredmedia":[{"embeddable":true,"href":"https:\/\/www.pari-productions.com\/en\/wp-json\/wp\/v2\/media\/12048"}],"wp:attachment":[{"href":"https:\/\/www.pari-productions.com\/en\/wp-json\/wp\/v2\/media?parent=6280"}],"curies":[{"name":"wp","href":"https:\/\/api.w.org\/{rel}","templated":true}]}}