{"id":6286,"date":"2016-07-28T22:08:40","date_gmt":"2016-07-28T22:08:40","guid":{"rendered":"http:\/\/pari-productions.com\/?page_id=6286"},"modified":"2017-12-19T16:41:11","modified_gmt":"2017-12-19T16:41:11","slug":"bollywoodfilme-musikvideos","status":"publish","type":"page","link":"https:\/\/www.pari-productions.com\/en\/bollydance-akademie\/bollywoodfilme-musikvideos\/","title":{"rendered":"Bollywood films &amp; music videos"},"content":{"rendered":"<p>Here is a selection of projects Pari Productions has been able to participate in so far:<\/p>\n<div class=\"su-spacer\" style=\"height:20px\"><\/div>\n<h2>Movie &quot;Kaiserschmarrn&quot;<\/h2>\n<p>Pari Production organized the casting for the movie <a href=\"http:\/\/www.pari-productions.com\/en\/gallery\/kaisershmarrn-dreh\/\">&quot;Kaiserschmarrn&quot;<\/a>. 40 dancers were selected from 100. The trailer was shot in October 2012. The jury members at the casting were: Tatjana Wegner, Tobias Galke, Sebastian Deyle, Andreas Knuffmann. Producers are: Sebastian Deyle (leading role) and Andreas Knufmann (Boomerang Films Productions).<\/p>\n<h2><\/h2>\n<p><span class=\"embed-youtube\" style=\"text-align:center; display: block;\"><iframe loading=\"lazy\" class=\"youtube-player\" width=\"888\" height=\"500\" src=\"https:\/\/www.youtube.com\/embed\/nyuDgQGkvtE?version=3&#038;rel=1&#038;showsearch=0&#038;showinfo=1&#038;iv_load_policy=1&#038;fs=1&#038;hl=en-US&#038;autohide=2&#038;wmode=transparent\" allowfullscreen=\"true\" style=\"border:0;\" sandbox=\"allow-scripts allow-same-origin allow-popups allow-presentation\"><\/iframe><\/span><\/p>\n<div class=\"su-spacer\" style=\"height:20px\"><\/div>\n<p>&nbsp;<\/p>\n<h2>Children&#039;s short film &quot;Crazy in Love&quot;<\/h2>\n<p>Bollywood in Hamburg - in early summer 2010 the children&#039;s short film was directed by Ali Hakim and Peter Oldak<a href=\"http:\/\/www.pari-productions.com\/en\/gallery\/bollykurzfilm-crazy-in-love\/\"> &quot;Crazy in Love&quot; <\/a>turned. As with the Indian role models, this is also about love. The convent student Sanju falls in love with the substitute teacher Blumenberg. Just like in Bollywood, he sings about his love and various dance scenes follow. Unfortunately, waking up from this daydream is not that gentle. Pari Production was present at the casting and Tatjana Wegner choreographed the dance scenes.<\/p>\n<p><span class=\"embed-youtube\" style=\"text-align:center; display: block;\"><iframe loading=\"lazy\" class=\"youtube-player\" width=\"888\" height=\"500\" src=\"https:\/\/www.youtube.com\/embed\/tMcnA-e0r7U?version=3&#038;rel=1&#038;showsearch=0&#038;showinfo=1&#038;iv_load_policy=1&#038;fs=1&#038;hl=en-US&#038;autohide=2&#038;wmode=transparent\" allowfullscreen=\"true\" style=\"border:0;\" sandbox=\"allow-scripts allow-same-origin allow-popups allow-presentation\"><\/iframe><\/span><\/p>\n<div class=\"su-spacer\" style=\"height:20px\"><\/div>\n<h2>&quot;Witch Lilli 2 - The Journey to Mandolan&quot;<\/h2>\n<p>In the second part<a href=\"http:\/\/www.pari-productions.com\/en\/gallery\/hexe-lili-2-dysney-film\/\"> &quot;WITCH LILLI - The Journey to Mandolan&quot; <\/a>Lilli, the little super witch, travels to Mandolan, a fairytale-like India, to free the rightful king. When they arrive at the Mandolan&#039;s throne room, there is a big celebration at which a Bollywood dance group with 10-12 dancers is to perform. Pari Productions held a casting for the Disney production. At the beginning of September 2009, the Bollywood dance scene was successfully filmed with the dancers we arranged in the Babelsberg Studios. The dance group consisted of dancers from Hamburg, Berlin and Bombay. The movie was presented in the cinema in November 2010.<\/p>\n<p><span class=\"embed-youtube\" style=\"text-align:center; display: block;\"><iframe loading=\"lazy\" class=\"youtube-player\" width=\"888\" height=\"500\" src=\"https:\/\/www.youtube.com\/embed\/RAC-U90hqYI?version=3&#038;rel=1&#038;showsearch=0&#038;showinfo=1&#038;iv_load_policy=1&#038;fs=1&#038;hl=en-US&#038;autohide=2&#038;wmode=transparent\" allowfullscreen=\"true\" style=\"border:0;\" sandbox=\"allow-scripts allow-same-origin allow-popups allow-presentation\"><\/iframe><\/span><\/p>\n<div class=\"su-spacer\" style=\"height:20px\"><\/div>\n<h2>&quot;Aap Kaa Surroorr&quot;<\/h2>\n<p><a href=\"http:\/\/www.pari-productions.com\/en\/gallery\/hexe-lili-2\/\">&quot;Aap Ka Suroor&quot;<\/a> is the first major Bollywood film production in Germany with the participation of Tatjana Wegner and the BollyDance Company. Under the guidance of the famous Indian choreographer \u201cMaster G\u201d the shooting took place with 30 dancers from India and 20 dancers from the BollyDance Company in Germany. More than 80 journalists reported on it in TV and print, including RTL, Bildzeitung, WDR and many more<\/p>\n<p><a href=\"http:\/\/www.pari-productions.com\/en\/media\/presse\/\">Press material<\/a><br \/>\nAre you interested in working as a dancer in future films? [<a href=\"http:\/\/www.pari-productions.com\/en\/casting-agentur\/\">CASTING<\/a>].<br \/>\nThe shooting took place between March 12th. - 16.03.07. You can find pictures of this in the [<a href=\"http:\/\/www.pari-productions.com\/en\/gallery\/hexe-lili-2\/\">GALLERY<\/a>]\n<p><span class=\"embed-youtube\" style=\"text-align:center; display: block;\"><iframe loading=\"lazy\" class=\"youtube-player\" width=\"888\" height=\"500\" src=\"https:\/\/www.youtube.com\/embed\/itk-Ya2hO7E?version=3&#038;rel=1&#038;showsearch=0&#038;showinfo=1&#038;iv_load_policy=1&#038;fs=1&#038;hl=en-US&#038;autohide=2&#038;wmode=transparent\" allowfullscreen=\"true\" style=\"border:0;\" sandbox=\"allow-scripts allow-same-origin allow-popups allow-presentation\"><\/iframe><\/span><\/p>\n<div class=\"su-spacer\" style=\"height:20px\"><\/div>\n<h2>&quot;Karma&quot;<\/h2>\n<p>The <a href=\"http:\/\/www.pari-productions.com\/en\/gallery\/karma-film\/\">Movie\u00a0<\/a>was awarded for the SOUTH ASIAN INTERNATIONAL FILM FESTIVAL (SAIFF) from 22.-28. Nominated October 2008 in New York and at the CRINTHIAN INTERNATIONAL FILM FESTIVAL in Corinth (Greece) from October 29th to November 1st. At the MARBELLA INTERNATIONAL FILM FESTIVAL on October 4th, 2008 in Spain he won the award for the best feature film.<br \/>\n<a href=\"https:\/\/www.youtube.com\/watch?v=Z7hzbRrLles&amp;t=16s\">FILM TRAILER<\/a><\/p>\n<p><span class=\"embed-youtube\" style=\"text-align:center; display: block;\"><iframe loading=\"lazy\" class=\"youtube-player\" width=\"888\" height=\"500\" src=\"https:\/\/www.youtube.com\/embed\/Z7hzbRrLles?version=3&#038;rel=1&#038;showsearch=0&#038;showinfo=1&#038;iv_load_policy=1&#038;fs=1&#038;hl=en-US&#038;autohide=2&#038;wmode=transparent\" allowfullscreen=\"true\" style=\"border:0;\" sandbox=\"allow-scripts allow-same-origin allow-popups allow-presentation\"><\/iframe><\/span><\/p>","protected":false},"excerpt":{"rendered":"<p>Hier eine Auswahl von Projekten, an denen Pari Productions bisher mitwirken durfte: Kinofilm \u201eKaiserschmarrn&#8220; Pari Production veranstaltete das Casting f\u00fcr den Kinofilm &#8222;Kaiserschmarrn&#8220;. Aus 100 T\u00e4nzer wurden 40 ausgesucht. Der Dreh des Trailers fand in Oktober 2012 statt. Jurymitglieder beim Casting waren: Tatjana Wegner, Tobias Galke, Sebastian Deyle, Andreas Knuffmann. Produzenten sind : Sebastian Deyle (Hauptrolle) und Andreas Knufmann (Boomerang Films Productions). &nbsp; Kinderkurzfilm &#8222;Crazy in Love&#8220; Bollywood in Hamburg \u2013 im Fr\u00fchsommer 2010 wurde unter der Regie von Ali Hakim und Peter Oldak der Kinderkurzfilm &#8222;Crazy in Love&#8220; gedreht. Wie bei den indischen Vorbildern geht es auch hier um Liebe. Der Klostersch\u00fcler Sanju verliebt sich in die Vetretungslehrerin Blumenberg. Ganz wie in Bollywood singt er von seiner Liebe und es folgen verschiedene Tanzszenen. Leider ist das Erwachen aus diesem Tagtraum nicht ganz so sanft. Pari Production war\u00a0 beim Casting dabei und Tatjana Wegner hat die Tanzszenen choreografiert. &#8222;Hexe Lilli 2 &#8211; Die Reise nach Mandolan&#8220; Im zweiten Teil &#8222;HEXE LILLI &#8211; Die Reise nach Mandolan&#8220; reist Lilli, die kleine Superhexe nach Mandolan, einem m\u00e4rchenhaft \u00fcberh\u00f6htem Indien, um den rechtm\u00e4\u00dfigen K\u00f6nig zu befreien. Bei ihrer Ankunft im Thronsaal von Mandolan gibt es eine gro\u00dfe Feier, bei der eine Bollywoodtanzgruppe mit 10 &#8211; 12 T\u00e4nzern auftreten soll. Pari Productions veranstaltete ein Casting f\u00fcr die Disney Produktion. Anfang September 2009\u00a0 wurde die Bollywood-Dance Szene mit den von uns vermittelten T\u00e4nzern in den Babelsberg Studios erfolgreich abgedreht. Die Tanzgruppe bestand aus T\u00e4nzern aus Hamburg, Berlin und Bombay. Der Kinofilm wurde im November 2010 [&hellip;]<\/p>","protected":false},"author":1,"featured_media":12043,"parent":12489,"menu_order":0,"comment_status":"closed","ping_status":"closed","template":"","meta":{"_exactmetrics_skip_tracking":false,"_exactmetrics_sitenote_active":false,"_exactmetrics_sitenote_note":"","_exactmetrics_sitenote_category":0,"spay_email":"","footnotes":"","_links_to":"","_links_to_target":""},"class_list":["post-6286","page","type-page","status-publish","has-post-thumbnail","hentry"],"jetpack_sharing_enabled":true,"jetpack_shortlink":"https:\/\/wp.me\/P8e50O-1Do","_links":{"self":[{"href":"https:\/\/www.pari-productions.com\/en\/wp-json\/wp\/v2\/pages\/6286","targetHints":{"allow":["GET"]}}],"collection":[{"href":"https:\/\/www.pari-productions.com\/en\/wp-json\/wp\/v2\/pages"}],"about":[{"href":"https:\/\/www.pari-productions.com\/en\/wp-json\/wp\/v2\/types\/page"}],"author":[{"embeddable":true,"href":"https:\/\/www.pari-productions.com\/en\/wp-json\/wp\/v2\/users\/1"}],"replies":[{"embeddable":true,"href":"https:\/\/www.pari-productions.com\/en\/wp-json\/wp\/v2\/comments?post=6286"}],"version-history":[{"count":24,"href":"https:\/\/www.pari-productions.com\/en\/wp-json\/wp\/v2\/pages\/6286\/revisions"}],"predecessor-version":[{"id":13414,"href":"https:\/\/www.pari-productions.com\/en\/wp-json\/wp\/v2\/pages\/6286\/revisions\/13414"}],"up":[{"embeddable":true,"href":"https:\/\/www.pari-productions.com\/en\/wp-json\/wp\/v2\/pages\/12489"}],"wp:featuredmedia":[{"embeddable":true,"href":"https:\/\/www.pari-productions.com\/en\/wp-json\/wp\/v2\/media\/12043"}],"wp:attachment":[{"href":"https:\/\/www.pari-productions.com\/en\/wp-json\/wp\/v2\/media?parent=6286"}],"curies":[{"name":"wp","href":"https:\/\/api.w.org\/{rel}","templated":true}]}}