{"id":6296,"date":"2016-07-28T22:12:12","date_gmt":"2016-07-28T22:12:12","guid":{"rendered":"http:\/\/pari-productions.com\/?page_id=6296"},"modified":"2017-12-12T01:45:13","modified_gmt":"2017-12-12T01:45:13","slug":"kathak-workshop-mit-bollywood-star-vijayshree-chaudhary","status":"publish","type":"page","link":"https:\/\/www.pari-productions.com\/en\/workshop-specials\/kathak-workshop-mit-bollywood-star-vijayshree-chaudhary\/","title":{"rendered":"Kathak dance workshop with Vijayshree Chaudhary"},"content":{"rendered":"<p>At the beginning of 2013 Tatjana Wegner stayed in India for two months and used the time for Pari Productions. She was able to win the prominent Kathak teacher Vijayshree Chaudhary for the BollyDance Academy with BollyDance in the Kathak style. Even a legend in India, she started out as a student of Pt. Birju Maharaj with her show in India and around the world. Many Bollywood stars take private lessons from her and she has been looking after the candidates for the \u201cMiss India\u201d competitions for five years. In addition, she met with Abhay Saini, a talented choreographer and dancer from numerous Bollywood films. Tatjana Wegner was able to win both of them to give workshops and private lessons in Hamburg. Take the chance to learn from the best!<\/p>\n<div class=\"su-spacer\" style=\"height:20px\"><\/div>\n<p>&nbsp;<\/p>\n<p>Choreographies from films like \u201cDevdas\u201d or \u201cKisna\u201d are practiced in the Bollywood Kathak style.<\/p>\n<p>Price per workshop: \u20ac 200.00 plus 19 % VAT per seminar.<\/p>\n<p>Reduced EUR 170.00 for incoming payments up to 3 weeks before the respective date, also for students.<\/p>\n<p>Private lessons with Vijayshree Chaudhary can be booked on request.<\/p>\n<p><a href=\"http:\/\/www.pari-productions.com\/wp-content\/uploads\/2016\/07\/Kathak-1-1.png\" class=\"envirabox envirabox\"><img loading=\"lazy\" decoding=\"async\" class=\"alignleft wp-image-7796 size-medium\" src=\"http:\/\/www.pari-productions.com\/wp-content\/uploads\/2016\/07\/Kathak-1-1-300x225.png\" alt=\"kathak\" width=\"300\" height=\"225\" srcset=\"https:\/\/www.pari-productions.com\/wp-content\/uploads\/2016\/07\/Kathak-1-1-300x225.png 300w, https:\/\/www.pari-productions.com\/wp-content\/uploads\/2016\/07\/Kathak-1-1-768x577.png 768w, https:\/\/www.pari-productions.com\/wp-content\/uploads\/2016\/07\/Kathak-1-1-600x450.png 600w, https:\/\/www.pari-productions.com\/wp-content\/uploads\/2016\/07\/Kathak-1-1.png 885w\" sizes=\"auto, (max-width: 300px) 100vw, 300px\" \/><\/a><a href=\"http:\/\/www.pari-productions.com\/wp-content\/uploads\/2016\/07\/Bild-3-2.png\" class=\"envirabox envirabox\"><img loading=\"lazy\" decoding=\"async\" class=\"alignleft wp-image-7798 size-medium\" src=\"http:\/\/www.pari-productions.com\/wp-content\/uploads\/2016\/07\/Bild-3-2-300x225.png\" alt=\"bild-3\" width=\"300\" height=\"225\" srcset=\"https:\/\/www.pari-productions.com\/wp-content\/uploads\/2016\/07\/Bild-3-2-300x225.png 300w, https:\/\/www.pari-productions.com\/wp-content\/uploads\/2016\/07\/Bild-3-2-768x577.png 768w, https:\/\/www.pari-productions.com\/wp-content\/uploads\/2016\/07\/Bild-3-2-600x450.png 600w, https:\/\/www.pari-productions.com\/wp-content\/uploads\/2016\/07\/Bild-3-2.png 885w\" sizes=\"auto, (max-width: 300px) 100vw, 300px\" \/><\/a><\/p>","protected":false},"excerpt":{"rendered":"<p>Anfang 2013 hielt sich Tatjana Wegner f\u00fcr zwei Monate in Indien auf und nutzte die Zeit f\u00fcr Pari Productions. Sie konnte die prominente Kathak-Lehrerin Vijayshree Chaudhary f\u00fcr die BollyDance Akademie mit BollyDance im Kathak-Stil gewinnen. Selbst eine Legende in Indien trat sie anfangs als Sch\u00fclerin von Pt. Birju Maharaj mit ihrer Show in Indien und der ganzen Welt auf. Viele Bollywoodstars nehmen Privatunterricht bei ihr und seit f\u00fcnf Jahren betreut sie die Kandidatinnen der \u201cMiss India\u201d Wettbewerbe. Dar\u00fcber hinaus traf sie sich mit Abhay Saini, einem talentierten Choreografen und T\u00e4nzer aus zahlreichen Bollywood-Filmen. Tatjana Wegner konnte beide gewinnen Workshops bzw. Privatstunden in Hamburg zu geben. Nehmt die Chance wahr von den Besten zu lernen! &nbsp; Es werden Choreografien aus den Filmen wie &#8222;Devdas&#8220; oder &#8222;Kisna&#8220; in dem Bollywood Kathak Stil einge\u00fcbt. Preis pro Workshop: 200,00 \u20ac zzgl. 19 % MwSt. je Seminar. Erm\u00e4\u00dfigt EUR 170,00 f\u00fcr Zahlungseing\u00e4nge bis 3 Wochen vor dem jeweiligen Termin, auch f\u00fcr Studenten. Privatstunden mit Vijayshree Chaudhary buchbar nach Anfrage.<\/p>","protected":false},"author":1,"featured_media":12064,"parent":12491,"menu_order":0,"comment_status":"closed","ping_status":"closed","template":"","meta":{"_exactmetrics_skip_tracking":false,"_exactmetrics_sitenote_active":false,"_exactmetrics_sitenote_note":"","_exactmetrics_sitenote_category":0,"spay_email":"","footnotes":"","_links_to":"","_links_to_target":""},"class_list":["post-6296","page","type-page","status-publish","has-post-thumbnail","hentry"],"jetpack_sharing_enabled":true,"jetpack_shortlink":"https:\/\/wp.me\/P8e50O-1Dy","_links":{"self":[{"href":"https:\/\/www.pari-productions.com\/en\/wp-json\/wp\/v2\/pages\/6296","targetHints":{"allow":["GET"]}}],"collection":[{"href":"https:\/\/www.pari-productions.com\/en\/wp-json\/wp\/v2\/pages"}],"about":[{"href":"https:\/\/www.pari-productions.com\/en\/wp-json\/wp\/v2\/types\/page"}],"author":[{"embeddable":true,"href":"https:\/\/www.pari-productions.com\/en\/wp-json\/wp\/v2\/users\/1"}],"replies":[{"embeddable":true,"href":"https:\/\/www.pari-productions.com\/en\/wp-json\/wp\/v2\/comments?post=6296"}],"version-history":[{"count":13,"href":"https:\/\/www.pari-productions.com\/en\/wp-json\/wp\/v2\/pages\/6296\/revisions"}],"predecessor-version":[{"id":13389,"href":"https:\/\/www.pari-productions.com\/en\/wp-json\/wp\/v2\/pages\/6296\/revisions\/13389"}],"up":[{"embeddable":true,"href":"https:\/\/www.pari-productions.com\/en\/wp-json\/wp\/v2\/pages\/12491"}],"wp:featuredmedia":[{"embeddable":true,"href":"https:\/\/www.pari-productions.com\/en\/wp-json\/wp\/v2\/media\/12064"}],"wp:attachment":[{"href":"https:\/\/www.pari-productions.com\/en\/wp-json\/wp\/v2\/media?parent=6296"}],"curies":[{"name":"wp","href":"https:\/\/api.w.org\/{rel}","templated":true}]}}