{"id":6301,"date":"2016-07-28T22:13:36","date_gmt":"2016-07-28T22:13:36","guid":{"rendered":"http:\/\/pari-productions.com\/?page_id=6301"},"modified":"2017-12-12T02:01:39","modified_gmt":"2017-12-12T02:01:39","slug":"bollywood-workshops-auf-goa","status":"publish","type":"page","link":"https:\/\/www.pari-productions.com\/en\/workshop-specials\/bollywood-workshops-auf-goa\/","title":{"rendered":"Bollywood workshops in Goa"},"content":{"rendered":"<p><strong>The countless stays in Mumbai and the experience with Bollywood film productions have shown that there is a great need for European actors on site. <\/strong><\/p>\n<p>Pari Productions has decided to go directly to India and to offer BollyDance on Goa. That is why we want to hold auditions and special workshops between January and March every year, tailored to the respective film production. An ideal opportunity for anyone interested to take their first steps to Bollywood on Goa and combine a beach holiday with dancing. If the dates are fixed, you will find all the information you need here.<\/p>\n<p>In this context, the BollyDance Camp on Goa was created, which took place for the first time between January and March 2015. The workshop covers classical Indian dance, Bollwood \/ Bhangra and oriental dance. Tatjana Wegner is supported by two Indian trainers.<\/p>\n<h3>Course of the workshop:<\/h3>\n<p><strong>9.00-10.00 a.m .:<\/strong> Good morning yoga<br \/>\n<strong>10.00-12.00 a.m .:<\/strong> Dance training (BollyDance), classical dance, Bolly Hip Hop, Bhangra<br \/>\n<strong>Noon:<\/strong> Leisure time, beach trips or walks<br \/>\n<strong>Afternoon:<\/strong> 5:00 p.m. - 7:00 p.m. dance training (BollyDance)<br \/>\n<strong>In the evening:<\/strong> Visit to a dance performance in the Dance Temple or Magic Park as well as various beach parties with live music, visit to the annual carnival, massages on the beach, participation in yoga or tai chi courses, etc.<\/p>\n<p>The location is the Samata Retreat Center near Arambol. It is a new facility that was built around a mighty mango tree in a 100-year-old teak plantation. The six cottages are all built of wood in a Balinese style.<\/p>\n<h3>Prices for the workshop<\/h3>\n<p>Dates: by arrangement. Cost per workshop - 600 \u20ac.<br \/>\n<a href=\"\/en\/?page_id=6395\">registration<\/a><\/p>\n<p>Samata Cottages comprises 12 double rooms, 6 single rooms and 2 deluxe suites. All rooms have a luxuriously equipped bathroom with hot water and a balcony. Environmentally friendly rubber mattresses without toxic foaming have been used for the beds and recycled teak has been used for all rooms. The equipment also includes free WiFi and free use of a 144 sqm yoga room. The well-being of the guests is very important to the gang givers.<\/p>\n<p>The restaurant offers vegetarian cuisine from its own cultivation or organic cultivation from central India. There is a Japanese and an Israeli chef who always presents the tasty dishes in new ways.<\/p>\n<p>Link: <a href=\"http:\/\/www.samatagoa.com\" target=\"_blank\" rel=\"noopener noreferrer\">www.samatagoa.com<\/a><\/p>\n<div class=\"su-spacer\" style=\"height:20px\"><\/div>\n<h3>Prices for accommodation and meals<\/h3>\n<p>Single room: $ 70 (around \u20ac 55) per day<br \/>\nDouble room $ 85 (about 66 \u20ac)<br \/>\nDeluxe Suite $ 200 (about 155 \u20ac)<br \/>\nBreakfast: $ 5-7 (4- \u20ac 5.50)<br \/>\nLunch: $ 10 (7.50 \u20ac)<br \/>\nDinner: $ 10 (7.50 \u20ac)<\/p>\n<p>If no accommodation is desired in the resort, there are numerous cheap opportunities in the guest houses and bungalows in the immediate vicinity (approx. \u20ac 10 per day).<\/p>\n<p><strong><a href=\"http:\/\/www.pari-productions.com\/wp-content\/uploads\/2016\/07\/Samata-Goa-.png\" class=\"envirabox envirabox\"><img loading=\"lazy\" decoding=\"async\" class=\"alignleft wp-image-7766 size-medium\" src=\"http:\/\/www.pari-productions.com\/wp-content\/uploads\/2016\/07\/Samata-Goa--300x212.png\" alt=\"samata-goa\" width=\"300\" height=\"212\" srcset=\"https:\/\/www.pari-productions.com\/wp-content\/uploads\/2016\/07\/Samata-Goa--300x212.png 300w, https:\/\/www.pari-productions.com\/wp-content\/uploads\/2016\/07\/Samata-Goa--768x542.png 768w, https:\/\/www.pari-productions.com\/wp-content\/uploads\/2016\/07\/Samata-Goa-.png 946w\" sizes=\"auto, (max-width: 300px) 100vw, 300px\" \/><\/a>INFORMATION ON THE AREA<\/strong><\/p>\n<p>The former fishing village of Arambol is located in the north of Goa directly on the Arabian Sea. An ideal place to unwind and to be inspired by new ideas. Body and soul in harmony - this is within reach in Arambol. The architecture of the village is shaped by the former Portuguese colonial rulers, the landscape by the paradisiacal beaches (the longest beach in Goa) and the rainforests of the hinterland.<\/p>\n<p>Bicycle tours, excursions to the famous Ajuna Flea Market, Paradise Beach or Mumbai can also be organized upon request.<\/p>\n<p>If you want to explore the area on your own, there are many options: Taxes are available throughout the village and you can rent motorbikes or bicycles.<\/p>\n<p>The 16 kilometer long beach is divided by interesting rock formations that can be crossed on well-developed paths. These transitions are lined with stalls selling textiles and jewelry. A walk on the beach can also be used for shopping.<\/p>\n<p>If you follow the Teracoal River inland from the beach you will reach the Teracoal Fort on a small plateau and thus the northernmost military fortification of the Portuguese, which has since been converted into a luxurious hotel.<\/p>\n<p>Also inland along a small stream, a path leads to Sweetwater Lake, a freshwater lake that is ideal for swimming. The sulphurous mud on the bank is said to have a purifying effect and blood circulation. Many visitors therefore do not miss this \u201cfree\u201d mud pack. Another attraction very close by (about two kilometers into the jungle) is the \u201csacred banjan tree\u201d. With its gigantic aerial roots, it is used as a meditation center by free spirits and hippies and is definitely worth seeing as a natural monument.<\/p>\n<p>Athletes come to the train right on Sweetwater Lake. Paragliders like to use two 50 meter high hills as a starting point, so they benefit from the thermals around the hills as well as from the winds at the sea. <span style=\"font-family: Times New Roman, serif;\"><span style=\"font-size: medium;\">Dolphins can be observed directly on the water from the boats, and numerous providers invite you to observe animals.<\/span><\/span><\/p>\n<p>Of course you can also explore the whole peninsula from here. Public buses go directly to Mapusa, for example to visit the weekly market. On Wednesdays you can take a boat to Ajuna for shopping at the hippy market, which is known throughout India.<\/p>\n<p>But the place itself has a lot to offer in addition to the sights such as the Catholic Church \u201cOur Lady of Mount Carmel\u201d and the Hindu temple on the beach. The main street and all the paths along the cliffs are lined with stalls selling jewelry, textiles and international restaurants and cafes.<\/p>\n<p><a href=\"http:\/\/www.pari-productions.com\/wp-content\/uploads\/2016\/07\/BollyDance-Pilates-Goa-2015.png\" class=\"envirabox envirabox\"><img loading=\"lazy\" decoding=\"async\" class=\"alignleft wp-image-7769 size-medium\" src=\"http:\/\/www.pari-productions.com\/wp-content\/uploads\/2016\/07\/BollyDance-Pilates-Goa-2015-214x300.png\" alt=\"bollydance-pilates-goa-2015\" width=\"214\" height=\"300\" srcset=\"https:\/\/www.pari-productions.com\/wp-content\/uploads\/2016\/07\/BollyDance-Pilates-Goa-2015-214x300.png 214w, https:\/\/www.pari-productions.com\/wp-content\/uploads\/2016\/07\/BollyDance-Pilates-Goa-2015.png 450w\" sizes=\"auto, (max-width: 214px) 100vw, 214px\" \/><\/a><\/p>","protected":false},"excerpt":{"rendered":"<p>Die unz\u00e4hligen Aufenthalte in Mumbai und die Erfahrungen mit Bollywood Filmproduktionen haben gezeigt, dass ein gro\u00dfer Bedarf an europ\u00e4ischen Darstellern direkt vor Ort\u00a0 besteht. So hat sich Pari Productions entschlossen, direkt in Indien t\u00e4tig zu werden und BollyDance auf Goa anzubieten. Deshalb wollen wir jedes Jahres zwischen Januar und M\u00e4rz Castings sowie spezielle Workshops, direkt auf die jeweiligen Filmproduktion zugeschnitten veranstalten. F\u00fcr alle Interessierten eine ideale M\u00f6glichkeit die ersten Schritte nach Bollywood auf Goa zu wagen und einen Strandurlaub mit Tanz zu kombinieren. Wenn die Termine feststehen, findet ihr alle n\u00f6tigen Infos hier. In diesem Zusammenhang ist das BollyDance-Camp auf Goa entstanden, das zwischen Januar und M\u00e4rz 2015 das erste Mal stattfand. Der Workshop behandelt klassischen indischen Tanz, Bollwood\/Bhangra und orientalischen Tanz. Tatjana Wegner wird dabei von zwei indischen Trainern unterst\u00fctzt. Ablauf des Workshops: 9.00-10.00 Uhr: Guten Morgen Yoga 10.00-12.00 Uhr: Tanztraining (BollyDance), Klassischer Tanz, Bolly Hip Hop, Bhangra Mittags: Freizeit, Strandausflug oder Spazierg\u00e4nge Nachmittags: 17.00-19.00 Uhr Tanztraining (BollyDance) Abends: Besuch einer Tanzperformance im Dance Temple oder Magic Park sowie diverser Strandparties mit Live-Musik, Besuch des allj\u00e4hrlichen Karnevals, Massagen am Strand, Teilnahme an Yoga- oder Tai-Chi-Kursen usw. Standort ist das Samata Retreat Center in der N\u00e4he von Arambol. Es handelt sich um eine neue Anlage, die in einer 100 Jahre alten Teakholzplantage rund um einen m\u00e4chtigen Mangobaum errichtet wurde. Die sechs Cottages sind alle aus Holz in balinesischem Stil erbaut. Preise f\u00fcr den Workshop Termine: nach Absprache. Kosten pro Workshop &#8211; 600 \u20ac. Anmeldung Samata Cottages umfasst 12 Doppelzimmer, 6 [&hellip;]<\/p>","protected":false},"author":1,"featured_media":12063,"parent":12491,"menu_order":0,"comment_status":"closed","ping_status":"closed","template":"","meta":{"_exactmetrics_skip_tracking":false,"_exactmetrics_sitenote_active":false,"_exactmetrics_sitenote_note":"","_exactmetrics_sitenote_category":0,"spay_email":"","footnotes":"","_links_to":"","_links_to_target":""},"class_list":["post-6301","page","type-page","status-publish","has-post-thumbnail","hentry"],"jetpack_sharing_enabled":true,"jetpack_shortlink":"https:\/\/wp.me\/P8e50O-1DD","_links":{"self":[{"href":"https:\/\/www.pari-productions.com\/en\/wp-json\/wp\/v2\/pages\/6301","targetHints":{"allow":["GET"]}}],"collection":[{"href":"https:\/\/www.pari-productions.com\/en\/wp-json\/wp\/v2\/pages"}],"about":[{"href":"https:\/\/www.pari-productions.com\/en\/wp-json\/wp\/v2\/types\/page"}],"author":[{"embeddable":true,"href":"https:\/\/www.pari-productions.com\/en\/wp-json\/wp\/v2\/users\/1"}],"replies":[{"embeddable":true,"href":"https:\/\/www.pari-productions.com\/en\/wp-json\/wp\/v2\/comments?post=6301"}],"version-history":[{"count":16,"href":"https:\/\/www.pari-productions.com\/en\/wp-json\/wp\/v2\/pages\/6301\/revisions"}],"predecessor-version":[{"id":13391,"href":"https:\/\/www.pari-productions.com\/en\/wp-json\/wp\/v2\/pages\/6301\/revisions\/13391"}],"up":[{"embeddable":true,"href":"https:\/\/www.pari-productions.com\/en\/wp-json\/wp\/v2\/pages\/12491"}],"wp:featuredmedia":[{"embeddable":true,"href":"https:\/\/www.pari-productions.com\/en\/wp-json\/wp\/v2\/media\/12063"}],"wp:attachment":[{"href":"https:\/\/www.pari-productions.com\/en\/wp-json\/wp\/v2\/media?parent=6301"}],"curies":[{"name":"wp","href":"https:\/\/api.w.org\/{rel}","templated":true}]}}