{"id":6303,"date":"2016-07-28T22:15:00","date_gmt":"2016-07-28T22:15:00","guid":{"rendered":"http:\/\/pari-productions.com\/?page_id=6303"},"modified":"2017-12-12T02:13:20","modified_gmt":"2017-12-12T02:13:20","slug":"yoga-workshops-in-tulum","status":"publish","type":"page","link":"https:\/\/www.pari-productions.com\/en\/workshop-specials\/yoga-workshops-in-tulum\/","title":{"rendered":"Workshops in Tulum \/ Mexico"},"content":{"rendered":"<p><strong>Wellness training in the land of the Mayans<\/strong><\/p>\n<p>Dancing and yoga - a perfect combination for holistic relaxation. That is why Pari Productions offers these unique yoga workshops in Tulum together with the Healing House.<\/p>\n<div class=\"su-spacer\" style=\"height:20px\"><\/div>\n<h3>The place - the Healing House<\/h3>\n<p>The Healing House is 15 minutes from the picturesque town of Tulum south of Cancun on the Yucatan Peninsula. An ideal place to find yourself and let the unique nature work its magic on you. Both the beach of the lagoon and the nearby jungle are waiting to be discovered.<\/p>\n<p>The Healing House offers space for ten guests, with a dedicated cook providing meals. Tulum is a 15-minute drive away and can be easily reached by bus or car. The town offers numerous shopping and entertainment options, as well as one of the most beautiful beaches in the world. What makes the Healing House an oasis, however, is the individually tailored wellness offer by Tatjana Wegner. For example, it could look like this:<\/p>\n<div class=\"su-spacer\" style=\"height:20px\"><\/div>\n<h3>Process of wellness training<\/h3>\n<p><strong>9.00-10.00 a.m.<\/strong>: Good morning yoga<br \/>\n<strong>10.00-12.00 a.m .:<\/strong> Dance training (BollyDance or Maya dances)<br \/>\n<strong>Noon:<\/strong> Leisure time, beach trips or walks<br \/>\n<strong>Afternoon:<\/strong> 5:00 p.m. - 7:00 p.m. Dance training (BollyDance or Maya dances)<br \/>\n<strong>In the evening:<\/strong> Excursion to Tulum or to Playa del Carmen with beach parties, visits to salsa clubs or visits to dance shows.<\/p>\n<p>Bike tours, excursions to Cancun, massages, salsa courses or a visit to an Indian sweat hut (Temaxkal) can also be organized by arrangement.<\/p>\n<p>If you want to discover the area on your own, there are many options.<\/p>\n<h3>Tulum and surroundings<\/h3>\n<p>Alongside the white beach and palm trees, a famous Mexican cultural monument can be admired at the lagoon. The Tulum ruins are the only Mayan ruins on the beach. The pyramid is located on a 12 meter high rock and so visitors have a fantastic view of the lagoon.<br \/>\nSports enthusiasts will find natural groundwater basins with underground cave systems and a river in the cenotes Gran Cenote, Dos Ojos and Escondido. Snorkeling, swimming and even cave diving are all possible on site. You can experience nature in its purest form in the nearby Siaan Ka&#039;an Bioreserve on almost 530,000 hectares and along around 100 kilometers of coastline. The Mayan name means &quot;where heaven was born&quot; and here you can watch the local animals or take a boat trip into the mangrove swamps. There is something very special for everyone who likes to combine culture and sport. After an hour&#039;s drive you will reach Coba, an extensive archaeological site of the Maya culture. In addition to the ancient ball playing field, some temple pyramids can be admired here (the tallest is 42 meters high). At the entrance is the large lake with crocodiles, which can be explored with experienced guides on jet skis. To cool off, there are two water basins on the site, which invite you to swim. Country and people, and especially Mayan customs, can be experienced in the small town of Valladolid. Some of the residents still wear their Mayan costumes and offer visitors typical handicrafts. The picturesque town with a large square and the Spanish church of San Gervasio invite you to take a long stroll and a typical Mexican snack. The Xcaret theme park between Tulum and Playa del Carmen, for example, offers all this in a concentrated form. In addition to many water sports, visitors are offered animal observation, dolphin shows or swimming, orchid collections, lively insights into Mayan culture, changing exhibitions and breathtaking stage shows until late at night. Playa del Carmen stands for concentrated leisure activities from street theater, bon vivants, dance options to an original beach club for all kinds of tastes. Here visitors can enjoy a mixture of city life and pure relaxation.<\/p>\n<p>If you want to undertake these excursions individually or want to be mobile, there are numerous transport options available.<\/p>\n<p><strong>Here is a small selection of the possibilities:<\/strong><\/p>\n<ul>\n<li>Taxi from Cancun to Tulum around \u20ac 30<\/li>\n<li>Cancun \/ Tulum shuttle bus \u20ac 4.50<\/li>\n<li>Tourist bus (runs hourly) Cancun \/ Playa del Carmen \u20ac 3.25<\/li>\n<li>Bus Playa del Carmen \/ Tulum (hourly) 1.65 \u20ac (approx. 50 min. Travel time)<\/li>\n<li>Rental car: to be on the safe side, you should rent from large rental companies like Hertz and be sure to take out fully comprehensive insurance.<\/li>\n<\/ul>\n<div class=\"su-spacer\" style=\"height:20px\"><\/div>\n<p><a href=\"http:\/\/www.pari-productions.com\/wp-content\/uploads\/2016\/07\/ShambalaPetitHotelMexico003.jpg\" class=\"envirabox envirabox\"><img loading=\"lazy\" decoding=\"async\" class=\"alignleft wp-image-7776 size-medium\" src=\"http:\/\/www.pari-productions.com\/wp-content\/uploads\/2016\/07\/ShambalaPetitHotelMexico003-300x200.jpg\" alt=\"shambalapetithotelmexico003\" width=\"300\" height=\"200\" srcset=\"https:\/\/www.pari-productions.com\/wp-content\/uploads\/2016\/07\/ShambalaPetitHotelMexico003-300x200.jpg 300w, https:\/\/www.pari-productions.com\/wp-content\/uploads\/2016\/07\/ShambalaPetitHotelMexico003.jpg 450w\" sizes=\"auto, (max-width: 300px) 100vw, 300px\" \/><\/a><a href=\"http:\/\/www.pari-productions.com\/wp-content\/uploads\/2016\/07\/ShambalaPetitHotelMexico014.jpg\" class=\"envirabox envirabox\"><img loading=\"lazy\" decoding=\"async\" class=\"alignleft wp-image-7779 size-medium\" src=\"http:\/\/www.pari-productions.com\/wp-content\/uploads\/2016\/07\/ShambalaPetitHotelMexico014-300x200.jpg\" alt=\"shambalapetithotelmexico014\" width=\"300\" height=\"200\" srcset=\"https:\/\/www.pari-productions.com\/wp-content\/uploads\/2016\/07\/ShambalaPetitHotelMexico014-300x200.jpg 300w, https:\/\/www.pari-productions.com\/wp-content\/uploads\/2016\/07\/ShambalaPetitHotelMexico014.jpg 450w\" sizes=\"auto, (max-width: 300px) 100vw, 300px\" \/><\/a><a href=\"http:\/\/www.pari-productions.com\/wp-content\/uploads\/2016\/07\/ShambalaPetitHotelMexico031.jpg\" class=\"envirabox envirabox\"><img loading=\"lazy\" decoding=\"async\" class=\"alignleft wp-image-7781 size-medium\" src=\"http:\/\/www.pari-productions.com\/wp-content\/uploads\/2016\/07\/ShambalaPetitHotelMexico031-300x200.jpg\" alt=\"shambalapetithotelmexico031\" width=\"300\" height=\"200\" srcset=\"https:\/\/www.pari-productions.com\/wp-content\/uploads\/2016\/07\/ShambalaPetitHotelMexico031-300x200.jpg 300w, https:\/\/www.pari-productions.com\/wp-content\/uploads\/2016\/07\/ShambalaPetitHotelMexico031.jpg 450w\" sizes=\"auto, (max-width: 300px) 100vw, 300px\" \/><\/a><a href=\"http:\/\/www.pari-productions.com\/wp-content\/uploads\/2016\/07\/CANQ4B71.jpg\" class=\"envirabox envirabox\"><img loading=\"lazy\" decoding=\"async\" class=\"alignleft wp-image-7783 size-medium\" src=\"http:\/\/www.pari-productions.com\/wp-content\/uploads\/2016\/07\/CANQ4B71-300x200.jpg\" alt=\"canq4b71\" width=\"300\" height=\"200\" srcset=\"https:\/\/www.pari-productions.com\/wp-content\/uploads\/2016\/07\/CANQ4B71-300x200.jpg 300w, https:\/\/www.pari-productions.com\/wp-content\/uploads\/2016\/07\/CANQ4B71.jpg 450w\" sizes=\"auto, (max-width: 300px) 100vw, 300px\" \/><\/a><\/p>\n<div class=\"su-spacer\" style=\"height:20px\"><\/div>\n<h3>Pino Suares Healing House on the lagoon<\/h3>\n<p><a href=\"http:\/\/www.pari-productions.com\/wp-content\/uploads\/2016\/07\/DSC00273-2.jpg\" class=\"envirabox envirabox\"><img loading=\"lazy\" decoding=\"async\" class=\"alignleft wp-image-7786 size-medium\" src=\"http:\/\/www.pari-productions.com\/wp-content\/uploads\/2016\/07\/DSC00273-2-300x225.jpg\" alt=\"dsc00273\" width=\"300\" height=\"225\" srcset=\"https:\/\/www.pari-productions.com\/wp-content\/uploads\/2016\/07\/DSC00273-2-300x225.jpg 300w, https:\/\/www.pari-productions.com\/wp-content\/uploads\/2016\/07\/DSC00273-2-768x576.jpg 768w, https:\/\/www.pari-productions.com\/wp-content\/uploads\/2016\/07\/DSC00273-2-1024x768.jpg 1024w, https:\/\/www.pari-productions.com\/wp-content\/uploads\/2016\/07\/DSC00273-2-1200x900.jpg 1200w, https:\/\/www.pari-productions.com\/wp-content\/uploads\/2016\/07\/DSC00273-2-600x450.jpg 600w\" sizes=\"auto, (max-width: 300px) 100vw, 300px\" \/><\/a><a href=\"http:\/\/www.pari-productions.com\/wp-content\/uploads\/2016\/07\/DSC00256.jpg\" class=\"envirabox envirabox\"><img loading=\"lazy\" decoding=\"async\" class=\"alignleft wp-image-7788 size-medium\" src=\"http:\/\/www.pari-productions.com\/wp-content\/uploads\/2016\/07\/DSC00256-300x225.jpg\" alt=\"dsc00256\" width=\"300\" height=\"225\" srcset=\"https:\/\/www.pari-productions.com\/wp-content\/uploads\/2016\/07\/DSC00256-300x225.jpg 300w, https:\/\/www.pari-productions.com\/wp-content\/uploads\/2016\/07\/DSC00256-768x576.jpg 768w, https:\/\/www.pari-productions.com\/wp-content\/uploads\/2016\/07\/DSC00256-1024x768.jpg 1024w, https:\/\/www.pari-productions.com\/wp-content\/uploads\/2016\/07\/DSC00256-1200x900.jpg 1200w, https:\/\/www.pari-productions.com\/wp-content\/uploads\/2016\/07\/DSC00256-600x450.jpg 600w\" sizes=\"auto, (max-width: 300px) 100vw, 300px\" \/><\/a><a href=\"http:\/\/www.pari-productions.com\/wp-content\/uploads\/2016\/07\/DSC00232.jpg\" class=\"envirabox envirabox\"><img loading=\"lazy\" decoding=\"async\" class=\"alignleft wp-image-7790 size-medium\" src=\"http:\/\/www.pari-productions.com\/wp-content\/uploads\/2016\/07\/DSC00232-300x225.jpg\" alt=\"dsc00232\" width=\"300\" height=\"225\" srcset=\"https:\/\/www.pari-productions.com\/wp-content\/uploads\/2016\/07\/DSC00232-300x225.jpg 300w, https:\/\/www.pari-productions.com\/wp-content\/uploads\/2016\/07\/DSC00232-768x576.jpg 768w, https:\/\/www.pari-productions.com\/wp-content\/uploads\/2016\/07\/DSC00232-1024x768.jpg 1024w, https:\/\/www.pari-productions.com\/wp-content\/uploads\/2016\/07\/DSC00232-1200x900.jpg 1200w, https:\/\/www.pari-productions.com\/wp-content\/uploads\/2016\/07\/DSC00232-600x450.jpg 600w\" sizes=\"auto, (max-width: 300px) 100vw, 300px\" \/><\/a><a href=\"http:\/\/www.pari-productions.com\/wp-content\/uploads\/2016\/07\/DSC00235.jpg\" class=\"envirabox envirabox\"><img loading=\"lazy\" decoding=\"async\" class=\"alignleft wp-image-7792 size-medium\" src=\"http:\/\/www.pari-productions.com\/wp-content\/uploads\/2016\/07\/DSC00235-300x225.jpg\" alt=\"dsc00235\" width=\"300\" height=\"225\" srcset=\"https:\/\/www.pari-productions.com\/wp-content\/uploads\/2016\/07\/DSC00235-300x225.jpg 300w, https:\/\/www.pari-productions.com\/wp-content\/uploads\/2016\/07\/DSC00235-768x576.jpg 768w, https:\/\/www.pari-productions.com\/wp-content\/uploads\/2016\/07\/DSC00235-1024x768.jpg 1024w, https:\/\/www.pari-productions.com\/wp-content\/uploads\/2016\/07\/DSC00235-1200x900.jpg 1200w, https:\/\/www.pari-productions.com\/wp-content\/uploads\/2016\/07\/DSC00235-600x450.jpg 600w\" sizes=\"auto, (max-width: 300px) 100vw, 300px\" \/><\/a><\/p>","protected":false},"excerpt":{"rendered":"<p>Wellness-Training im Land der Mayas Tanzen und Yoga &#8211; eine perfekte Verbindung, um sich ganzheitlich zu erholen. Deshalb bietet Pari Productions diese einzigartigen Yoga Workshops in Tulum zusammen mit dem Healing House an. Der Ort &#8211; das Healing House Das Healing House ist 15 Minuten vom malerischen \u00d6rtchen Tulum entfernt s\u00fcdlich von Cancun auf der Halbinsel Yucatan. Ein idealer Platz, um sich selbst zu finden und die einzigartige Natur auf sich wirken zu lassen. Sowohl den Strand der Lagune als auch den nahegelegenen Dschungel gilt es zu entdecken. Das Healing House bietet Platz f\u00fcr zehn G\u00e4ste, f\u00fcr die Verpflegung sorgt ein eigener Koch. Das 15 Autominuten entfernte Tulum kann mit Bus oder Auto leicht erreicht werden. Das St\u00e4dtchen bietet zahlreiche Einkaufs- und Unterhaltungsm\u00f6glichkeiten, sowie einen der sch\u00f6nsten Str\u00e4nde der Welt. Was das Healing House jedoch zur Oase werden l\u00e4sst, ist das individuell abgestimmte Wellnessangebot von Tatjana Wegner. Es k\u00f6nnte beispielsweise folgenderma\u00dfen aussehen: Ablauf des Wellness-Trainings 9.00-10.00 Uhr: Guten-Morgen-Yoga 10.00-12.00 Uhr: Tanztraining (BollyDance oder Maya-T\u00e4nze) Mittags: Freizeit, Strandausflug oder Spazierg\u00e4nge Nachmittags: 17.00-19.00 Uhr Tanztraining (BollyDance oder Maya-T\u00e4nze) Abends: Ausflug nach Tulum oder nach Playa del Carmen mit Strandparties, Besuch von Salsaclubs oder Besuch von Tanzshows. Nach Absprache k\u00f6nnen auch Fahrradtouren, Ausfl\u00fcge nach Cancun, Massagen, Salsakurse oder der Besuch einer indianischen Schwitz-H\u00fctte (Temaxkal) organisiert werden. Falls Sie die Umgebung eigenst\u00e4ndig entdecken m\u00f6chten, bieten sich viele M\u00f6glichkeiten. Tulum und Umgebung An der Lagune ist neben wei\u00dfem Strand und Palmen ein ber\u00fchmtes Kulturdenkmal Mexikos zu bewundern. Die Tulumruine ist die einzige Mayaruine am Strand. [&hellip;]<\/p>","protected":false},"author":1,"featured_media":12063,"parent":12491,"menu_order":0,"comment_status":"closed","ping_status":"closed","template":"","meta":{"_exactmetrics_skip_tracking":false,"_exactmetrics_sitenote_active":false,"_exactmetrics_sitenote_note":"","_exactmetrics_sitenote_category":0,"spay_email":"","footnotes":"","_links_to":"","_links_to_target":""},"class_list":["post-6303","page","type-page","status-publish","has-post-thumbnail","hentry"],"jetpack_sharing_enabled":true,"jetpack_shortlink":"https:\/\/wp.me\/P8e50O-1DF","_links":{"self":[{"href":"https:\/\/www.pari-productions.com\/en\/wp-json\/wp\/v2\/pages\/6303","targetHints":{"allow":["GET"]}}],"collection":[{"href":"https:\/\/www.pari-productions.com\/en\/wp-json\/wp\/v2\/pages"}],"about":[{"href":"https:\/\/www.pari-productions.com\/en\/wp-json\/wp\/v2\/types\/page"}],"author":[{"embeddable":true,"href":"https:\/\/www.pari-productions.com\/en\/wp-json\/wp\/v2\/users\/1"}],"replies":[{"embeddable":true,"href":"https:\/\/www.pari-productions.com\/en\/wp-json\/wp\/v2\/comments?post=6303"}],"version-history":[{"count":15,"href":"https:\/\/www.pari-productions.com\/en\/wp-json\/wp\/v2\/pages\/6303\/revisions"}],"predecessor-version":[{"id":13392,"href":"https:\/\/www.pari-productions.com\/en\/wp-json\/wp\/v2\/pages\/6303\/revisions\/13392"}],"up":[{"embeddable":true,"href":"https:\/\/www.pari-productions.com\/en\/wp-json\/wp\/v2\/pages\/12491"}],"wp:featuredmedia":[{"embeddable":true,"href":"https:\/\/www.pari-productions.com\/en\/wp-json\/wp\/v2\/media\/12063"}],"wp:attachment":[{"href":"https:\/\/www.pari-productions.com\/en\/wp-json\/wp\/v2\/media?parent=6303"}],"curies":[{"name":"wp","href":"https:\/\/api.w.org\/{rel}","templated":true}]}}