{"id":6309,"date":"2016-07-28T22:19:19","date_gmt":"2016-07-28T22:19:19","guid":{"rendered":"http:\/\/pari-productions.com\/?page_id=6309"},"modified":"2017-12-12T01:22:15","modified_gmt":"2017-12-12T01:22:15","slug":"bollywood-infos","status":"publish","type":"page","link":"https:\/\/www.pari-productions.com\/en\/bollydance-akademie\/bollywood-infos\/","title":{"rendered":"Bollywood info"},"content":{"rendered":"<p><strong>What is Bollywood anyway? To get to the bottom of this question, we have put together some Bollywood information here.<\/strong><\/p>\n<p>The film came to India very early on, initially only as a visit. In 1896, a silent film by the Lumi\u00e8re brothers was shown for the first time in a hotel in Bombay. In 1913 Dhundiraj Govid Phalke made the first Indian feature film \u201cRaja Harishchandra\u201d. Even then, the content was Indian epics, which stayed that way for a long time. This creates its own film language and from it the Bollywood genre.<\/p>\n<h2>Bollywood - an Indian economic factor<\/h2>\n<p><a href=\"http:\/\/www.pari-productions.com\/wp-content\/uploads\/2016\/07\/lotuslady.jpg\" class=\"envirabox envirabox\"><img loading=\"lazy\" decoding=\"async\" class=\"paripic alignright wp-image-7112 size-full\" src=\"http:\/\/www.pari-productions.com\/wp-content\/uploads\/2016\/07\/lotuslady.jpg\" alt=\"lotuslady\" width=\"117\" height=\"132\" \/><\/a>The name is derived from the actual location Bombay (today&#039;s Mumbai) and the great role model Hollywood. In the meantime, Indian film production has overtaken the American model. Between 900 and 1000 films are produced annually in India and are seen by 3.6 billion people worldwide. American productions reach a billion fewer people.<\/p>\n<h2>Typical for Bollywood films<\/h2>\n<p>An unmistakable indication of a Bollywood production are the strong emotionality of the representation and the inevitable happy ending or the tragic death of the actors. The successful producer Chopra sums it up: \u201cIn a three-hour film, the couple either have to die or get together. The audience should cry or laugh at the end. &quot;<\/p>\n<h2>Gods in the movie<\/h2>\n<p>Like so much in India, Indian film is deeply rooted in Indian mythology and Indian dance history. The most common dance styles in film choreographies come from the Bharatnatyam, Kuchipudi, Kathakali or Kathak, which merge with the influences of Latin American dances, classical ballet, flamenco, musical dance and now hip-hop. The ideal landscape for myths is Kashmir as a combination of mountains and lake landscapes. It is currently impossible to shoot there, which is why the film teams like to move to the German or Swiss Alps. In the classic depictions of Krishna&#039;s love, the intimate relationship between the couple is illustrated by the ritual love game &quot;leela&quot;. These playful variants replace realistic depictions of love. Couples used to not kiss in Bollywood films, but it has now become a trend. Bollywood has been becoming more and more modern in recent years.<\/p>\n<h2>New topics are discovered<\/h2>\n<p>In terms of content, the film industry has meanwhile broken away from pure portrayals of gods. The most important pioneer for this was probably the film &quot;Kismet&quot; from 1943. The heroine is the daughter of an impoverished theater owner who falls in love with a pickpocket. A strong motive of the stories arises here, which is decisive to this day - love with all its confusions. A few years later, in 1950, Meebob Khan directed the masterpiece \u201cMother India\u201d, which was the first Indian film to receive an Oscar nomination. In this epic another motive of the Bollywood films crystallizes out - the love for home and the strength of the family. Over the decades, other topics came up: In the sixties it was about the unity of the country (the separation from Pakistan was complete). In the eighties there were many films in which the role of women changed. Instead of being exclusively wives and mothers, more and more professional and educated young women appeared on the screen. This was probably also due to the structural change in the audience, because Indian emigrants abroad were increasingly being opened up as audiences and wanted to find themselves in the films. This trend continued to grow and the stories \u201cwesternized\u201d. A good example of this is Aditya Chopra&#039;s first film entitled \u201cDilwale Dulhana le Jayenge\u201d (which, by the way, made superstar Sharukh Khan famous). Thus, the Bollywood films gained an increasingly important role as an element of identity for foreign Indians and the foreign markets became more and more interesting.<\/p>\n<h2>Bollywood is becoming international<\/h2>\n<p>In 2001 Bollywood caught up with the major non-Indian markets and pushed onto the international film market with the big-budget productions \u201cLagaan\u201d and \u201cAshoka\u201d (the latter premiered abroad for the first time). The success confirmed the investment, with the historical films the distribution channels were opened. In the meantime there are even considerations to limit the dance numbers and shorten the films for the international market. Now the superstars and big films are no longer unknown in Germany either. There has been a real trend around Bollywood - it is not for nothing that the TV station \u201cZee one\u201d was established in Germany.<\/p>","protected":false},"excerpt":{"rendered":"<p>Was ist Bollywood eigentlich? Um dieser Frage auf den Grund zu gehen haben wir hier einige Bollywood Infos zusammengestellt. Schon sehr fr\u00fch kam der Film nach Indien, anfangs nur auf Besuch. 1896 wurde erstmals ein Stummfilm der Gebr\u00fcder Lumi\u00e9re in einem Hotel in Bombay gezeigt. 1913 wurde dann der erste indische Spielfilm\u201c Raja Harishchandra\u201c von\u00a0 Dhundiraj Govid Phalke gedreht. Schon damals waren die Inhalte indische Epen, was lange so blieb. So entwickelt sich eine eigene Filmsprache und daraus das Genre Bollywood. Bollywood \u2013 ein indischer Wirtschaftsfaktor Der Name ist hergeleitet aus dem tats\u00e4chlichen Drehort Bombay (dem heutigen Mumbai) und dem gro\u00dfen Vorbild Hollywood. Inzwischen hat die indische Filmproduktion das amerikanische Vorbild \u00fcberholt. J\u00e4hrlich werden in Indien 900 bis 1000 Filme produziert, die weltweit von 3,6 Milliarden Menschen gesehen werden. Die amerikanischen Produktionen erreichen eine Milliarde Menschen weniger. Typisch f\u00fcr Bollywoodfilme Ein untr\u00fcgliches Indiz f\u00fcr eine Bollywoodproduktion sind die starke Emotionalit\u00e4t der Darstellung und das unausweichliche Happy End bzw. der tragische Tod der Darsteller. Der Erfolgsproduzent Chopra fasst es so zusammen \u201eIn einem Film von drei Stunden muss das Paar entweder sterben oder zusammenkommen. Die Zuschauer sollen am Ende weinen oder lachen.\u201c G\u00f6tter im Film Wie so vieles in Indien ist auch der indische Film stark verwurzelt in der indischen Mythologie und der indischen Tanzgeschichte. Die h\u00e4ufigsten Tanzstile der Filmchoreografien stammen aus den Bharatnatyam, Kuchipudi, Kathakali oder Kathak, die mit den Einfl\u00fcssen lateinamerikanischer T\u00e4nze, klassischem Ballett, Flamenco, Musicaltanz und inzwischen Hip-Hop verschmelzen. Die Ideallandschaft f\u00fcr Mythen ist Kashmir als Kombination von [&hellip;]<\/p>","protected":false},"author":1,"featured_media":0,"parent":12489,"menu_order":0,"comment_status":"closed","ping_status":"closed","template":"","meta":{"_exactmetrics_skip_tracking":false,"_exactmetrics_sitenote_active":false,"_exactmetrics_sitenote_note":"","_exactmetrics_sitenote_category":0,"spay_email":"","footnotes":"","_links_to":"","_links_to_target":""},"class_list":["post-6309","page","type-page","status-publish","hentry"],"jetpack_sharing_enabled":true,"jetpack_shortlink":"https:\/\/wp.me\/P8e50O-1DL","_links":{"self":[{"href":"https:\/\/www.pari-productions.com\/en\/wp-json\/wp\/v2\/pages\/6309","targetHints":{"allow":["GET"]}}],"collection":[{"href":"https:\/\/www.pari-productions.com\/en\/wp-json\/wp\/v2\/pages"}],"about":[{"href":"https:\/\/www.pari-productions.com\/en\/wp-json\/wp\/v2\/types\/page"}],"author":[{"embeddable":true,"href":"https:\/\/www.pari-productions.com\/en\/wp-json\/wp\/v2\/users\/1"}],"replies":[{"embeddable":true,"href":"https:\/\/www.pari-productions.com\/en\/wp-json\/wp\/v2\/comments?post=6309"}],"version-history":[{"count":15,"href":"https:\/\/www.pari-productions.com\/en\/wp-json\/wp\/v2\/pages\/6309\/revisions"}],"predecessor-version":[{"id":13385,"href":"https:\/\/www.pari-productions.com\/en\/wp-json\/wp\/v2\/pages\/6309\/revisions\/13385"}],"up":[{"embeddable":true,"href":"https:\/\/www.pari-productions.com\/en\/wp-json\/wp\/v2\/pages\/12489"}],"wp:attachment":[{"href":"https:\/\/www.pari-productions.com\/en\/wp-json\/wp\/v2\/media?parent=6309"}],"curies":[{"name":"wp","href":"https:\/\/api.w.org\/{rel}","templated":true}]}}