{"id":6363,"date":"2016-07-31T20:21:25","date_gmt":"2016-07-31T20:21:25","guid":{"rendered":"http:\/\/pari-productions.com\/?page_id=6363"},"modified":"2017-11-30T23:09:00","modified_gmt":"2017-11-30T23:09:00","slug":"bollywood-fotos","status":"publish","type":"page","link":"https:\/\/www.pari-productions.com\/en\/bollywood-fotos\/","title":{"rendered":"Bollywood photos &amp; more ..."},"content":{"rendered":"<p><strong>Bollywood photos for a first impression<\/strong><\/p>\n<p>Our BollyDance Company performs Bollywood shows for various events and clients. In addition, Pari Productions also offers other dance events. So that you can get a good picture, you will find images on the pages listed. Feel free to browse through the Bollywood photos and let yourself be carried away into the colorful BollyDance world.<\/p>\n<p>Finally, you will find images of Pari Productions and the founder Tatjana Wegner here. She also works as a solo dancer, model, presenter and trainer. Get a complete picture!<\/p>\n<h2>Bollywood photos<\/h2>\n<p>Here you will find a selection of photos of the numerous performances of the BollyDance Company.<br \/>\n<a href=\"http:\/\/www.pari-productions.com\/en\/bollywood-fotos-doof__trashed\/bollywoodfotos\/\" target=\"_self\">to the Bollywood photos<\/a><\/p>\n<h2>Bollywood Movies &amp; Music Videos<\/h2>\n<p>It is particularly exciting to work with film productions. Here is a selection of photos.<br \/>\n<a href=\"http:\/\/www.pari-productions.com\/en\/bollywood-fotos-doof__trashed\/bollywood-filme-musik-videos\/\" target=\"_self\">to the Bollywood Movies &amp; Music Videos<\/a><\/p>\n<h2>Bollywood &amp; Beyond Festival<\/h2>\n<p>Festivals in Bollywood are something very special. These pictures are convincing.<br \/>\n<a href=\"http:\/\/www.pari-productions.com\/en\/bollywood-fotos-doof__trashed\/bollywood-beyond-festival\/\" target=\"_self\">to the Bollywood &amp; Beyond Festival<\/a><\/p>\n<h2>Casting &amp; artist agency<\/h2>\n<p>Pari Productions mediates many artists in the Bollywood area. These photos document our work.<br \/>\n<a href=\"http:\/\/www.pari-productions.com\/en\/bollywood-fotos-doof__trashed\/casting-kunstler-agentur\/\" target=\"_self\">to the casting &amp; artist agency<\/a><\/p>\n<h2>BollyDance Fitness<\/h2>\n<p>Bollywood dance as a fitness concept? That works, you can see it here.<br \/>\n<a href=\"http:\/\/www.pari-productions.com\/en\/bollywood-fotos-doof__trashed\/bollydance-fitness\/\" target=\"_self\">to BollyDance Fitness<\/a><\/p>\n<h2>Ballet &amp; Dance<\/h2>\n<p>Pari Productions proves its versatility in the field of dance with these photos.<br \/>\n<a href=\"http:\/\/www.pari-productions.com\/en\/bollywood-fotos-doof__trashed\/ballett-dance\/\" target=\"_self\">to ballet &amp; dance<\/a><\/p>\n<h2>Wellspirit Coach Pictures<\/h2>\n<p>Wellness is a large part of our offer. You can see it here.<br \/>\n<a href=\"http:\/\/www.pari-productions.com\/en\/bollywood-fotos-doof__trashed\/wellspirit-coach-bilder\/\" target=\"_self\">to the Wellspirit Coach pictures<\/a><\/p>\n<h2>Tatjana Wegner<\/h2>\n<p>Tatjana Wegner is behind Pari Productions. The all-rounder is active in many areas, as these photos show.<br \/>\n<a href=\"http:\/\/www.pari-productions.com\/en\/bollywood-fotos-doof__trashed\/tatjana-wegner\/\" target=\"_self\">to Tatjana Wegner<\/a><\/p>","protected":false},"excerpt":{"rendered":"<p>Bollywood Fotos f\u00fcr den ersten Eindruck Unsere BollyDance Company tritt f\u00fcr unterschiedliche Veranstaltungen und Kunden mit Bollywood Shows auf. Dar\u00fcber hinaus bietet Pari Productions auch andere Tanzevents an. Damit Sie sich ein ein gutes Bild machen k\u00f6nnen, finden Sie auf den aufgelisteten Pages Bildmaterial. St\u00f6bern Sie gerne in\u00a0 den Bollywood Fotos und lassen Sie sich in die farbenfrohe BollyDance-Welt entf\u00fchren. Schlie\u00dflich finden Sie hier Bildmaterial zu Pari Productions und der Gr\u00fcnderin Tatjana Wegner. Sie ist zus\u00e4tzlich als Solot\u00e4nzerin, Model, Presenterin und Trainerin t\u00e4tig. Machen Sie sich ein vollst\u00e4ndiges Bild! Bollywoodfotos Hier finden Sie eine Auswahl an Fotos der zahlreichen Auftritte der BollyDance Company. zu den Bollywoodfotos Bollywood Filme &#038; Musik Videos Besonders spannend ist es mit Filmproduktionen zusammenzuarbeiten. Hier eine Fotoauswahl. zu den Bollywood Filmen &#038; Musik Videos Bollywood &#038; Beyond Festival Festivals im Bereich Bollywood sind etwas ganz Besonderes. Diese Bilder \u00fcberzeugen davon. zum Bollywood &#038; Beyond Festival Casting &#038; K\u00fcnstler-Agentur Pari Productions vermittelt viele K\u00fcnstler im Bollywood-Bereich. Diese Fotos dokumentieren unsere Arbeit. zur Casting &#038; K\u00fcnstler-Agentur BollyDance Fitness Bollywood-Tanz als Fintnesskonzept? Das funktioniert, hier k\u00f6nnen Sie es sehen. zum BollyDance Fitness Ballett &#038; Dance Die Vielseitigkeit im Bereich Tanz stellt Pari Productions mit diesen Fotos unter Beweis. zum Ballett &#038; Dance Wellspirit Coach Bilder Wellness ist ein gro\u00dfer Bereich unseres Angebots. Hier k\u00f6nnen Sie es sehen. zu den Wellspirit Coach Bildern Tatjana Wegner Tatjana Wegner steht hinter Pari Productions. Das Multitalent ist in vielen Bereichen aktiv, wie diese Fotos zeigen. zu Tatjana Wegner<\/p>","protected":false},"author":1,"featured_media":13199,"parent":0,"menu_order":29,"comment_status":"closed","ping_status":"closed","template":"","meta":{"_exactmetrics_skip_tracking":false,"_exactmetrics_sitenote_active":false,"_exactmetrics_sitenote_note":"","_exactmetrics_sitenote_category":0,"spay_email":"","footnotes":"","_links_to":"","_links_to_target":""},"class_list":["post-6363","page","type-page","status-publish","has-post-thumbnail","hentry"],"jetpack_sharing_enabled":true,"jetpack_shortlink":"https:\/\/wp.me\/P8e50O-1ED","_links":{"self":[{"href":"https:\/\/www.pari-productions.com\/en\/wp-json\/wp\/v2\/pages\/6363","targetHints":{"allow":["GET"]}}],"collection":[{"href":"https:\/\/www.pari-productions.com\/en\/wp-json\/wp\/v2\/pages"}],"about":[{"href":"https:\/\/www.pari-productions.com\/en\/wp-json\/wp\/v2\/types\/page"}],"author":[{"embeddable":true,"href":"https:\/\/www.pari-productions.com\/en\/wp-json\/wp\/v2\/users\/1"}],"replies":[{"embeddable":true,"href":"https:\/\/www.pari-productions.com\/en\/wp-json\/wp\/v2\/comments?post=6363"}],"version-history":[{"count":13,"href":"https:\/\/www.pari-productions.com\/en\/wp-json\/wp\/v2\/pages\/6363\/revisions"}],"predecessor-version":[{"id":13219,"href":"https:\/\/www.pari-productions.com\/en\/wp-json\/wp\/v2\/pages\/6363\/revisions\/13219"}],"wp:featuredmedia":[{"embeddable":true,"href":"https:\/\/www.pari-productions.com\/en\/wp-json\/wp\/v2\/media\/13199"}],"wp:attachment":[{"href":"https:\/\/www.pari-productions.com\/en\/wp-json\/wp\/v2\/media?parent=6363"}],"curies":[{"name":"wp","href":"https:\/\/api.w.org\/{rel}","templated":true}]}}