{"id":6393,"date":"2016-07-31T20:34:17","date_gmt":"2016-07-31T20:34:17","guid":{"rendered":"http:\/\/pari-productions.com\/?page_id=6393"},"modified":"2025-11-27T23:48:30","modified_gmt":"2025-11-27T23:48:30","slug":"showauftritte","status":"publish","type":"page","link":"https:\/\/www.pari-productions.com\/en\/referenzen\/showauftritte\/","title":{"rendered":"Show appearances &amp; events by Pari Productions"},"content":{"rendered":"<h2>Referenzen 2025<\/h2>\n<ul>\n<li>LED-Show beim Hoffest im Hof Warder (SE-Kulturtage)<\/li>\n<li><strong data-start=\"263\" data-end=\"316\">Show in Berlin \u2013 gro\u00dfer sri-lankischer Geburtstag<\/strong><\/li>\n<\/ul>\n<h2>Referenzen 2024<\/h2>\n<ul>\n<li>LED-Show f\u00fcr Atishas 30-j\u00e4hriges Jubil\u00e4um<\/li>\n<li>LED-Show beim \u201eNordlicht Festival\u201c mit der Klangsterne Live Band<\/li>\n<li>LED-Show beim \u201eNew Healing Festival\u201c mit der Klangsterne Live Band<\/li>\n<li>Diverse LED Wedding Shows in \u201eRoyal Stage\u201c und \u201eGolden Center\u201c, Hamburg<\/li>\n<li>LED-Show beim Hoffest im Hof Warder<\/li>\n<li>LED-Show beim Hoffest im Hof Warder mit der Klangsterne Live Band<\/li>\n<\/ul>\n<h2>Referenzen 2023<\/h2>\n<p>\u2022 Silvester LED Show im Cadir Restaurant Hamburg<br \/>\n\u2022 Divali LED Show im Golden Event Center<br \/>\n\u2022 Hof Fest Warder: Organisation &amp; Gestaltung, K\u00fcnstler Management, diverse Shows, diverse Workshops und Events \u00fcber 3 Tage<br \/>\n\u2022\u00a0LED Shows f\u00fcr \u201eWonderland Festival\u201c von Waldfrieden Stemwede<br \/>\n\u2022 LED Shooting in Hof Warder<br \/>\n\u2022\u00a0LED Show in Atisha Event Location<br \/>\n\u2022 LED Show bei dem Hof Fest Warder<br \/>\n\u2022\u00a0Diverse LED Wedding Shows in \u201eRoyal Stage\u201c und \u201eGolden Center\u201c in Hamburg<br \/>\n\u2022\u00a0\u00a0Kids Gala f\u00fcr On Stage bei Stage Theater<\/p>\n<p><strong>Fernseh- und Medienauftritte:<\/strong><br \/>\n\u2022\u00a0\u00a0\u201eFernsehgarten\u201c Live Show f\u00fcr ZDF am 4.06.2023<br \/>\n\u2022\u00a0\u00a0NDR Dreh f\u00fcr die Sendung \u201eRote Sofa\u201c<br \/>\n\u2022\u00a0\u00a0NDR Dreh f\u00fcr die Sendung \u201eNordtur\u201c<\/p>\n<h2>Referenzen 2022<\/h2>\n<ul>\n<li>\u00a0LED Show f\u00fcr Silvester &amp; Geburstagsparty in Warder Hof<\/li>\n<li>\u201c Jesus\u201c Shooting in Warder Hof<\/li>\n<li>\u00a0LED Video Shooting in Warder Hof<\/li>\n<li>\u00a0LED &amp; BollyDance Shooting in Warder Hof<\/li>\n<li>\u00a0Musikvideodreh f\u00fcr den S\u00e4nger Jawed\u00a0 \u201e Qade Balaye Doktar \u201e<\/li>\n<li>\u00a0Musikvideodreh f\u00fcr den S\u00e4nger Jawed\u00a0 f\u00fcr \u201c Jamila Fatima \u201e<\/li>\n<li>\u00a0LED Dance Show &amp; RED BollyDance Show im \u201cPoseidon Event Haus\u201c in Seevetal<\/li>\n<li>\u00a0Diverse LED Wedding Shows im \u201cRoyal Stage\u201c, \u201cLe Royal\u201c, \u201cGolden Center\u201c, \u201cElite\u201c, \u201cParty Haus\u201c und \u201cMusik Haus\u201c in Hamburg<\/li>\n<li>\u00a0\u201c Kinder Kinder\u201c-Filmfest im \u201cSchanzen Kino\u201c in Hamburg, Auftritt zum Kinder Bollywood Film \u201e Tr\u00e4ume sind wie wilde Tiger \u201e<\/li>\n<li>\u00a0BollyDance Show mit LED Elementen \u201c Unsichtbar \u201c in Theater L\u00fcbeck<\/li>\n<\/ul>\n<h2>Referenzen 2021<\/h2>\n<ul>\n<li>Er\u00f6ffnung Erotic Art Museum &#8211; LED Dance Show<\/li>\n<li>The 100 Birthday Party in Hof Warder<\/li>\n<li>Hanse Theater: Show in Kooperation mit Claudia Tejeda<\/li>\n<li>Dreamers Lab Online Festival: REBIRTH<br \/>\n<a href=\"http:\/\/tinyurl.com\/dreamerslab-rebirth\">Dreamerslab<\/a> \u00a0 | \u00a0 <a href=\"http:\/\/www.metamorfosize.com\">metamorfosize<\/a> \u00a0 | \u00a0 <a href=\"https:\/\/instagram.com\/metamorfosize\">Instagram<\/a> \u00a0 | \u00a0 <a href=\"https:\/\/www.metamorfosize.com\/past-events\">Past Events<\/a> \u00a0 | \u00a0 <a href=\"https:\/\/www.metamorfosize.com\/event-details\/bollydance-imane-rene\">Event Details<\/a><\/li>\n<li>Dreamers Lab Online Festival: yinyang<br \/>\n<a href=\"https:\/\/tinyurl.com\/theloveinn\">theloveinn<\/a> \u00a0 | \u00a0 <a href=\"https:\/\/tinyurl.com\/dreamerslab-yinyang\">dreamerslab-yinyang<\/a> \u00a0 | \u00a0 <a href=\"https:\/\/www.metamorfosize.com\/show-and-jam\">metamorfosize<\/a><\/li>\n<li>Musik Video Dreh f\u00fcr Mosleh New Mast Song &#8211; &#8222;Jigar Jigar&#8220;<br \/>\n<a href=\"https:\/\/www.youtube.com\/watch?v=oilguTZIk1Q\">Youtube<\/a><\/li>\n<\/ul>\n<h2>Referenzen 2020<\/h2>\n<ul>\n<li>&#8222;Fusion Show&#8220; mit Videodreh f\u00fcr das Siam Center Ban Thai, Thailand<\/li>\n<li>Diverse Hochzeits-Shows im Le Royal, Elite, Musik Haus, Golden Center, Elegance Hamburg<\/li>\n<li>Videodreh f\u00fcr das Musikvideo Antonio Alonso Andrade, K\u00fcnstler: Toni Gambon<\/li>\n<li>Workshops f\u00fcr das Meridian Spa (Alstertal, Eppendorf) sowie im Aspria, Hamburg<\/li>\n<li>Workshop &#8222;Therapeutisches Ballett&#8220; im LoCura Hamburg, PIITH Anna Pohlmann<\/li>\n<li>Tanz-Therapie-Workshops in Koh Phangan, Thailand<\/li>\n<\/ul>\n<h2>References 2019<\/h2>\n<ul>\n<li>Temple shoot with Te Touze, Arambol, Goa<\/li>\n<li>Durga Shooting with Te Touze, Arambol, Goa<\/li>\n<li>Timjan Design Shooting with Emelie Viola Vilde, Pernem, Goa<\/li>\n<li>BollyDance Workshop, Sanctuary Dance Studio, Arambol, Goa<\/li>\n<li>Yoga Dance &amp; Indian Spirit Specials &amp; Workshops for Meridian Spa Alstertal, Eppendorf &amp; Aspria, Hamburg<\/li>\n<li>Organization for Afghan dance workshop with Mandira, Tarantella Tanz Studio, Hamburg<\/li>\n<li>Organization for dance workshop with Bollywood choreographer Harshit Gupta from Dehradun, On Stage Hamburg<\/li>\n<li>Organization for dance workshop with Aneyla &quot;Belly Dance F\u00e4cher&quot;, On Stage Hamburg<\/li>\n<li>BollyDance workshops for bachelorette parties and birthday parties<\/li>\n<li>BollyDance workshops for disabled children, Bugenhagen School Hamburg<\/li>\n<li>2 workshops &quot;Therapeutic Ballet&quot;, LoCura Tanzstudio Hamburg<\/li>\n<li>\u201cDance styles\u201d seminar for PIITH Anna Pohlmann<\/li>\n<\/ul>\n<div class=\"su-spacer\" style=\"height:20px\"><\/div>\n<h2>References 2018<\/h2>\n<ul>\n<li>Underwater shoot with David de Sousa in Goa, India<\/li>\n<li>Photo shoots for Timjan Design in Goa, India<\/li>\n<li>Character dance training in Switzerland<\/li>\n<\/ul>\n<div class=\"su-spacer\" style=\"height:20px\"><\/div>\n<h2>References 2017<\/h2>\n<ul>\n<li>Casting for Indian masseurs for the Organiclifestyle trade fair, Dresden<\/li>\n<li>Photo shoot \u201cDance light painting\u201d, photographed by Karin Brodowsky<\/li>\n<li>Photo shoot \u201cLe Marrakesh\u201d, photographed by Claudia Tejeda and Karin Brodowsky<\/li>\n<li>Ballet workout trainer training, Marina Amiet ballet school, Switzerland<\/li>\n<\/ul>\n<div class=\"su-spacer\" style=\"height:20px\"><\/div>\n<h2>References 2016<\/h2>\n<ul>\n<li>Photoshootings Dance Light Painting with Karin Brodowsky, Hamburg<\/li>\n<li>Photo shoot Timjan Design GOA<\/li>\n<li>Fusion Show, \u201cTribal Gala\u201d, Jungle Dance Caf\u00e9, Arambol \/ Goa<\/li>\n<li>Fusion Show, &quot;Tribal Massala&quot;, Jungle Dance Caf\u00e9, Arambol \/ Goa<\/li>\n<\/ul>\n<div class=\"su-spacer\" style=\"height:20px\"><\/div>\n<h2>References 2015<\/h2>\n<ul>\n<li>Irish Bastards Show, Bremen<\/li>\n<li>Underwater photo shoot with David de Sousa, Goa<\/li>\n<li>Workshop and shows, Tribal Festival, Auditorium Theater, Mumbai<\/li>\n<li>\u201cTribal Gala\u201d, Jungle Dance Caf\u00e9, Arambol \/ Goa<\/li>\n<li>&quot;Tribal Massala&quot;, Jungle Dance Caf\u00e9, Arambol \/ Goa<\/li>\n<\/ul>\n<div class=\"su-spacer\" style=\"height:20px\"><\/div>\n<h2>References 2014<\/h2>\n<ul>\n<li>Appearance with the Irish Bastards at the Tower Festival, Heist \/ \u00dctersen<\/li>\n<li>Show with Rakka&#039;s \u201cBlue Influence\u201d, Arambol \u201cOnce in Nature\u201d with Goan Artist Community<\/li>\n<li>Music video shoot with &quot;Hang Massive&quot; band in Goa, February 2014<\/li>\n<\/ul>\n<div class=\"su-spacer\" style=\"height:20px\"><\/div>\n<h2>References 2013<\/h2>\n<ul>\n<li>Charity Show with Rakka&#039;s &quot;Blue Influence&quot;, in ASH Arambol with Goan Artist Community on March 17th<\/li>\n<\/ul>\n<div class=\"su-spacer\" style=\"height:20px\"><\/div>\n<h2>References 2012<\/h2>\n<ul>\n<li>Music video shoot with the band \u201cDBN\u201d for the agency \u201cMoment\u201d www.dbn-music.com<\/li>\n<li>Trailer shoot for the movie &quot;Kaiserschmarrn&quot; in October 2012<\/li>\n<li>Casting for the movie &quot;Kaiserschmarrn&quot; with Sebastian Deyle<\/li>\n<li>Charity show with &quot;Rakka&quot; s &quot;Bandit Queen&quot;, ASH Arambol with Goan Artist Community on March 15th, 2012<\/li>\n<li>Satsang Comedy &amp; Dance Show with Sissi Perlinger in &quot;Dylans&quot; Goa \/ Arambol on March 12th, 2012<\/li>\n<\/ul>\n<div class=\"su-spacer\" style=\"height:20px\"><\/div>\n<h2>References 2011<\/h2>\n<ul>\n<li>Irish Bastards appearances www.irishbastards.de<\/li>\n<li>Elven performance in Norderstedt for the state horticultural show<\/li>\n<\/ul>\n<div class=\"su-spacer\" style=\"height:20px\"><\/div>\n<h2>References 2010<\/h2>\n<ul>\n<li><a href=\"http:\/\/www.irishbastards.de\" target=\"_blank\" rel=\"noopener\">Irish bastards<\/a> Appearance in Capitol in Hanover, Delmerhorst, Landhaus Walter Hamburg<\/li>\n<\/ul>\n<div class=\"su-spacer\" style=\"height:20px\"><\/div>\n<h2>References 2009<\/h2>\n<ul>\n<li>Shoot for the swimming Olympics commercial<\/li>\n<li>Elven performance in Howacht (Baltic Sea)<\/li>\n<\/ul>\n<div class=\"su-spacer\" style=\"height:20px\"><\/div>\n<h2>References 2008<\/h2>\n<ul>\n<li>Travel show for TUI&#039;s 40th anniversary in Berlin with Stars Unlimited<\/li>\n<\/ul>\n<div class=\"su-spacer\" style=\"height:20px\"><\/div>\n<h2>References 2007<\/h2>\n<ul>\n<li>&quot;Heaven and Earth&quot; ballet break show for the &quot;Night of Churches&quot;<\/li>\n<\/ul>\n<div class=\"su-spacer\" style=\"height:20px\"><\/div>\n<h2>References 2006<\/h2>\n<ul>\n<li>Odissi show for Indian dance at the festival in Harburg with Gudrun M\u00e4rtens<\/li>\n<li>Road show tour for AXA by Agentur Finesse<\/li>\n<li>Seafaring Gala with Bollywood Show for Stars Unlimited<\/li>\n<\/ul>\n<div class=\"su-spacer\" style=\"height:20px\"><\/div>\n<h2>References 2005<\/h2>\n<ul>\n<li>Choreography development &quot;FLUCHT DER KARIBIK&quot; for &quot;Infragranti&quot; dance group (winner of the 2004 Thuringia dance competition)<\/li>\n<li>DOCTORS &#039;CONGRESS in CCH Hamburg with Bollywood and Salsa Show<\/li>\n<li>Sportiva dance show for HEW: Bollywood, salsa, yoga dance, hip hop<\/li>\n<\/ul>\n<div class=\"su-spacer\" style=\"height:20px\"><\/div>\n<h2>References 2004<\/h2>\n<ul>\n<li>Coordination of the casting at the &quot;BAMBI&quot; award for &quot;Loerke Kommunikation&quot;<\/li>\n<li>\u201cIndian Spirit\u201d show with \u201cBlaid Faces\u201d for Stars Unlimited<\/li>\n<li>Shell event for Stars Unlimited Show and henna painting<\/li>\n<\/ul>\n<div class=\"su-spacer\" style=\"height:20px\"><\/div>\n<h2>References 2003<\/h2>\n<ul>\n<li>Choreography for \u201cTUI World Show\u201d - summer catalog presentation for \u201capplaus Entertainment\u201d, tour in Northern Germany<\/li>\n<li>Mongolian Folk Dances for Eleu-Kokk Presentation for Stars Unlimited<\/li>\n<li>Choreography for &quot;WWW&quot; (Wild Wild West) for &quot;applaus Entertainment&quot; in the Erotic Art Museum<\/li>\n<li>Choreographed \/ improvised dance performance in CHILEHAUS for ideas events and &quot;applaus entertainment&quot;<\/li>\n<li>Talkline Event &amp; AOL Event for Stars Unlimited &amp; Delphis Dialog. Show and henna painting<\/li>\n<li>Nursing gala for ISG Insideservice GmbH in the Atlantic Hotel<\/li>\n<\/ul>\n<div class=\"su-spacer\" style=\"height:20px\"><\/div>\n<h2>References 2002<\/h2>\n<ul>\n<li>Mexican dance theater performance at the Altonale<\/li>\n<li>Implementation of the CARMEN-FLAMENTERAS project, an event developed in-house for various customers such as: HAUS &amp; GARTEN, Waldhaus Reinbek,<\/li>\n<li>VIEHHAUSER \/ Dorint Hotel, Hafenclub, HAVANNA Lounge<\/li>\n<li>Modern choreography of the dying swan for On Stage - Musical School<\/li>\n<li>Inauguration of a MERCEDES house with an 8-man scaffolding show choreography<\/li>\n<li>Fire stunt performance on R\u00fcgen for &quot;Dargast&quot;<\/li>\n<\/ul>\n<div class=\"su-spacer\" style=\"height:20px\"><\/div>\n<h2>References 2000<\/h2>\n<ul>\n<li>Zeppelin 100 years of performance for &quot;Show Art&quot; on Lake Constance<\/li>\n<li>Doctors Gala in Bartolom\u00e4us Therme &quot;Silver&quot;<\/li>\n<\/ul>\n<div class=\"su-spacer\" style=\"height:20px\"><\/div>\n<p><strong>References 1992-1999<\/strong><\/p>\n<ul>\n<li>1998 - 2005 dancer for the band &quot;Irish Bastards&quot;<\/li>\n<li>1998 Hanover fair for company Stil. Musical &quot;Grease&quot;<\/li>\n<li>1996 various appearances - choreography by Ralf Jaroschinski<\/li>\n<li>1995 guest performance Ukraine, dance gala, &quot;Dying Swan&quot;<\/li>\n<li>1994 AIDS gala in &quot;Schmidt&#039;s Tivoli&quot; &quot;Broadway and Beyond&quot;<\/li>\n<li>1994 Gala in Frankfurt - choreography by Polyana Buckingham<\/li>\n<li>1992 Press gala in the Parkhotel with Rudi Karel, Bremen Pas de deux &quot;Giselle&quot;<\/li>\n<\/ul>\n<div class=\"su-spacer\" style=\"height:20px\"><\/div>\n<h2>Engagements<\/h2>\n<ul>\n<li>2004\/2006 Hamburg State Opera, &quot;Alcina&quot;. Choreography by Paula Lancley<\/li>\n<li>01\u201306 \/ 2000 Tanzcompany L\u00fcbeck &quot;Medea&quot; (solo)<\/li>\n<li>1995\/1999 Lower Saxony State Opera Hanover, as a ballet dancer with solo<\/li>\n<li>1993\/1994 Hamburg, Neue Flora<\/li>\n<li>&quot;Phantom of the Opera&quot; ballet dancer solo<\/li>\n<li>1991\/1993 Bremen State Theater as a solo (dance group)<\/li>\n<li>1989\/1991 State Opera Kiev as a ballet dancer<\/li>\n<\/ul>\n<div class=\"su-spacer\" style=\"height:20px\"><\/div>\n<h2>Film \/ TV<\/h2>\n<ul>\n<li>2008 \u201cBollywood in Hamburg\u201d - documentary film about Tatjana Wegner for NDR<\/li>\n<li>\u201cKarma\u201d \u2013Bollywood film in Ooty<\/li>\n<li>Shoot the music video for Arash Howeida in Lago Bay<\/li>\n<li>2007 BollyDance at the talent show &quot;Super Talent&quot; with Dieter Bohlen<\/li>\n<li>&quot;Layla&quot; music video with Said<\/li>\n<li>&quot;Aap Kaa Surroor&quot; Bollywood film<\/li>\n<li>2006 &quot;In Love with a Seal II&quot; Stephanie Braun<\/li>\n<li>Shooting for the &quot;J\u00e4germeister&quot; commercial: Special feature<\/li>\n<li>2005 \u201cVier gegen Z\u201d - children&#039;s film<\/li>\n<li>2003 leading actress for Kaifu calendar &quot;Love Spirit&quot;. Sat 1 documentation<\/li>\n<li>\u201cSpontex\u201d fashion shows in Hamburger Hof Sat 1 report, \u201cTod im Park\u201d for ZDF, role M\u00e4rle, with B. Rudnik in the leading role<\/li>\n<li>2001 \u201cJudge Barbara Salesch\u201d - speaking role N. Hladick<\/li>\n<li>2000 leading actress in \u201cQi Gong Dancing\u201d purchase video<\/li>\n<li>&quot;Happy Go Do&quot; - Documentation about Gehart by Peter Greb<\/li>\n<li>1992 solo dancer for the commercial \u201cLila Pause\u201d, Kraft Jacobs Suchard<\/li>\n<\/ul>\n<div class=\"su-spacer\" style=\"height:20px\"><\/div>\n<h2>Fashion show events<\/h2>\n<ul>\n<li>2007 for Paul Mitchell and Robert Gr\u00f6mens at the international &quot;Beauty and Top-Hair&quot; fair in D\u00fcsseldorf<\/li>\n<li>2003 \u201cSpontex\u201d fashion shows in Hamburger Hof with Olivia Jones, Nova Meierhinrich, Mo Asamann<\/li>\n<li>2003 Jak fashion shows with B. Duchow &quot;Oriental Marroko&quot;<\/li>\n<li>2001 fashion show for J.Haarmann<\/li>\n<li>2000 fashion show for &quot;Jean Pascale&quot; and &quot;Camera&quot;<\/li>\n<\/ul>\n<div class=\"su-spacer\" style=\"height:20px\"><\/div>\n<h2>Publications Tatjana Wegner as a photo model<\/h2>\n<ul>\n<li>Underwater shoots with David de Sousa in Goa in 2015 and 2018<\/li>\n<li>Dance light painting with Karin Brodowsky<\/li>\n<li>Timjan Design photo shoots in 2015 and 2018<\/li>\n<li>\u201cBild am Sonntag\u201d BollyDance workout<\/li>\n<li>&quot;ISHQ Magazin&quot; monthly BollyDance workout<\/li>\n<li>&quot;Die Zeit - Campus&quot;. Photo series by Christian G\u00fcssov<\/li>\n<li>Meridian Spa &quot;Bollywood Dance&quot;<\/li>\n<li>&quot;Jump&quot; with &quot;Indian Spirit&quot;<\/li>\n<li>\u201cWoman\u201d ballet workout, photo series<\/li>\n<li>&quot;Love Spirit&quot; Kaifu calendar by Ralf Tooten<\/li>\n<li>&quot;House &amp; Garden&quot; in &quot;Top Magazin&quot;<\/li>\n<li>&quot;Allegra&quot; - musical fashion<\/li>\n<li>Mediamarkt company - advertising photos<\/li>\n<li>Karin Scekessy - for exhibitions, nude art<\/li>\n<li>Janis - advertising photos for &quot;Phantom of the Opera&quot;<\/li>\n<li>Photographer Andrej Sokoljanski - ballet pictures<\/li>\n<li>Thomas B\u00e4hr - dance calendar<\/li>\n<\/ul>","protected":false},"excerpt":{"rendered":"<p>Referenzen 2025 LED-Show beim Hoffest im Hof Warder (SE-Kulturtage) Show in Berlin \u2013 gro\u00dfer sri-lankischer Geburtstag Referenzen 2024 LED-Show f\u00fcr Atishas 30-j\u00e4hriges Jubil\u00e4um LED-Show beim \u201eNordlicht Festival\u201c mit der Klangsterne Live Band LED-Show beim \u201eNew Healing Festival\u201c mit der Klangsterne Live Band Diverse LED Wedding Shows in \u201eRoyal Stage\u201c und \u201eGolden Center\u201c, Hamburg LED-Show beim Hoffest im Hof Warder LED-Show beim Hoffest im Hof Warder mit der Klangsterne Live Band Referenzen 2023 \u2022 Silvester LED Show im Cadir Restaurant Hamburg \u2022 Divali LED Show im Golden Event Center \u2022 Hof Fest Warder: Organisation &amp; Gestaltung, K\u00fcnstler Management, diverse Shows, diverse Workshops und Events \u00fcber 3 Tage \u2022\u00a0LED Shows f\u00fcr \u201eWonderland Festival\u201c von Waldfrieden Stemwede \u2022 LED Shooting in Hof Warder \u2022\u00a0LED Show in Atisha Event Location \u2022 LED Show bei dem Hof Fest Warder \u2022\u00a0Diverse LED Wedding Shows in \u201eRoyal Stage\u201c und \u201eGolden Center\u201c in Hamburg \u2022\u00a0\u00a0Kids Gala f\u00fcr On Stage bei Stage Theater Fernseh- und Medienauftritte: \u2022\u00a0\u00a0\u201eFernsehgarten\u201c Live Show f\u00fcr ZDF am 4.06.2023 \u2022\u00a0\u00a0NDR Dreh f\u00fcr die Sendung \u201eRote Sofa\u201c \u2022\u00a0\u00a0NDR Dreh f\u00fcr die Sendung \u201eNordtur\u201c Referenzen 2022 \u00a0LED Show f\u00fcr Silvester &amp; Geburstagsparty in Warder Hof \u201c Jesus\u201c Shooting in Warder Hof \u00a0LED Video Shooting in Warder Hof \u00a0LED &amp; BollyDance Shooting in Warder Hof \u00a0Musikvideodreh f\u00fcr den S\u00e4nger Jawed\u00a0 \u201e Qade Balaye Doktar \u201e \u00a0Musikvideodreh f\u00fcr den S\u00e4nger Jawed\u00a0 f\u00fcr \u201c Jamila Fatima \u201e \u00a0LED Dance Show &amp; RED BollyDance Show im \u201cPoseidon Event Haus\u201c in Seevetal \u00a0Diverse LED Wedding Shows im \u201cRoyal Stage\u201c, \u201cLe Royal\u201c, \u201cGolden [&hellip;]<\/p>","protected":false},"author":1,"featured_media":12051,"parent":12493,"menu_order":0,"comment_status":"closed","ping_status":"closed","template":"","meta":{"_exactmetrics_skip_tracking":false,"_exactmetrics_sitenote_active":false,"_exactmetrics_sitenote_note":"","_exactmetrics_sitenote_category":0,"spay_email":"","footnotes":"","_links_to":"","_links_to_target":""},"class_list":["post-6393","page","type-page","status-publish","has-post-thumbnail","hentry"],"jetpack_sharing_enabled":true,"jetpack_shortlink":"https:\/\/wp.me\/P8e50O-1F7","_links":{"self":[{"href":"https:\/\/www.pari-productions.com\/en\/wp-json\/wp\/v2\/pages\/6393","targetHints":{"allow":["GET"]}}],"collection":[{"href":"https:\/\/www.pari-productions.com\/en\/wp-json\/wp\/v2\/pages"}],"about":[{"href":"https:\/\/www.pari-productions.com\/en\/wp-json\/wp\/v2\/types\/page"}],"author":[{"embeddable":true,"href":"https:\/\/www.pari-productions.com\/en\/wp-json\/wp\/v2\/users\/1"}],"replies":[{"embeddable":true,"href":"https:\/\/www.pari-productions.com\/en\/wp-json\/wp\/v2\/comments?post=6393"}],"version-history":[{"count":38,"href":"https:\/\/www.pari-productions.com\/en\/wp-json\/wp\/v2\/pages\/6393\/revisions"}],"predecessor-version":[{"id":16368,"href":"https:\/\/www.pari-productions.com\/en\/wp-json\/wp\/v2\/pages\/6393\/revisions\/16368"}],"up":[{"embeddable":true,"href":"https:\/\/www.pari-productions.com\/en\/wp-json\/wp\/v2\/pages\/12493"}],"wp:featuredmedia":[{"embeddable":true,"href":"https:\/\/www.pari-productions.com\/en\/wp-json\/wp\/v2\/media\/12051"}],"wp:attachment":[{"href":"https:\/\/www.pari-productions.com\/en\/wp-json\/wp\/v2\/media?parent=6393"}],"curies":[{"name":"wp","href":"https:\/\/api.w.org\/{rel}","templated":true}]}}