{"id":6395,"date":"2016-07-31T20:34:49","date_gmt":"2016-07-31T20:34:49","guid":{"rendered":"http:\/\/pari-productions.com\/?page_id=6395"},"modified":"2018-08-29T23:09:26","modified_gmt":"2018-08-29T23:09:26","slug":"kontakt","status":"publish","type":"page","link":"https:\/\/www.pari-productions.com\/en\/kontakt\/","title":{"rendered":"Contact Pari Productions"},"content":{"rendered":"<div role=\"form\" class=\"wpcf7\" id=\"wpcf7-f13538-o1\" lang=\"de-DE\" dir=\"ltr\">\n<div class=\"screen-reader-response\"><p role=\"status\" aria-live=\"polite\" aria-atomic=\"true\"><\/p> <ul><\/ul><\/div>\n<form action=\"\/en\/wp-json\/wp\/v2\/pages\/6395#wpcf7-f13538-o1\" method=\"post\" class=\"wpcf7-form init\" novalidate=\"novalidate\" data-status=\"init\" data-trp-original-action=\"\/en\/wp-json\/wp\/v2\/pages\/6395#wpcf7-f13538-o1\">\n<div style=\"display: none;\">\n<input type=\"hidden\" name=\"_wpcf7\" value=\"13538\" \/>\n<input type=\"hidden\" name=\"_wpcf7_version\" value=\"5.5.6\" \/>\n<input type=\"hidden\" name=\"_wpcf7_locale\" value=\"de_DE\" \/>\n<input type=\"hidden\" name=\"_wpcf7_unit_tag\" value=\"wpcf7-f13538-o1\" \/>\n<input type=\"hidden\" name=\"_wpcf7_container_post\" value=\"0\" \/>\n<input type=\"hidden\" name=\"_wpcf7_posted_data_hash\" value=\"\" \/>\n<\/div>\n<p><label> Surname *<br \/>\n    <span class=\"wpcf7-form-control-wrap your-name\"><input type=\"text\" name=\"your-name\" value=\"\" size=\"40\" class=\"wpcf7-form-control wpcf7-text wpcf7-validates-as-required\" aria-required=\"true\" aria-invalid=\"false\" \/><\/span> <\/label><\/p>\n<p><label> Email *<br \/>\n    <span class=\"wpcf7-form-control-wrap your-email\"><input type=\"email\" name=\"your-email\" value=\"\" size=\"40\" class=\"wpcf7-form-control wpcf7-text wpcf7-email wpcf7-validates-as-required wpcf7-validates-as-email\" aria-required=\"true\" aria-invalid=\"false\" \/><\/span> <\/label><\/p>\n<p><label> Selection *<br \/>\n    <span class=\"wpcf7-form-control-wrap Auswahl\"><select name=\"Auswahl\" class=\"wpcf7-form-control wpcf7-select wpcf7-validates-as-required\" aria-required=\"true\" aria-invalid=\"false\"><option value=\"\">---<\/option><option value=\"Ich m\u00f6chte eine Show buchen\">I want to book a show<\/option><option value=\"Ich habe eine Frage zu einem Kurs\">I have a question about a course<\/option><option value=\"Ich m\u00f6chte mich zu einem Kurs anmelden\">I want to register for a course<\/option><option value=\"Ich habe eine Frage zur Ausbildung\">I have a question about training<\/option><option value=\"Ich m\u00f6chte mich zu einer Ausbildung anmelden\">I would like to register for an apprenticeship<\/option><option value=\"Ich habe eine allgemeine Frage\">I have a general question<\/option><\/select><\/span>  <\/label><\/p>\n<p><label> message<br \/>\n    <span class=\"wpcf7-form-control-wrap your-message\"><textarea name=\"your-message\" cols=\"40\" rows=\"10\" class=\"wpcf7-form-control wpcf7-textarea\" aria-invalid=\"false\"><\/textarea><\/span> <\/label><\/p>\n<p><input type=\"submit\" value=\"Send\" class=\"wpcf7-form-control has-spinner wpcf7-submit\" \/><\/p>\n<p style=\"display: none !important;\" class=\"akismet-fields-container\" data-prefix=\"_wpcf7_ak_\"><label>&#916;<textarea name=\"_wpcf7_ak_hp_textarea\" cols=\"45\" rows=\"8\" maxlength=\"100\"><\/textarea><\/label><input type=\"hidden\" id=\"ak_js_1\" name=\"_wpcf7_ak_js\" value=\"200\"\/><script type=\"text\/javascript\">\n\/* <![CDATA[ *\/\ndocument.getElementById( \"ak_js_1\" ).setAttribute( \"value\", ( new Date() ).getTime() );\n\/* ]]> *\/\n<\/script>\n<\/p><div class=\"wpcf7-response-output\" aria-hidden=\"true\"><\/div><input type=\"hidden\" name=\"trp-form-language\" value=\"en\"\/><\/form><\/div>\n<p><a href=\"http:\/\/www.pari-productions.com\/wp-content\/uploads\/2016\/07\/Film-Musik-Videos-Banner.jpg\" class=\"envirabox envirabox\"><img loading=\"lazy\" decoding=\"async\" src=\"http:\/\/www.pari-productions.com\/wp-content\/uploads\/2016\/07\/Film-Musik-Videos-Banner-1024x681.jpg\" alt=\"\" width=\"888\" height=\"591\" class=\"paripic100 alignright size-large wp-image-12043\" srcset=\"https:\/\/www.pari-productions.com\/wp-content\/uploads\/2016\/07\/Film-Musik-Videos-Banner-1024x681.jpg 1024w, https:\/\/www.pari-productions.com\/wp-content\/uploads\/2016\/07\/Film-Musik-Videos-Banner-300x200.jpg 300w, https:\/\/www.pari-productions.com\/wp-content\/uploads\/2016\/07\/Film-Musik-Videos-Banner-768x511.jpg 768w, https:\/\/www.pari-productions.com\/wp-content\/uploads\/2016\/07\/Film-Musik-Videos-Banner.jpg 1200w\" sizes=\"auto, (max-width: 888px) 100vw, 888px\" \/><\/a><\/p>","protected":false},"excerpt":{"rendered":"Name * E-Mail * Auswahl * ---Ich m\u00f6chte eine Show buchenIch habe eine Frage zu einem KursIch m\u00f6chte mich zu einem Kurs anmeldenIch habe eine Frage zur AusbildungIch m\u00f6chte mich zu einer Ausbildung anmeldenIch habe eine allgemeine Frage Nachricht &#916;","protected":false},"author":1,"featured_media":11762,"parent":0,"menu_order":55,"comment_status":"closed","ping_status":"closed","template":"","meta":{"_exactmetrics_skip_tracking":false,"_exactmetrics_sitenote_active":false,"_exactmetrics_sitenote_note":"","_exactmetrics_sitenote_category":0,"spay_email":"","footnotes":"","_links_to":"","_links_to_target":""},"class_list":["post-6395","page","type-page","status-publish","has-post-thumbnail","hentry"],"jetpack_sharing_enabled":true,"jetpack_shortlink":"https:\/\/wp.me\/P8e50O-1F9","_links":{"self":[{"href":"https:\/\/www.pari-productions.com\/en\/wp-json\/wp\/v2\/pages\/6395","targetHints":{"allow":["GET"]}}],"collection":[{"href":"https:\/\/www.pari-productions.com\/en\/wp-json\/wp\/v2\/pages"}],"about":[{"href":"https:\/\/www.pari-productions.com\/en\/wp-json\/wp\/v2\/types\/page"}],"author":[{"embeddable":true,"href":"https:\/\/www.pari-productions.com\/en\/wp-json\/wp\/v2\/users\/1"}],"replies":[{"embeddable":true,"href":"https:\/\/www.pari-productions.com\/en\/wp-json\/wp\/v2\/comments?post=6395"}],"version-history":[{"count":4,"href":"https:\/\/www.pari-productions.com\/en\/wp-json\/wp\/v2\/pages\/6395\/revisions"}],"predecessor-version":[{"id":13539,"href":"https:\/\/www.pari-productions.com\/en\/wp-json\/wp\/v2\/pages\/6395\/revisions\/13539"}],"wp:featuredmedia":[{"embeddable":true,"href":"https:\/\/www.pari-productions.com\/en\/wp-json\/wp\/v2\/media\/11762"}],"wp:attachment":[{"href":"https:\/\/www.pari-productions.com\/en\/wp-json\/wp\/v2\/media?parent=6395"}],"curies":[{"name":"wp","href":"https:\/\/api.w.org\/{rel}","templated":true}]}}