{"id":6427,"date":"2016-07-31T21:12:37","date_gmt":"2016-07-31T21:12:37","guid":{"rendered":"http:\/\/pari-productions.com\/?page_id=6427"},"modified":"2023-04-02T16:20:18","modified_gmt":"2023-04-02T16:20:18","slug":"wellness-training","status":"publish","type":"page","link":"https:\/\/www.pari-productions.com\/en\/wellness-coach\/wellness-training\/","title":{"rendered":"Wellness training"},"content":{"rendered":"<p>Tatjana Wegner works as a dancer, choreographer and wellness coach. Thanks to many additional training courses and trips, she was able to expand her repertoire far beyond classical ballet dance. This background makes it possible to offer the following spectrum as a wellness trainer:<\/p>\n<p>Ballet workout, children&#039;s ballet, contact improv, modern dance, Pilates, universal yoga, Ashtanga yoga, yoga gym, yoga dance, hatha yoga, Qi Gong dance, back exercises, salsa dance, dance therapy, folklore, senior gymnastics<\/p>\n<h2>New wellness concepts are catching on!<\/h2>\n<p>Dar\u00fcber hinaus entwickelte Tatjana Wegner eigene Wellness Trainings, die sie an Trainer und Sportinteressierte weitergibt. Als Personal Coach, in den Studios und in den Workshops bietet sie deshalb zus\u00e4tzlich sowohl folgende sowie eigene Kurse an:<\/p>\n<ul>\n<li>Meditation<\/li>\n<li>Coaching<\/li>\n<li>Tanz Therapie<\/li>\n<li>Therapeutic ballet<\/li>\n<li>Ballet workout<\/li>\n<li>Bolly Fitness, Bhangra Dance, Bolly Hip Hop<\/li>\n<li>Indian Spirit, BollyDance<\/li>\n<li>Yoga dance<\/li>\n<li>4 Elemente Yoga, Therapeutisches Yoga<\/li>\n<li>Yoga<\/li>\n<li>Pilates<\/li>\n<li>Spirit Pilates<\/li>\n<li>Standing Pilates<\/li>\n<li>Qi Gong<\/li>\n<\/ul>\n<div class=\"su-spacer\" style=\"height:20px\"><\/div>\n<h2>Therapeutic ballet<\/h2>\n<p>The technique of classical ballet consists of fixed, structured and ordered forms. Contrary to the more general conventional ideas that result from this, these can lead to physical security, centering and stability, and thus contribute to strengthening self-confidence. In this seminar, basic forms of ballet are taught, creating the basis for your own creative expression with the topics that are contained in these basic forms of ballet. Such as the grounding in the Pli\u00e9, the centering in the Pass\u00e9, the balance in the Arabesque and the height in the jumps. Individual improvisations, partner work, as well as circle dances and sequences of a dance theater based on them are included. For all people with and without previous dance knowledge who want to find a new approach to ballet in this special way.<\/p>\n<h2>Bhangra workout \/ hip hop<\/h2>\n<p>A new mega music trend is just around the corner and heralds another epoch from the modern world of popular music and dance culture!<br \/>\nWe are talking about BANGHRA DANCE, a mixture of romantic Indian music and the rhythmically electrifying grooves and moves of hip hop and black music.<br \/>\nBHANGRA is a folk dance from the Punjab, a region in northern India. Its hallmarks are dynamic, sonorous rhythms; in Europe it was the MC Punjabi hit that brought the West into contact with the typical BHANGRA sound for the first time.<br \/>\nFor the dancers of this dynamic dance style, this mixture of folk dance, hip hop and aerobics means a focus on the shoulder and footwork.<br \/>\nThe shoulders remain in use all the time and are connected with various step combinations.<br \/>\nFrom the point of view of sporty fitness dancing, BHANGRA DANCE is an effective fat burner training in which strength endurance as well as stamina and coordination are promoted. These trend moves are led by Tatjana Wegner, the trendsetter of this dance style.<\/p>\n<div class=\"su-spacer\" style=\"height:20px\"><\/div>\n<h2>Bolly hip<\/h2>\n<p>is the current trend from Tatjana Wegner&#039;s BollyDance Company. BOLLY HIP describes a lively and dynamic workout that is unique in fitness dance movement and focuses on working with the &quot;hip&quot;. It&#039;s a mix of Indian Bollywood dance and Western hip hop.<br \/>\nThe innumerable possibilities of movement of the hip are in fact a science in themselves.<br \/>\nAnyone who has ever experienced the distinctive and graceful hip swings of Bollywood dancers knows about the potential and dimensions of these clearly erotic moves.<br \/>\nBOLLY HIP knows and teaches very different types of hip mobility. There are clear movement patterns and positions with their own names and origins such as \u201cRajastani Hips\u201d or \u201cTumka\u201d or \u201cThe 8\u201d.<br \/>\nThe modern hip hop steps and moves merge with the erotic hip movements from Bollywood dance. The hand gestures from Indian dance support this new style. The training is to very rhythmic music from the genres Bollywood, Bhangra, Oriental with a clear tendency towards crossover, whereby the sounds of different drums are in the foreground.<\/p>\n<p><a href=\"https:\/\/www.pari-productions.com\/wp-content\/uploads\/2016\/07\/Bhangra-Pra\u0308sentation-in-Kaifu-fu\u0308r-Mopo.jpg\" class=\"envirabox envirabox\"><img loading=\"lazy\" decoding=\"async\" class=\"aligncenter wp-image-7198 size-medium\" src=\"https:\/\/www.pari-productions.com\/wp-content\/uploads\/2016\/07\/Bhangra-Pra\u0308sentation-in-Kaifu-fu\u0308r-Mopo-300x239.jpg\" alt=\"bhangra-pra%cc%88sentation-in-kaifu-fu%cc%88r-mopo\" width=\"300\" height=\"239\" srcset=\"https:\/\/www.pari-productions.com\/wp-content\/uploads\/2016\/07\/Bhangra-Pra\u0308sentation-in-Kaifu-fu\u0308r-Mopo-300x239.jpg 300w, https:\/\/www.pari-productions.com\/wp-content\/uploads\/2016\/07\/Bhangra-Pra\u0308sentation-in-Kaifu-fu\u0308r-Mopo-768x612.jpg 768w, https:\/\/www.pari-productions.com\/wp-content\/uploads\/2016\/07\/Bhangra-Pra\u0308sentation-in-Kaifu-fu\u0308r-Mopo-1024x815.jpg 1024w, https:\/\/www.pari-productions.com\/wp-content\/uploads\/2016\/07\/Bhangra-Pra\u0308sentation-in-Kaifu-fu\u0308r-Mopo-1200x956.jpg 1200w\" sizes=\"auto, (max-width: 300px) 100vw, 300px\" \/><\/a><\/p>\n<div class=\"su-spacer\" style=\"height:20px\"><\/div>\n<h2>Ashtanga yoga<\/h2>\n<p>Ashtanga Yoga is a holistic yoga method that combines asanas (body postures) and pranayama (breath control). There are fixed series of movements of dynamic yoga postures that are specifically synchronized with the breath. Many modern yoga schools such as Vinyasa, Flow or Power Yoga were developed out of Ashtanga. It is a holistic method based on the further development of the Hatha techniques by T. Krishnamacharyer, which he taught since 1927. He taught individually designed exercises, to train and thus to advance one&#039;s own development or to alleviate illnesses. Since 1973 this direction has been introduced and taught in the West. Tatjana Wegner is a qualified trainer for Ashtanga Yoga from Vijay Amar from Dharamsala and teaches regularly in Hamburg.<\/p>\n<div class=\"su-spacer\" style=\"height:20px\"><\/div>\n<h2>Universal yoga<\/h2>\n<p>Universal Yoga is ideal for everyone who not only wants to train their body and keep it fit, but also strives for mental stability. Universal yoga consists of classic yoga elements that are connected to one another and does not just pick out a few aspects of yoga, such as numerous different types of yoga that exist today. This combination of different styles and the concentration on the core of yoga creates a holistic wellness training for body and mind. Movement sequences are combined with targeted breathing exercises and conscious laughter and thus serve to reduce stress and lead to better flexibility. The seamless transition of the individual exercises and the non-stop slow movements cause energies to be released and flow in the body. Depression, lack of sheep or a lack of self-esteem are a thing of the past.<\/p>\n<div class=\"su-spacer\" style=\"height:20px\"><\/div>\n<h2>Yoga gym<\/h2>\n<p>Yoga Gym is a form of training for a wide variety of groups (e.g. fitness or yoga beginners) that manages to combine the advantages of several movement philosophies and offers joint and back-friendly wellness training that also integrates the positive mental effects of traditional yoga. These include: Conscious breathing techniques, improved body perception and perception of the environment, expansion of physical and mental performance and increased ability to concentrate.<\/p>\n<h2><strong>Yoga dance<br \/>\n<\/strong><\/h2>\n<p>Yoga dance is ideal for everyone who not only wants to train their body and keep it fit, but who also enjoys dancing movements. Yoga dance consists of classic yoga elements that are connected to one another in flowing movements. This type of wellness training does not consist of individual exercises, but rather represents a flow of exercises. The aim is not to take any breaks during the training. The elements are lined up and always executed as a whole sequence. The many repetitions make it easy to memorize the elements, to automate them and to feel completely into the movement. The seamless transition of the individual exercises and the uninterrupted slow movements ensure that energies are released and can flow in the body.<\/p>\n<p>Participants report that the body becomes more flexible and agile from repetition to repetition and after the lesson the impression arises that the body has become \u201clonger\u201d, \u201cbigger\u201d. In addition, due to the playful and dance-like use of the exercises, the actual exertion is less noticeable. During yoga dance, the whole body is trained. Many exercises are full body exercises. Strength, mobility, flexibility, stability and posture are trained. In particular, the balance is improved, on the one hand through the individual elements themselves, on the other hand through the transitions from one element to the next - this training effect would not be given by individual elements that are exercised separately from one another.<\/p>\n<div class=\"su-spacer\" style=\"height:20px\"><\/div>\n<h2>Pilates<\/h2>\n<p>Pilates is a unique wellness training that emphasizes the correct posture of the body and correct breathing. The two power centers of the human body are strengthened. They are made up of the transverse and deep abdominal muscles and, on the other hand, the middle back and shoulder muscles. Pilates can be used to improve general fitness for people of all ages. It can and should be combined with other sports. It improves performance in all areas, promotes better posture and body awareness.<\/p>\n<p><a href=\"https:\/\/www.pari-productions.com\/wp-content\/uploads\/2016\/07\/408902_307623902605167_110601308974095_983714_25873255_n.jpg\" class=\"envirabox envirabox\"><img loading=\"lazy\" decoding=\"async\" class=\"wp-image-7194 size-medium aligncenter\" src=\"https:\/\/www.pari-productions.com\/wp-content\/uploads\/2016\/07\/408902_307623902605167_110601308974095_983714_25873255_n-208x300.jpg\" alt=\"408902_307623902605167_110601308974095_983714_25873255_n\" width=\"208\" height=\"300\" srcset=\"https:\/\/www.pari-productions.com\/wp-content\/uploads\/2016\/07\/408902_307623902605167_110601308974095_983714_25873255_n-208x300.jpg 208w, https:\/\/www.pari-productions.com\/wp-content\/uploads\/2016\/07\/408902_307623902605167_110601308974095_983714_25873255_n.jpg 666w\" sizes=\"auto, (max-width: 208px) 100vw, 208px\" \/><\/a><\/p>\n<h2>Qi Gong<\/h2>\n<p>This wellness training is an important part of the ancient Chinese medicine. There are around 800 movement sequences. QiGong usually takes place on the spot - standing, lying down and sitting. Through long practice, energy (Qi) should be collected and directed to certain places in the body. The movements are repeated at least 20 times. QiGong exercises are intended to harmonize or strengthen the life energy and thus contribute to balancing the power poles Ying and Yang. Such body work is a useful addition to a holistic dance concept like BollyDance.<\/p>\n<div class=\"su-spacer\" style=\"height:20px\"><\/div>\n<p>&nbsp;<\/p>\n<p><a href=\"\/en\/?page_id=6363\">LINK TO THE PICTURE GALLERY<\/a><\/p>\n<p><a href=\"https:\/\/www.pari-productions.com\/wp-content\/uploads\/2016\/07\/DSC00273-1.jpg\" class=\"envirabox envirabox\"><img loading=\"lazy\" decoding=\"async\" class=\"wp-image-7190 size-medium aligncenter\" src=\"https:\/\/www.pari-productions.com\/wp-content\/uploads\/2016\/07\/DSC00273-1-300x225.jpg\" alt=\"dsc00273\" width=\"300\" height=\"225\" srcset=\"https:\/\/www.pari-productions.com\/wp-content\/uploads\/2016\/07\/DSC00273-1-300x225.jpg 300w, https:\/\/www.pari-productions.com\/wp-content\/uploads\/2016\/07\/DSC00273-1-768x576.jpg 768w, https:\/\/www.pari-productions.com\/wp-content\/uploads\/2016\/07\/DSC00273-1-1024x768.jpg 1024w, https:\/\/www.pari-productions.com\/wp-content\/uploads\/2016\/07\/DSC00273-1-1200x900.jpg 1200w, https:\/\/www.pari-productions.com\/wp-content\/uploads\/2016\/07\/DSC00273-1-600x450.jpg 600w\" sizes=\"auto, (max-width: 300px) 100vw, 300px\" \/><\/a><\/p>","protected":false},"excerpt":{"rendered":"<p>Tatjana Wegner ist als T\u00e4nzerin, Choreografin und Wellness Coach t\u00e4tig. Sie konnte dank vieler Zusatzausbildungen und Reisen ihr Repertoire weit \u00fcber den klassischen Ballettanz hinaus erweitern. Dieser Hintergrund erm\u00f6glicht es folgendes Spektrum als Wellnesstrainer anzubieten: Ballett Workout, Kinder Ballett, \u2028Kontakt Impro, \u2028Modern Tanz, \u2028Pilates, Universal Yoga, Ashtanga Yoga, \u2028Yoga &#8211; Gym, Yoga Dance, \u2028Hatha Yoga ,\u2028Qi Gong- Dance, \u2028R\u00fcckengymnastik, \u2028Salsa Dance, \u2028Tanztherapie, Folklore, Senioren Gymnastik Neue Wellness Konzepte machen Schule! Dar\u00fcber hinaus entwickelte Tatjana Wegner eigene Wellness Trainings, die sie an Trainer und Sportinteressierte weitergibt. Als Personal Coach, in den Studios und in den Workshops bietet sie deshalb zus\u00e4tzlich sowohl folgende sowie eigene Kurse an: Meditation Coaching Tanz Therapie Therapeutisches Ballett Ballett Workout Bolly Fitness, Bhangra Dance,\u2028 Bolly Hip Hop Indian Spirit, BollyDance Yoga Dance 4 Elemente Yoga, Therapeutisches Yoga Yoga Pilates Spirit-Pilates Standing Pilates Qi Gong Therapeutisches Ballett Die Technik des klassischen Balletts besteht aus festgelegten, strukturierten und geordneten Formen. Entgegengesetzt allgemeiner daraus resultierender herk\u00f6mmlicher Vorstellungen, k\u00f6nnen diese zu k\u00f6rperlicher Sicherheit, Zentrierung und Stabilit\u00e4t f\u00fchren, und somit zur St\u00e4rkung des Selbstbewusstseins beitragen. In diesem Seminar werden Grundformen des Balletts vermittelt, womit die Basis geschaffen wird f\u00fcr einen eigenen kreativen Ausdruck mit den Themen, die in diesen Grundformen des Balletts enthalten sind. Wie z.B. die Erdung im Pli\u00e9, die Zentrierung im Pass\u00e9, der Balance im Arabesque und die H\u00f6he in den Spr\u00fcngen. Einbezogen werden Einzelimprovisationen, Partnerarbeit, sowie Kreist\u00e4nze und Sequenzen eines darauf basierenden Tanztheaters. F\u00fcr alle Personen mit und ohne t\u00e4nzerische Vorkenntnisse, die auf diese besondere Weise mit Freude einen [&hellip;]<\/p>","protected":false},"author":1,"featured_media":12057,"parent":12497,"menu_order":0,"comment_status":"closed","ping_status":"closed","template":"","meta":{"_exactmetrics_skip_tracking":false,"_exactmetrics_sitenote_active":false,"_exactmetrics_sitenote_note":"","_exactmetrics_sitenote_category":0,"spay_email":"","footnotes":"","_links_to":"","_links_to_target":""},"class_list":["post-6427","page","type-page","status-publish","has-post-thumbnail","hentry"],"jetpack_sharing_enabled":true,"jetpack_shortlink":"https:\/\/wp.me\/P8e50O-1FF","_links":{"self":[{"href":"https:\/\/www.pari-productions.com\/en\/wp-json\/wp\/v2\/pages\/6427","targetHints":{"allow":["GET"]}}],"collection":[{"href":"https:\/\/www.pari-productions.com\/en\/wp-json\/wp\/v2\/pages"}],"about":[{"href":"https:\/\/www.pari-productions.com\/en\/wp-json\/wp\/v2\/types\/page"}],"author":[{"embeddable":true,"href":"https:\/\/www.pari-productions.com\/en\/wp-json\/wp\/v2\/users\/1"}],"replies":[{"embeddable":true,"href":"https:\/\/www.pari-productions.com\/en\/wp-json\/wp\/v2\/comments?post=6427"}],"version-history":[{"count":24,"href":"https:\/\/www.pari-productions.com\/en\/wp-json\/wp\/v2\/pages\/6427\/revisions"}],"predecessor-version":[{"id":15415,"href":"https:\/\/www.pari-productions.com\/en\/wp-json\/wp\/v2\/pages\/6427\/revisions\/15415"}],"up":[{"embeddable":true,"href":"https:\/\/www.pari-productions.com\/en\/wp-json\/wp\/v2\/pages\/12497"}],"wp:featuredmedia":[{"embeddable":true,"href":"https:\/\/www.pari-productions.com\/en\/wp-json\/wp\/v2\/media\/12057"}],"wp:attachment":[{"href":"https:\/\/www.pari-productions.com\/en\/wp-json\/wp\/v2\/media?parent=6427"}],"curies":[{"name":"wp","href":"https:\/\/api.w.org\/{rel}","templated":true}]}}