{"id":649,"date":"2013-04-18T21:53:31","date_gmt":"2013-04-18T21:53:31","guid":{"rendered":"http:\/\/para.llel.us\/themes\/vellum-wp\/?page_id=649"},"modified":"2021-01-21T23:44:10","modified_gmt":"2021-01-21T23:44:10","slug":"home-page-3","status":"publish","type":"page","link":"https:\/\/www.pari-productions.com\/en\/","title":{"rendered":"Pari Productions &#8211; Ihr Partner f\u00fcr Bollywood in Deutschland"},"content":{"rendered":"<section class=\"vc_section_wrapper\"><div class=\"wpb_row  row-fluid\" ><div class=\"wpb_column vc_column_container vc_col-sm-12\"><div class=\"vc_column-inner\"><div class=\"wpb_wrapper\">\n\t<div class=\"wpb_text_column wpb_content_element\" >\n\t\t<div class=\"wpb_wrapper\">\n\t\t\t<div class=\"su-spacer\" style=\"height:20px\"><\/div><br \/>\n<div id=\"su_carousel_69dcd67ba7b76\" class=\"su-carousel su-carousel-centered su-carousel-pages-no su-carousel-responsive-yes\" style=\"width:100%\" data-autoplay=\"5001\" data-speed=\"601\" data-mousewheel=\"true\" data-items=\"4\" data-scroll=\"1\"><div class=\"su-carousel-slides\"><div class=\"su-carousel-slide\"><a href=\"https:\/\/www.pari-productions.com\/wp-content\/uploads\/2019\/01\/IMG_9011-min.jpg\" title=\"IMG_9011-min\" class=\"envirabox envirabox\"><img decoding=\"async\" src=\"https:\/\/www.pari-productions.com\/wp-content\/uploads\/2019\/01\/IMG_9011-min-132x200.jpg\" alt=\"IMG_9011-min\" \/><\/a><\/div><div class=\"su-carousel-slide\"><a href=\"https:\/\/www.pari-productions.com\/wp-content\/uploads\/2013\/04\/slider-pari-productions-00001.jpg\" title=\"slider-pari-productions-00001\" class=\"envirabox envirabox\"><img decoding=\"async\" src=\"https:\/\/www.pari-productions.com\/wp-content\/uploads\/2013\/04\/slider-pari-productions-00001-132x200.jpg\" alt=\"slider-pari-productions-00001\" \/><\/a><\/div><div class=\"su-carousel-slide\"><a href=\"https:\/\/www.pari-productions.com\/wp-content\/uploads\/2013\/04\/slider-pari-productions-00002.jpg\" title=\"slider-pari-productions-00002\" class=\"envirabox envirabox\"><img decoding=\"async\" src=\"https:\/\/www.pari-productions.com\/wp-content\/uploads\/2013\/04\/slider-pari-productions-00002-132x200.jpg\" alt=\"slider-pari-productions-00002\" \/><\/a><\/div><div class=\"su-carousel-slide\"><a href=\"https:\/\/www.pari-productions.com\/wp-content\/uploads\/2013\/04\/slider-pari-productions-00003.jpg\" title=\"slider-pari-productions-00003\" class=\"envirabox envirabox\"><img decoding=\"async\" src=\"https:\/\/www.pari-productions.com\/wp-content\/uploads\/2013\/04\/slider-pari-productions-00003-132x200.jpg\" alt=\"slider-pari-productions-00003\" \/><\/a><\/div><div class=\"su-carousel-slide\"><a href=\"https:\/\/www.pari-productions.com\/wp-content\/uploads\/2013\/04\/slider-pari-productions-00004.jpg\" title=\"slider-par-productions-00004\" class=\"envirabox envirabox\"><img decoding=\"async\" src=\"https:\/\/www.pari-productions.com\/wp-content\/uploads\/2013\/04\/slider-pari-productions-00004-132x200.jpg\" alt=\"slider-pari-productions-00004\" \/><\/a><\/div><div class=\"su-carousel-slide\"><a href=\"https:\/\/www.pari-productions.com\/wp-content\/uploads\/2013\/04\/slider-pari-productions-00005.jpg\" title=\"slider-pari-productions-00005\" class=\"envirabox envirabox\"><img decoding=\"async\" src=\"https:\/\/www.pari-productions.com\/wp-content\/uploads\/2013\/04\/slider-pari-productions-00005-132x200.jpg\" alt=\"slider-pari-productions-00005\" \/><\/a><\/div><div class=\"su-carousel-slide\"><a href=\"https:\/\/www.pari-productions.com\/wp-content\/uploads\/2013\/04\/slider-pari-productions-00006.jpg\" title=\"slider-pari-productions-00006\" class=\"envirabox envirabox\"><img decoding=\"async\" src=\"https:\/\/www.pari-productions.com\/wp-content\/uploads\/2013\/04\/slider-pari-productions-00006-132x200.jpg\" alt=\"slider-pari-productions-00006\" \/><\/a><\/div><div class=\"su-carousel-slide\"><a href=\"https:\/\/www.pari-productions.com\/wp-content\/uploads\/2013\/04\/slider-pari-productions-00007.jpg\" title=\"slider-pari-productions-00007\" class=\"envirabox envirabox\"><img decoding=\"async\" src=\"https:\/\/www.pari-productions.com\/wp-content\/uploads\/2013\/04\/slider-pari-productions-00007-132x200.jpg\" alt=\"slider-pari-productions-00007\" \/><\/a><\/div><div class=\"su-carousel-slide\"><a href=\"https:\/\/www.pari-productions.com\/wp-content\/uploads\/2013\/04\/slider-pari-productions-00008.jpg\" title=\"slider-pari-productions-00008\" class=\"envirabox envirabox\"><img decoding=\"async\" src=\"https:\/\/www.pari-productions.com\/wp-content\/uploads\/2013\/04\/slider-pari-productions-00008-132x200.jpg\" alt=\"slider-pari-productions-00008\" \/><\/a><\/div><div class=\"su-carousel-slide\"><a href=\"https:\/\/www.pari-productions.com\/wp-content\/uploads\/2013\/04\/slider-pari-productions-00009.jpg\" title=\"slider-pari-productions-00009\" class=\"envirabox envirabox\"><img decoding=\"async\" src=\"https:\/\/www.pari-productions.com\/wp-content\/uploads\/2013\/04\/slider-pari-productions-00009-132x200.jpg\" alt=\"slider-pari-productions-00009\" \/><\/a><\/div><div class=\"su-carousel-slide\"><a href=\"https:\/\/www.pari-productions.com\/wp-content\/uploads\/2013\/04\/slider-pari-productions-00010.jpg\" title=\"slider-par-productions-00010\" class=\"envirabox envirabox\"><img decoding=\"async\" src=\"https:\/\/www.pari-productions.com\/wp-content\/uploads\/2013\/04\/slider-pari-productions-00010-132x200.jpg\" alt=\"slider-pari-productions-00010\" \/><\/a><\/div><div class=\"su-carousel-slide\"><a href=\"https:\/\/www.pari-productions.com\/wp-content\/uploads\/2013\/04\/slider-pari-productions-00011.jpg\" title=\"slider-par-productions-00011\" class=\"envirabox envirabox\"><img decoding=\"async\" src=\"https:\/\/www.pari-productions.com\/wp-content\/uploads\/2013\/04\/slider-pari-productions-00011-132x200.jpg\" alt=\"slider-pari-productions-00011\" \/><\/a><\/div><div class=\"su-carousel-slide\"><a href=\"https:\/\/www.pari-productions.com\/wp-content\/uploads\/2013\/04\/slider-pari-productions-00012.jpg\" title=\"slider-par-productions-00012\" class=\"envirabox envirabox\"><img decoding=\"async\" src=\"https:\/\/www.pari-productions.com\/wp-content\/uploads\/2013\/04\/slider-pari-productions-00012-132x200.jpg\" alt=\"slider-pari-productions-00012\" \/><\/a><\/div><div class=\"su-carousel-slide\"><a href=\"https:\/\/www.pari-productions.com\/wp-content\/uploads\/2013\/04\/slider-pari-productions-00013.jpg\" title=\"slider-par-productions-00013\" class=\"envirabox envirabox\"><img decoding=\"async\" src=\"https:\/\/www.pari-productions.com\/wp-content\/uploads\/2013\/04\/slider-pari-productions-00013-132x200.jpg\" alt=\"slider-pari-productions-00013\" \/><\/a><\/div><div class=\"su-carousel-slide\"><a href=\"https:\/\/www.pari-productions.com\/wp-content\/uploads\/2013\/04\/slider-pari-productions-00014.jpg\" title=\"slider-par-productions-00014\" class=\"envirabox envirabox\"><img decoding=\"async\" src=\"https:\/\/www.pari-productions.com\/wp-content\/uploads\/2013\/04\/slider-pari-productions-00014-132x200.jpg\" alt=\"slider-pari-productions-00014\" \/><\/a><\/div><div class=\"su-carousel-slide\"><a href=\"https:\/\/www.pari-productions.com\/wp-content\/uploads\/2013\/04\/slider-pari-productions-00015.jpg\" title=\"slider-par-productions-00015\" class=\"envirabox envirabox\"><img decoding=\"async\" src=\"https:\/\/www.pari-productions.com\/wp-content\/uploads\/2013\/04\/slider-pari-productions-00015-132x200.jpg\" alt=\"slider-pari-productions-00015\" \/><\/a><\/div><div class=\"su-carousel-slide\"><a href=\"https:\/\/www.pari-productions.com\/wp-content\/uploads\/2013\/04\/slider-pari-productions-00016.jpg\" title=\"slider-par-productions-00016\" class=\"envirabox envirabox\"><img decoding=\"async\" src=\"https:\/\/www.pari-productions.com\/wp-content\/uploads\/2013\/04\/slider-pari-productions-00016-132x200.jpg\" alt=\"slider-pari-productions-00016\" \/><\/a><\/div><div class=\"su-carousel-slide\"><a href=\"https:\/\/www.pari-productions.com\/wp-content\/uploads\/2013\/04\/slider-pari-productions-00017.jpg\" title=\"slider-par-productions-00017\" class=\"envirabox envirabox\"><img decoding=\"async\" src=\"https:\/\/www.pari-productions.com\/wp-content\/uploads\/2013\/04\/slider-pari-productions-00017-132x200.jpg\" alt=\"slider-pari-productions-00017\" \/><\/a><\/div><div class=\"su-carousel-slide\"><a href=\"https:\/\/www.pari-productions.com\/wp-content\/uploads\/2013\/04\/slider-pari-productions-00018.jpg\" title=\"slider-par-productions-00018\" class=\"envirabox envirabox\"><img decoding=\"async\" src=\"https:\/\/www.pari-productions.com\/wp-content\/uploads\/2013\/04\/slider-pari-productions-00018-132x200.jpg\" alt=\"slider-pari-productions-00018\" \/><\/a><\/div><div class=\"su-carousel-slide\"><a href=\"https:\/\/www.pari-productions.com\/wp-content\/uploads\/2013\/04\/slider-pari-productions-00019.jpg\" title=\"slider-par-productions-00019\" class=\"envirabox envirabox\"><img decoding=\"async\" src=\"https:\/\/www.pari-productions.com\/wp-content\/uploads\/2013\/04\/slider-pari-productions-00019-132x200.jpg\" alt=\"slider-pari-productions-00019\" \/><\/a><\/div><\/div><div class=\"su-carousel-nav\"><div class=\"su-carousel-direction\"><span class=\"su-carousel-prev\"><\/span><span class=\"su-carousel-next\"><\/span><\/div><div class=\"su-carousel-pagination\"><\/div><\/div><\/div><br \/>\n<div class=\"su-spacer\" style=\"height:20px\"><\/div>\n<h2>Bollywood in Germany - Pari Productions is your full-service agency!<strong><br \/>\n<\/strong><\/h2>\n<p>Pari Productions is your partner for Bollywood in Germany. This includes:<\/p>\n<p><strong>Bollywood Shows, Bollywood Dance Education - Education and Training,\u00a0<\/strong><br \/>\n<strong>Our Bollywood casting agency, Indian costume rental, personal coaching.\u00a0<\/strong><\/p>\n<h2>Bollywood shows<\/h2>\n<ul>\n<li>... the BollyDance Company is the first and most experienced professional <a href=\"https:\/\/www.pari-productions.com\/en\/bollywood-dance-academie\/die-company\/\">Bollywood Dance Company<\/a> in Europe. We can be found in Hamburg and operate * worldwide *.<\/li>\n<li>... we offer colorful, rousing, dreamlike and tailor-made <a href=\"https:\/\/www.pari-productions.com\/en\/x-menu\/bollywood-videos-alt\/bollydance-company-videos\/\">Bollywood shows<\/a> as a highlight for your events be it for weddings, birthdays, anniversaries, galas, trade fairs, fashion shows, city festivals, bachelor parties, company parties, Christmas parties, New Year&#039;s Eve, Divali, Holi, Nouruz and many others.<\/li>\n<li>... we have the largest Bollywood costume fund in Germany and offer <a href=\"https:\/\/www.pari-productions.com\/en\/casting-agentur\/bollywoodkostueme-im-verleih\/\">Costume rental<\/a><\/li>\n<li>..we work for and provide for the Bollywood film industry <a href=\"https:\/\/www.pari-productions.com\/en\/casting-agentur\/\">Castings<\/a> and training as well <a href=\"https:\/\/www.pari-productions.com\/en\/bollywood-dance-academie\/workshop-specials\/\">Workshops<\/a> and <a href=\"https:\/\/www.pari-productions.com\/en\/termine\/kursplan\/\">Courses<\/a>\u00a0on.<\/li>\n<\/ul>\n<h2>BollyDance Workout DVD<\/h2>\n<p>is a professional introduction to the colorful world of Bollywood dance.<br \/>\nYou can get the DVD in our <a href=\"http:\/\/www.bollydance-workout.de\">online shop<\/a> to order.<\/p>\n<h2>Tatjana Wegner stands for Bollywood in Germany<\/h2>\n<p>is the owner of PariProductions, professional dancer and trainer of many dance styles, fitness and sports concepts.<\/p>\n<h2>Contact<\/h2>\n<p>You can call us on 0176-48688088 or through our\u00a0<a href=\"https:\/\/www.pari-productions.com\/en\/kontakt\/\">contact form<\/a>\u00a0to reach.<\/p>\n\n\t\t<\/div>\n\t<\/div>\n<\/div><\/div><\/div><\/div><\/section>","protected":false},"excerpt":{"rendered":"Bollywood in Deutschland - Pari Productions ist Ihre Full-Service Agentur! Pari Productions ist Ihr Partner f\u00fcr Bollywood in Deutschland. Das umfasst: Bollywood Shows, Bollywood Tanzausbildung -\u00a0 Ausbildung und Training,\u00a0 Unsere Bollywood Casting-Agentur, Verleih indischer Kost\u00fcme, Personal Coaching.\u00a0 Bollywood Shows ...die BollyDance Company ist die erste und erfahrenste professionelle Bollywood Tanz Company in Europa. Wir sind in\u00a0 Hamburg zu finden und *weltweit* t\u00e4tig. ...wir bieten\u00a0 bunte, mitrei\u00dfende, traumhafte und ma\u00dfgeschneidete Bollywood Shows als Highlight f\u00fcr Ihre Events sei es f\u00fcr Hochzeiten, Geburtstage, Jubil\u00e4en, Galas, Messen, Modenschauen, Stadtfeste,\u00a0Junggesellenabschiede, Firmenfeiern, Weihnachtsfeiern, Silvester, Divali, Holi, Nouruz und viele andere. ...wir haben den\u00a0 gr\u00f6ssten Bollywood Kost\u00fcm Fundus Deutschlands und bieten Kost\u00fcm Verleih ..wir sind f\u00fcr die f\u00fcr die Bollywood Filmindustrie t\u00e4tig und bieten Castings und Ausbildungen sowie Workshops und Kurse\u00a0an. BollyDance Workout DVD ist eine professionelle Einf\u00fchrung in die bunte Welt des Bollywood Tanzes. Sie k\u00f6nnen die DVD in unserem Online Shop bestellen. Tatjana Wegner steht f\u00fcr Bollywood in Deutschland ist die Inhaberin von PariProductions, professionelle T\u00e4nzerin und Trainerin von vielen Tanzstilen, Fitness und Sportkonzepten. Kontakt Sie k\u00f6nnen uns telefonisch unter\u00a00176-48688088 oder \u00fcber unser\u00a0Kontaktformular\u00a0erreichen.","protected":false},"author":1,"featured_media":13231,"parent":0,"menu_order":13,"comment_status":"closed","ping_status":"closed","template":"","meta":{"_exactmetrics_skip_tracking":false,"_exactmetrics_sitenote_active":false,"_exactmetrics_sitenote_note":"","_exactmetrics_sitenote_category":0,"spay_email":"","footnotes":"","_links_to":"","_links_to_target":""},"class_list":["post-649","page","type-page","status-publish","has-post-thumbnail","hentry"],"jetpack_sharing_enabled":true,"jetpack_shortlink":"https:\/\/wp.me\/P8e50O-at","_links":{"self":[{"href":"https:\/\/www.pari-productions.com\/en\/wp-json\/wp\/v2\/pages\/649","targetHints":{"allow":["GET"]}}],"collection":[{"href":"https:\/\/www.pari-productions.com\/en\/wp-json\/wp\/v2\/pages"}],"about":[{"href":"https:\/\/www.pari-productions.com\/en\/wp-json\/wp\/v2\/types\/page"}],"author":[{"embeddable":true,"href":"https:\/\/www.pari-productions.com\/en\/wp-json\/wp\/v2\/users\/1"}],"replies":[{"embeddable":true,"href":"https:\/\/www.pari-productions.com\/en\/wp-json\/wp\/v2\/comments?post=649"}],"version-history":[{"count":35,"href":"https:\/\/www.pari-productions.com\/en\/wp-json\/wp\/v2\/pages\/649\/revisions"}],"predecessor-version":[{"id":15042,"href":"https:\/\/www.pari-productions.com\/en\/wp-json\/wp\/v2\/pages\/649\/revisions\/15042"}],"wp:featuredmedia":[{"embeddable":true,"href":"https:\/\/www.pari-productions.com\/en\/wp-json\/wp\/v2\/media\/13231"}],"wp:attachment":[{"href":"https:\/\/www.pari-productions.com\/en\/wp-json\/wp\/v2\/media?parent=649"}],"curies":[{"name":"wp","href":"https:\/\/api.w.org\/{rel}","templated":true}]}}