{"id":89,"date":"2013-04-09T17:24:13","date_gmt":"2013-04-09T17:24:13","guid":{"rendered":"http:\/\/para.llel.us\/themes\/vellum-wp\/?page_id=89"},"modified":"2026-01-06T01:37:28","modified_gmt":"2026-01-06T01:37:28","slug":"casting-in-hamburg","status":"publish","type":"page","link":"https:\/\/www.pari-productions.com\/en\/casting-agentur\/casting-in-hamburg\/","title":{"rendered":"Casting in Hamburg &#8211; Bewerben lohnt sich"},"content":{"rendered":"<p><a href=\"https:\/\/www.pari-productions.com\/wp-content\/uploads\/2013\/04\/Gleich-gehts-los.jpg\" class=\"envirabox envirabox\"><img loading=\"lazy\" decoding=\"async\" class=\"alignright wp-image-6541 size-medium\" src=\"https:\/\/www.pari-productions.com\/wp-content\/uploads\/2013\/04\/Gleich-gehts-los-300x200.jpg\" alt=\"Warten auf das Bollywood Casting in Hamburg\" width=\"300\" height=\"200\" srcset=\"https:\/\/www.pari-productions.com\/wp-content\/uploads\/2013\/04\/Gleich-gehts-los-300x200.jpg 300w, https:\/\/www.pari-productions.com\/wp-content\/uploads\/2013\/04\/Gleich-gehts-los-768x512.jpg 768w, https:\/\/www.pari-productions.com\/wp-content\/uploads\/2013\/04\/Gleich-gehts-los-1024x683.jpg 1024w, https:\/\/www.pari-productions.com\/wp-content\/uploads\/2013\/04\/Gleich-gehts-los-1200x800.jpg 1200w\" sizes=\"auto, (max-width: 300px) 100vw, 300px\" \/><\/a>We are looking for actors and dancers for our casting in Hamburg who are interested in being referred to Indian film and show productions by us.<\/p>\n<p>The condition for inclusion in our casting database is completed or advanced acting or dance training. In addition, applicants should have strong emotional expression and bring a lot of zest for life.<\/p>\n<p>Pari Productions mediates directly with Bollywood productions in Europe and in European stage productions with an Indian focus.<\/p>\n<p>In order to serve this market particularly well, all candidates in our database should have knowledge of Indian culture and Indian dance. Therefore, with the appropriate requirements, additional training to become a Bollywood actor, dancer, trainer or a Bhangra trainer training is possible with us. Successful participation in one of our casting appointments is a prerequisite for inclusion in our casting database.<\/p>\n<p>Our workshops offer the chance to gain further qualifications. The current offers are at <a href=\"https:\/\/www.pari-productions.com\/en\/bollydance-akademie-menu\/bollywood-akademie\/\">Bollywood Academy<\/a> to find. Examples of our casting customers in the Bollywood sector are below <a href=\"https:\/\/www.pari-productions.com\/en\/referenzen-menu\/unsere-castings\/\">References casting <\/a>listed. Just take a look and then apply to Pari Productions, we look forward to seeing you.<\/p>\n<div class=\"su-spacer\" style=\"height:20px\"><\/div>\n<p>The countless stays in Mumbai and the experience with Bollywood film productions have shown that there is a great need for European actors on location. Pari Productions has decided to go directly to India and to offer BollyDance on Goa. That is why we want to hold auditions and special workshops between January and March every year, tailored to the respective film production. An ideal opportunity for anyone interested to take their first steps to Bollywood on Goa and combine a beach holiday with dancing. If the dates are fixed, you will find all the information you need here.<\/p>\n<h2><\/h2>\n<h2>Casting Call 2026<\/h2>\n<h2><img loading=\"lazy\" decoding=\"async\" class=\"alignnone wp-image-16454 size-large\" src=\"https:\/\/www.pari-productions.com\/wp-content\/uploads\/2026\/01\/FUGU-Bolly-Casting-Call-718x1024.png\" alt=\"\" width=\"718\" height=\"1024\" srcset=\"https:\/\/www.pari-productions.com\/wp-content\/uploads\/2026\/01\/FUGU-Bolly-Casting-Call-718x1024.png 718w, https:\/\/www.pari-productions.com\/wp-content\/uploads\/2026\/01\/FUGU-Bolly-Casting-Call-210x300.png 210w, https:\/\/www.pari-productions.com\/wp-content\/uploads\/2026\/01\/FUGU-Bolly-Casting-Call-140x200.png 140w, https:\/\/www.pari-productions.com\/wp-content\/uploads\/2026\/01\/FUGU-Bolly-Casting-Call-768x1096.png 768w, https:\/\/www.pari-productions.com\/wp-content\/uploads\/2026\/01\/FUGU-Bolly-Casting-Call-1077x1536.png 1077w, https:\/\/www.pari-productions.com\/wp-content\/uploads\/2026\/01\/FUGU-Bolly-Casting-Call-8x12.png 8w, https:\/\/www.pari-productions.com\/wp-content\/uploads\/2026\/01\/FUGU-Bolly-Casting-Call-300x428.png 300w, https:\/\/www.pari-productions.com\/wp-content\/uploads\/2026\/01\/FUGU-Bolly-Casting-Call.png 1078w\" sizes=\"auto, (max-width: 718px) 100vw, 718px\" \/><\/h2>\n<h2><\/h2>\n<h2>Gro\u00dfe Castings 2013 fanden im Herbst in Hamburg und Indien statt.<\/h2>\n<p><strong>Casting1<\/strong>: For a film production in Mumbai, we were looking for dancers who looked as European as possible (preferably blond) who would go to India for about six months to shoot. The castings were organized in autumn by Pari-Productions and the Indian partners in Hamburg. The casting, training and deployment in India were accompanied by an ARD team (SR + SWR) for the TV travel report \u201cMeine Traumreise\u201d.<\/p>\n<p><strong>Casting 2<\/strong>: In the summer Pari Productions organized a tour with BollyDance shows through Turkish luxury resorts. Exotic looking dancers were wanted. The choreographies were practiced in Hamburg with Pari Productions.<\/p>\n<p><strong>2018 auditions will take place in Hamburg and India in autumn.<\/strong><\/p>\n<p>Casting: In autumn we are planning a new Bollywood show as a colorful and full-length program for theater and show stages. Together with international acrobatics and dance artists, an exotic show is to be created that reflects the diversity of India. The new show is to be designed in the style of previous productions such as BollyDance Circus, Taj Mahal Show or Maharaja Show. We are still looking for actors, artists and dancers with experience and a weakness for Bollywood or India. We are still expanding our database for Bollywood film and stage productions and you are cordially invited to introduce yourself to us. If you are more interested in the casting agency, apply online now.<\/p>\n<p>&nbsp;<\/p>","protected":false},"excerpt":{"rendered":"<p>Wir suchen Schauspieler und T\u00e4nzer f\u00fcr unser Casting in Hamburg, die Interesse daran haben, von uns an indische Film- und Showproduktionen vermittelt zu werden. Bedingung einer Aufnahme in unsere Casting- Datenbank ist eine abgeschlossene oder fortgeschrittene Schauspiel \u2013 bzw. Tanzausbildung. Zus\u00e4tzlich sollten Bewerber einen starken emotionalen Ausdruck besitzen und viel Lebensfreude mitbringen. Pari Productions vermittelt direkt an Bollywood-Produktionen in Europa und in europ\u00e4ische B\u00fchnenproduktionen mit indischem Themenschwerpunkt. Um diesen Markt besonders gut zu bedienen, sollten alle Kandidaten unserer Datenbank Kenntnisse der indischen Kultur sowie des indischen Tanzes mitbringen. Deshalb ist bei uns mit entsprechenden Vorraussetzungen eine Zusatzausbildung zum Bollywood &#8211; Schauspieler, T\u00e4nzer, Trainer oder eine Bhangra-Trainerfortbildung m\u00f6glich. Eine erfolgreiche Teilnahme an einem unserer Casting-Termine ist Voraussetzung f\u00fcr die Aufnahme in unsere Casting- Datenbank. Die Chance sich weiter zu qualifizieren bieten unsere Workshops. Die aktuellen Angebote sind bei der Bollywood Akademie zu finden. Beispiele unserer Castingkunden im Bereich Bollywood sind unter Referenzen Casting aufgelistet. Einfach reinschauen und dann bei Pari Productions bewerben, wir freuen uns auf Euch. Die unz\u00e4hligen Aufenthalte in Mumbai und die Erfahrungen mit Bollywood Filmproduktionen haben gezeigt, dass ein gro\u00dfer Bedarf an europ\u00e4ischen Darstellern direkt vor Ort\u00a0 besteht. So hat sich Pari Productions entschlossen, direkt in Indien t\u00e4tig zu werden und BollyDance auf Goa anzubieten. Deshalb wollen wir jedes Jahres zwischen Januar und M\u00e4rz Castings sowie spezielle Workshops, direkt auf die jeweiligen Filmproduktion zugeschnitten veranstalten. F\u00fcr alle Interessierten eine ideale M\u00f6glichkeit die ersten Schritte nach Bollywood auf Goa zu wagen und einen Strandurlaub mit Tanz zu kombinieren. Wenn [&hellip;]<\/p>","protected":false},"author":1,"featured_media":12049,"parent":12495,"menu_order":15,"comment_status":"closed","ping_status":"closed","template":"","meta":{"_exactmetrics_skip_tracking":false,"_exactmetrics_sitenote_active":false,"_exactmetrics_sitenote_note":"","_exactmetrics_sitenote_category":0,"spay_email":"","footnotes":"","_links_to":"","_links_to_target":""},"class_list":["post-89","page","type-page","status-publish","has-post-thumbnail","hentry"],"jetpack_sharing_enabled":true,"jetpack_shortlink":"https:\/\/wp.me\/P8e50O-1r","_links":{"self":[{"href":"https:\/\/www.pari-productions.com\/en\/wp-json\/wp\/v2\/pages\/89","targetHints":{"allow":["GET"]}}],"collection":[{"href":"https:\/\/www.pari-productions.com\/en\/wp-json\/wp\/v2\/pages"}],"about":[{"href":"https:\/\/www.pari-productions.com\/en\/wp-json\/wp\/v2\/types\/page"}],"author":[{"embeddable":true,"href":"https:\/\/www.pari-productions.com\/en\/wp-json\/wp\/v2\/users\/1"}],"replies":[{"embeddable":true,"href":"https:\/\/www.pari-productions.com\/en\/wp-json\/wp\/v2\/comments?post=89"}],"version-history":[{"count":20,"href":"https:\/\/www.pari-productions.com\/en\/wp-json\/wp\/v2\/pages\/89\/revisions"}],"predecessor-version":[{"id":16460,"href":"https:\/\/www.pari-productions.com\/en\/wp-json\/wp\/v2\/pages\/89\/revisions\/16460"}],"up":[{"embeddable":true,"href":"https:\/\/www.pari-productions.com\/en\/wp-json\/wp\/v2\/pages\/12495"}],"wp:featuredmedia":[{"embeddable":true,"href":"https:\/\/www.pari-productions.com\/en\/wp-json\/wp\/v2\/media\/12049"}],"wp:attachment":[{"href":"https:\/\/www.pari-productions.com\/en\/wp-json\/wp\/v2\/media?parent=89"}],"curies":[{"name":"wp","href":"https:\/\/api.w.org\/{rel}","templated":true}]}}